{"id":79,"date":"2014-10-27T13:43:03","date_gmt":"2014-10-27T13:43:03","guid":{"rendered":"http:\/\/verkkovaria.fi\/yhteiset\/ruotsi1\/?page_id=79"},"modified":"2016-04-04T09:22:20","modified_gmt":"2016-04-04T09:22:20","slug":"viestit","status":"publish","type":"page","link":"https:\/\/verkkovaria.fi\/yhteiset\/ruotsi1\/viestit\/","title":{"rendered":"Viikko 6 Skriv och l\u00e4s"},"content":{"rendered":"<p><strong>Tee alla olevat teht\u00e4v\u00e4t jakso viimeisen opiskeluviikon aikana. <\/strong><\/p>\n<p><strong>Ohjeistus:<\/strong><\/p>\n<p>1. Avaa word-tiedosto ja kirjoita seuraavat teht\u00e4v\u00e4t sille teht\u00e4v\u00e4numero kerrallaan.<\/p>\n<p>2. Palauta kaikki alla olevan osion teht\u00e4v\u00e4t sovittuun paikkaan, esim.\u00a0<a style=\"color: #333333; text-decoration: underline;\" href=\"https:\/\/fronter.com\/vantaa\/\" target=\"_blank\">Fronteriin<\/a> &#8221;Ruotsia ammattiin netiss\u00e4&#8221; <em>Skriivaa ja lue<\/em>\u00a0-palautuskansioon,\u00a0yhdell\u00e4 word-tiedostolla.<\/p>\n<p>3. Tee\u00a0wikiteht\u00e4v\u00e4 ja liit\u00e4 se<a style=\"color: #333333; text-decoration: underline;\" href=\"http:\/\/ruotsia-ammattiin.wikispaces.com\/\" target=\"_blank\"> wikiin<\/a>.<\/p>\n<p>T\u00e4ll\u00e4 opintojaksolla opit:<\/p>\n<ul>\n<li><strong> k\u00e4ytt\u00f6ohjeita ja ty\u00f6skentelyohjeita\u00a0<\/strong><\/li>\n<li><strong>varoituksia (ja muuta ty\u00f6turvallisuuteen liittyv\u00e4\u00e4)<\/strong><\/li>\n<li><strong> asiakkaita varten tuotettavat tekstej\u00e4<\/strong><\/li>\n<li><strong> tilauslistoja<\/strong><\/li>\n<\/ul>\n<h3>\u00a0<\/h3>\n<h3><strong>Arbetss\u00e4kerhet Ty\u00f6turvallisuus<\/strong><\/h3>\n<p><strong>Teht\u00e4v\u00e4 1: <\/strong>Lue alla olevat varoitukset huolellisesti ja yhdist\u00e4 oikean suomennoksen kanssa.<\/p>\n<ol>\n<li>R\u00f6kning f\u00f6rbjuden!<\/li>\n<li>Varning f\u00f6r hala golv!<\/li>\n<li>Risk f\u00f6r br\u00e4nnskada!<\/li>\n<li>Handskas f\u00f6rsiktigt!<\/li>\n<li>Varning! Maskinerna startar automatiskt.<\/li>\n<li>Akta dig f\u00f6r trasiga elapparater!<\/li>\n<li>Giftiga gaser. Farligt att andas.<\/li>\n<li>Varning f\u00f6r h\u00e4ngande last!<\/li>\n<li>H\u00f6g ljudniv\u00e5 \u2013 anv\u00e4nd h\u00f6rselskydd!<\/li>\n<li>Livsfara!<\/li>\n<li>Tilltr\u00e4de f\u00f6rbjudet!<\/li>\n<li>Anv\u00e4nd skyddshj\u00e4lm.<\/li>\n<\/ol>\n<ul>\n<li>Hengenvaara!<\/li>\n<li>Varoliukasta lattiaa!<\/li>\n<li>Myrkyllisi\u00e4 kaasuja. Vaarallista hengitt\u00e4\u00e4.<\/li>\n<li>K\u00e4yt\u00e4 suojakyp\u00e4r\u00e4\u00e4.<\/li>\n<li>K\u00e4sitelt\u00e4v\u00e4 varoen.<\/li>\n<li>Tupakointi kielletty!<\/li>\n<li>Varo riippuvaa lastia.<\/li>\n<li>P\u00e4\u00e4sy kielletty!<\/li>\n<li>Varoitus! Koneet k\u00e4ynnistyv\u00e4t automaattisesti.<\/li>\n<li>Korkea melutaso \u2013 k\u00e4yt\u00e4 kuulosuojaimia.<\/li>\n<li>Palovammariski!<\/li>\n<li>Varo rikkin\u00e4isi\u00e4 s\u00e4hk\u00f6laitteita<\/li>\n<\/ul>\n<p><strong>Wikiteht\u00e4v\u00e4 2:<\/strong>\u00a0Ota\u00a0kuva ja kirjoita puhekupla,\u00a0jossa keksit kaksi\u00a0varoitusta ty\u00f6paikalle. Voit my\u00f6s piirt\u00e4\u00e4 kuvan ja kirjoittaa puhekuplan. Ota kuva t\u00e4st\u00e4 tuotoksesta ja liit\u00e4 wikiin. Voit ottaa kuvan turvallisuustarvikkeesta, itsest\u00e4si tai toveristasi\/vaaranpaikasta ja keksi\u00e4 siihen puhekuplan ruotsiksi. esim<em>. <strong>Kiinnit\u00e4 kuorma huolellisesti. K\u00e4yt\u00e4 turvakenki\u00e4. K\u00e4yt\u00e4 kyp\u00e4r\u00e4\u00e4. \u00c4l\u00e4 polta ty\u00f6paikalla.\u00a0<\/strong><\/em>jne.<\/p>\n<p>Liit\u00e4 kuvasi ja varoituksesi <a style=\"color: #333333; text-decoration: underline;\" href=\"http:\/\/ruotsia-ammattiin.wikispaces.com\/Skriivaa+ja+lue+Wikiteht%C3%A4v%C3%A4+2\" target=\"_blank\">wikiin<\/a>. Voit vaihtoehtoisesti ottaa kuvan valmiista ruotsinkielisest\u00e4 varoitustekstist\u00e4, jos n\u00e4et sellaisen.<\/p>\n<p><strong>Teht\u00e4v\u00e4 3:<\/strong> <a style=\"color: #333333; text-decoration: underline;\" href=\"http:\/\/www.digitalasparet.se\/safir\/\" target=\"_blank\">Safir<\/a> on eu:n rahoittama sivu ruotsia opiskeleville maahan muuttaneille. Tee Safirin sivuilta luetun <a style=\"color: #333333; text-decoration: underline;\" href=\"http:\/\/www.digitalasparet.se\/safir\/m06\/a7\/o01.htm\" target=\"_blank\">ymm\u00e4rt\u00e4misteht\u00e4v\u00e4<\/a> liikenneturvallisuudesta ruotsissa.<\/p>\n<p><strong>Wikiteht\u00e4v\u00e4 4<\/strong>: Tutki ty\u00f6kaluluetteloa Bilteman <a style=\"color: #333333; text-decoration: underline;\" href=\"http:\/\/www.biltema.se\/sv\/Verktyg\/\" target=\"_blank\">sivuilta<\/a>. Ker\u00e4\u00e4 itsellesi sanastoa kirjoittamalla\u00a012 ty\u00f6kalua (verktyg), jotka ehdottomasti tarvitsisit omaan ty\u00f6kalupakkiisi (verktygsl\u00e5da) kotona tai t\u00f6iss\u00e4 autokorjaamolla\/hallissa\/autossa. Kirjoita sanat suomeksi ja ruotsiksi. Liit\u00e4 pakkisi <a style=\"color: #333333; text-decoration: underline;\" href=\"http:\/\/ruotsia-ammattiin.wikispaces.com\/Auton+asentajan+ty%C3%B6kalut\" target=\"_blank\">wikiin<\/a>.<\/p>\n<p><strong>Teht\u00e4v\u00e4 5:<\/strong> Harjoittele ty\u00f6kalusanastoa Svenskanu:n <a style=\"color: #333333; text-decoration: underline;\" href=\"http:\/\/old.svenskanu.fi\/material\/bilverkstad\/\" target=\"_blank\">sivuilla<\/a>. Tee steg 1.<\/p>\n<ol>\n<li>Tee steg 1 ainakin kolme kertaa, jotta varmasti hallitset ty\u00f6kalut.<\/li>\n<\/ol>\n<p>\u00a0<\/p>\n<p><strong>Teht\u00e4v\u00e4 6: Tutustu Volvon <a style=\"color: #333333; text-decoration: underline;\" href=\"http:\/\/www.skruvat.se\/digitalgoods\/Exempel%20Reparationshandbok.pdf\" target=\"_blank\">manuaaliin<\/a>. <\/strong>Tutki nelj\u00e4\u00e4 <strong>itse<\/strong> valitsemaasi kuvaa ja kirjoita omin sanoin suomeksi, mit\u00e4 kuvassa tapahtuu ja mit\u00e4 korjaajan t\u00e4ytyy kuvan mukaisesti tehd\u00e4. Liit\u00e4 kuvakaappaus ottamastasi kuvasta fronteriin tai merkitse numeroin, mist\u00e4 kuvasta kirjoitat.<\/p>\n<p>omassa ty\u00f6ss\u00e4 k\u00e4ytett\u00e4v\u00e4t tekstit: k\u00e4ytt\u00f6ohjeet, ty\u00f6skentelyohjeet, varoitukset (ja muu ty\u00f6turvallisuus), asiakkaita varten tuotettavat tekstit, tilauslistat<\/p>\n","protected":false},"excerpt":{"rendered":"<p>Tee alla olevat teht\u00e4v\u00e4t jakso viimeisen opiskeluviikon aikana. Ohjeistus: 1. Avaa word-tiedosto ja kirjoita seuraavat teht\u00e4v\u00e4t sille teht\u00e4v\u00e4numero kerrallaan. 2. Palauta kaikki alla olevan osion teht\u00e4v\u00e4t sovittuun paikkaan, esim.\u00a0Fronteriin &#8221;Ruotsia ammattiin netiss\u00e4&#8221; Skriivaa ja lue\u00a0-palautuskansioon,\u00a0yhdell\u00e4 word-tiedostolla. 3. Tee\u00a0wikiteht\u00e4v\u00e4 ja liit\u00e4 se wikiin. T\u00e4ll\u00e4 opintojaksolla opit: k\u00e4ytt\u00f6ohjeita ja ty\u00f6skentelyohjeita\u00a0 varoituksia (ja muuta ty\u00f6turvallisuuteen liittyv\u00e4\u00e4) asiakkaita varten &hellip; <a href=\"https:\/\/verkkovaria.fi\/yhteiset\/ruotsi1\/viestit\/\">Continued<\/a><\/p>\n","protected":false},"author":2,"featured_media":0,"parent":0,"menu_order":0,"comment_status":"closed","ping_status":"closed","template":"","meta":{"footnotes":"","_links_to":"","_links_to_target":""},"class_list":["post-79","page","type-page","status-publish","hentry"],"_links":{"self":[{"href":"https:\/\/verkkovaria.fi\/yhteiset\/ruotsi1\/wp-json\/wp\/v2\/pages\/79","targetHints":{"allow":["GET"]}}],"collection":[{"href":"https:\/\/verkkovaria.fi\/yhteiset\/ruotsi1\/wp-json\/wp\/v2\/pages"}],"about":[{"href":"https:\/\/verkkovaria.fi\/yhteiset\/ruotsi1\/wp-json\/wp\/v2\/types\/page"}],"author":[{"embeddable":true,"href":"https:\/\/verkkovaria.fi\/yhteiset\/ruotsi1\/wp-json\/wp\/v2\/users\/2"}],"replies":[{"embeddable":true,"href":"https:\/\/verkkovaria.fi\/yhteiset\/ruotsi1\/wp-json\/wp\/v2\/comments?post=79"}],"version-history":[{"count":40,"href":"https:\/\/verkkovaria.fi\/yhteiset\/ruotsi1\/wp-json\/wp\/v2\/pages\/79\/revisions"}],"predecessor-version":[{"id":841,"href":"https:\/\/verkkovaria.fi\/yhteiset\/ruotsi1\/wp-json\/wp\/v2\/pages\/79\/revisions\/841"}],"wp:attachment":[{"href":"https:\/\/verkkovaria.fi\/yhteiset\/ruotsi1\/wp-json\/wp\/v2\/media?parent=79"}],"curies":[{"name":"wp","href":"https:\/\/api.w.org\/{rel}","templated":true}]}}