{"id":76,"date":"2014-10-27T13:41:15","date_gmt":"2014-10-27T13:41:15","guid":{"rendered":"http:\/\/verkkovaria.fi\/yhteiset\/ruotsi1\/?page_id=76"},"modified":"2016-07-05T11:19:26","modified_gmt":"2016-07-05T11:19:26","slug":"duuni","status":"publish","type":"page","link":"https:\/\/verkkovaria.fi\/yhteiset\/ruotsi1\/duuni\/","title":{"rendered":"Viikot 4 ja 5 Jobb"},"content":{"rendered":"<p><strong>Tee alla olevat teht\u00e4v\u00e4t viikkojen 4 ja 5 aikana. Ty\u00f6aikaa siis kaksi viikkoa.<\/strong><\/p>\n<p><strong>Ohjeistus:<\/strong><\/p>\n<p>1. Avaa word-tiedosto ja kirjoita seuraavat teht\u00e4v\u00e4t sille teht\u00e4v\u00e4numero kerrallaan.<\/p>\n<p>2. Palauta kaikki alla olevan osion teht\u00e4v\u00e4t sovittuun paikkaan, esim. <a style=\"color: #333333; text-decoration: underline;\" href=\"https:\/\/fronter.com\/vantaa\/\" target=\"_blank\">Fronteriin<\/a> &#8221;Ruotsia ammattiin netiss\u00e4&#8221; <em>Duuni<\/em>-palautuskansioon,\u00a0yhdell\u00e4 word-tiedostolla.<\/p>\n<p>3. Tee lis\u00e4ksi wikiteht\u00e4v\u00e4 ja liit\u00e4 se<a style=\"color: #333333; text-decoration: underline;\" href=\"http:\/\/ruotsia-ammattiin.wikispaces.com\/\" target=\"_blank\"> wikiin<\/a>.<\/p>\n<ol>\n<li><strong>T\u00e4ll\u00e4 opintojaksolla osaat kertoa opiskeluistasi<\/strong><\/li>\n<li><strong>Osaat kertoa ty\u00f6v\u00e4lineist\u00e4 ja materiaaleista<\/strong><\/li>\n<li><strong>T\u00e4ll\u00e4 opintojaksolla opit kertomaan ty\u00f6teht\u00e4vist\u00e4si ja ty\u00f6ymp\u00e4rist\u00f6ist\u00e4si<br \/>\n<\/strong><\/li>\n<li><strong>Tunnet ty\u00f6turvallisuuteen viittaavaa sanastoa<br \/>\n<\/strong><\/li>\n<li><strong>Opit ty\u00f6nhakuun liittyv\u00e4\u00e4 sanastoa<\/strong><\/li>\n<li><strong>Opit asiakaspalveluun liittyvi\u00e4 fraaseja<\/strong><\/li>\n<\/ol>\n<p>&nbsp;<\/p>\n<h3 style=\"text-align: left;\"><strong>Skola \/Duuni Arbete<\/strong><\/h3>\n<h3 style=\"text-align: left;\"><strong>Utbildning<\/strong> koulutus<\/h3>\n<p><strong>Hyvi\u00e4 fraaseja:<\/strong><\/p>\n<p><strong>Jag studerar= Min\u00e4 opiskelen.<\/strong><\/p>\n<p><strong>Jag studerar i bil branschen. = Opiskelen auto-alalla.<\/strong><\/p>\n<p><strong>Jag ska bli m\u00e5lare. = Minusta tulee maalari.<\/strong><\/p>\n<p><strong>Jag \u00e4r studerande = Min\u00e4 olen opiskelija.<\/strong><\/p>\n<figure id=\"attachment_156\" aria-describedby=\"caption-attachment-156\" style=\"width: 425px\" class=\"wp-caption alignleft\"><a href=\"http:\/\/verkkovaria.fi\/yhteiset\/ruotsi1\/wp-content\/uploads\/2014\/10\/alat.png\"><img loading=\"lazy\" decoding=\"async\" src=\"http:\/\/verkkovaria.fi\/yhteiset\/ruotsi1\/wp-content\/uploads\/2014\/10\/alat-300x276.png\" alt=\"alat\" width=\"425\" height=\"391\" \/><\/a><figcaption id=\"caption-attachment-156\" class=\"wp-caption-text\">Kuva 1. Utbildning=koulutus<\/figcaption><\/figure>\n<p><strong>Teht\u00e4v\u00e4 1: <\/strong>Yll\u00e4 olevassa kuvassa numero 1 n\u00e4et Varian eri ammattialoja ja koulutukseen liittyvi\u00e4 sanoja.\u00a0<strong>Tee sanoista 8\u00a0sanan ruotsi-suomi sanalista. <\/strong>Valitse etenkin sanoja, jotka liittyv\u00e4t sinun el\u00e4m\u00e4\u00e4si, esim. opiskelija=studerande, autonasentaja, logistiikka jne.<strong><br \/>\n<\/strong><\/p>\n<p><strong>Teht\u00e4v\u00e4 2: Kuinka sanot\u00a0seuraavat opiskeluusi liittyv\u00e4t asiat ruotsiksi?<\/strong><\/p>\n<ol>\n<li>Olen opiskelija.<\/li>\n<li>Opiskelen Vantaan ammattiopistossa.<\/li>\n<li>Opiskelen autotekniikkaa\/logistiikkaa ja minusta tulee autonasentaja\/ kuorma-auton kuljettaja\/&#8230;.<\/li>\n<li>Opiskelen (mill\u00e4?) alalla (bransch).<\/li>\n<li>Valmistun kahden vuoden kuluttua.<\/li>\n<li>Mik\u00e4 sinusta tulee? <strong>Vad&#8230;<\/strong><\/li>\n<li>Puhun ja ymm\u00e4rr\u00e4n ruotsia.<\/li>\n<li>Minulla on ty\u00f6harjoittelu kouluaikana.<\/li>\n<li>Tykk\u00e4\u00e4n opiskella t\u00e4\u00e4ll\u00e4.<\/li>\n<li>Pid\u00e4n ammattiaineista.<\/li>\n<li>Olen kotoisin Suomesta(\/mist\u00e4?).<\/li>\n<li>Minulla on paljon kavereita.<\/li>\n<li>Nyt asun Vantaalla\/Helsingiss\u00e4\/miss\u00e4?<\/li>\n<\/ol>\n<p><strong> (<\/strong>K\u00e4yt\u00e4 apunasi kuvaa numero 1 ja sen sanastoa.)<\/p>\n<p><strong>Teht\u00e4v\u00e4 3:<\/strong> Testaa <a style=\"color: #333333; text-decoration: underline;\" href=\"http:\/\/www.yle.fi\/moodle\/yle\/attempt.php?q=3108\" target=\"_blank\">ylen-sivuilla<\/a> osaamisesi. Valitse oikea vaihtoehto.<\/p>\n<p>&nbsp;<\/p>\n<h3 style=\"text-align: left;\"><b style=\"color: #000000; font-family: inherit; font-style: inherit;\">Jobb Duuni<\/b><\/h3>\n<h3 style=\"text-align: left;\"><b>Bilen Auto<\/b><\/h3>\n<p>&nbsp;<\/p>\n<p><strong>HUOM! Valitse alla olevasta teht\u00e4v\u00e4st\u00e4 4 oman ammattialasi mukaan oikea teht\u00e4v\u00e4.<\/strong><\/p>\n<p>&nbsp;<\/p>\n<p><b>Teht\u00e4v\u00e4 4:\u00a0<\/b>(autonasentaja ja logistiikka): Luettele alla olevissa kuvissa (2-4) n\u00e4kyvi\u00e4 auton osia ja ker\u00e4\u00e4 ainakin <strong>15 sanan ruotsi-suomi<\/strong>\u00a0sanalista auton osista, esim. <strong>ratti, py\u00f6r\u00e4t, kytkin, kaasu, jarru<\/strong>, jne..<\/p>\n<p>Puuttuiko jotain kuvasta? Lis\u00e4\u00e4 siis my\u00f6s sellaisia sanoja, joista olisi mielest\u00e4si pit\u00e4nyt olla kuva.<\/p>\n<figure style=\"width: 320px\" class=\"wp-caption alignnone\"><a href=\"http:\/\/1.bp.blogspot.com\/-DIrAiJ_rsNQ\/VH7_f1HzzVI\/AAAAAAAAARw\/7HkHO8CDq80\/s1600\/2013-05-10%2B11.55.44.jpg\"><img loading=\"lazy\" decoding=\"async\" src=\"https:\/\/images-blogger-opensocial.googleusercontent.com\/gadgets\/proxy?url=http%3A%2F%2F1.bp.blogspot.com%2F-DIrAiJ_rsNQ%2FVH7_f1HzzVI%2FAAAAAAAAARw%2F7HkHO8CDq80%2Fs1600%2F2013-05-10%252B11.55.44.jpg&amp;container=blogger&amp;gadget=a&amp;rewriteMime=image%2F*\" alt=\"\" width=\"320\" height=\"240\" border=\"0\" data-orig-src=\"http:\/\/1.bp.blogspot.com\/-DIrAiJ_rsNQ\/VH7_f1HzzVI\/AAAAAAAAARw\/7HkHO8CDq80\/s1600\/2013-05-10%2B11.55.44.jpg\" \/><\/a><figcaption class=\"wp-caption-text\">Kuva 2. Bildelar<\/figcaption><\/figure>\n<figure id=\"attachment_272\" aria-describedby=\"caption-attachment-272\" style=\"width: 319px\" class=\"wp-caption alignnone\"><a href=\"http:\/\/verkkovaria.fi\/yhteiset\/ruotsi1\/wp-content\/uploads\/2014\/10\/2013-05-10-11.55.231.jpg\"><img loading=\"lazy\" decoding=\"async\" src=\"http:\/\/verkkovaria.fi\/yhteiset\/ruotsi1\/wp-content\/uploads\/2014\/10\/2013-05-10-11.55.231-300x225.jpg\" alt=\"2013-05-10 11.55.23\" width=\"319\" height=\"239\" \/><\/a><figcaption id=\"caption-attachment-272\" class=\"wp-caption-text\">Kuva 3. Bildelar<\/figcaption><\/figure>\n<figure id=\"attachment_277\" aria-describedby=\"caption-attachment-277\" style=\"width: 225px\" class=\"wp-caption alignnone\"><a href=\"http:\/\/verkkovaria.fi\/yhteiset\/ruotsi1\/wp-content\/uploads\/2014\/10\/2013-05-10-11.55.541.jpg\"><img loading=\"lazy\" decoding=\"async\" src=\"http:\/\/verkkovaria.fi\/yhteiset\/ruotsi1\/wp-content\/uploads\/2014\/10\/2013-05-10-11.55.541-225x300.jpg\" alt=\"2013-05-10 11.55.54\" width=\"225\" height=\"300\" \/><\/a><figcaption id=\"caption-attachment-277\" class=\"wp-caption-text\">Kuva 4. Bildelar<\/figcaption><\/figure>\n<p><p><strong>Teht\u00e4v\u00e4 4:<\/strong> (lentokonemekaanikko): Mit\u00e4 lentokoneen osia seuraavassa kuvassa numero 5 n\u00e4kyy. Tee suomi-ruotsi sanalista.<\/p>\n<figure id=\"attachment_546\" aria-describedby=\"caption-attachment-546\" style=\"width: 396px\" class=\"wp-caption alignnone\"><a href=\"http:\/\/verkkovaria.fi\/yhteiset\/ruotsi1\/wp-content\/uploads\/2014\/10\/lentokone.jpg\"><img loading=\"lazy\" decoding=\"async\" src=\"http:\/\/verkkovaria.fi\/yhteiset\/ruotsi1\/wp-content\/uploads\/2014\/10\/lentokone-300x179.jpg\" alt=\"lentokone\" width=\"396\" height=\"236\" \/><\/a><figcaption id=\"caption-attachment-546\" class=\"wp-caption-text\">Kuva 5 Flygplanets delar<\/figcaption><\/figure>\n<p>&nbsp;<\/p>\n<p><strong>Wikiteht\u00e4v\u00e4 5:<\/strong> Tutki ruotsalaisen autojen vaihtosivuston, <a href=\"http:\/\/www.bytbil.com\/\" target=\"_blank\">Bytbil:<\/a>in, myyt\u00e4vi\u00e4 autoja. P\u00e4\u00e4ttele, mit\u00e4 seuraavat sanat ovat ruotsiksi autoilmoitusten perusteella. Tee <strong>suomi-ruotsi<\/strong> sanalista <a style=\"color: #333333; text-decoration: underline;\" href=\"http:\/\/ruotsia-ammattiin.wikispaces.com\/Duuni+-+auton+osat\" target=\"_blank\">wikiin<\/a>.<\/p>\n<p><strong>Etsi ainakin n\u00e4m\u00e4 sanat:<\/strong><br \/>\n1. Huoltokirja<br \/>\n2. Yksi omistaja<br \/>\n3. Talvirenkaat<br \/>\n4. Jarrut<br \/>\n5. Kuljettaja<br \/>\n6. S\u00e4hk\u00f6peilit<br \/>\n7. Kauko-ohjattu keskuslukitus<br \/>\n8. Vanteet<br \/>\n9. V\u00e4ri<br \/>\n10. Vakionopeuden s\u00e4\u00e4din.<br \/>\n<strong>11-15. Ker\u00e4\u00e4 lis\u00e4ksi viisi itse valitsemaasi sanaa ja kirjoita suomeksi ja ruotsiksi<\/strong><\/p>\n<p><strong>Teht\u00e4v\u00e4 6<\/strong>: Harjoittele autokoulun teoriakoetta ruotsiksi <a style=\"color: #333333; text-decoration: underline;\" href=\"http:\/\/www.indriving.com\/verkko-opisto\/flash\/\" target=\"_blank\">indriving<\/a>:in sivuilla. Valitse KOKEILE DEMOA, jota voi pelata ilman kirjautumista. Valitse kieleksi ruotsi painamalla ruotsin lipusta ja valitse koetyyppi, jota haluat harjoitella.<\/p>\n<p><strong>Teht\u00e4v\u00e4 7<\/strong>:\u00a0Ruotsinkielisten amisten yhteistuotoksena tuotettuja videomateriaaleja eri ammateista. Hyv\u00e4\u00e4 sanastoa ja suomenruotsalaisten murteiden kirjoa. L\u00f6yd\u00e4tk\u00f6 oman alasi? Kerro muutamalla sanalla valitsemastasi videosta suomeksi (ammatti, ik\u00e4, mit\u00e4 pit\u00e4\u00e4 opiskeluistaan jne.).\u00a0<a style=\"color: #333333; text-decoration: underline;\" href=\"http:\/\/yrken.substans.fi\/videon\/\" target=\"_blank\">Yrken.substans.fi<\/a><\/p>\n<h3 style=\"text-align: left;\"><strong>Asiakaspalvelu Kundtj\u00e4nst<\/strong><\/h3>\n<figure id=\"attachment_463\" aria-describedby=\"caption-attachment-463\" style=\"width: 225px\" class=\"wp-caption alignleft\"><a href=\"http:\/\/verkkovaria.fi\/yhteiset\/ruotsi1\/wp-content\/uploads\/2014\/10\/kaupassa.jpg\"><img loading=\"lazy\" decoding=\"async\" src=\"http:\/\/verkkovaria.fi\/yhteiset\/ruotsi1\/wp-content\/uploads\/2014\/10\/kaupassa-225x300.jpg\" alt=\"kaupassa\" width=\"225\" height=\"300\" \/><\/a><figcaption id=\"caption-attachment-463\" class=\"wp-caption-text\">Kuva 6. Kundtj\u00e4nst<\/figcaption><\/figure>\n<p>&nbsp;<\/p>\n<p><strong>Teht\u00e4v\u00e4 8<\/strong>: Testaa ylen sivulla osaamisesi tekem\u00e4ll\u00e4 asiakaspalveluun liittyv\u00e4 <a style=\"color: #333333; text-decoration: underline;\" href=\"http:\/\/www.yle.fi\/moodle\/yle\/attempt.php?q=4303\" target=\"_blank\">teht\u00e4v\u00e4 1<\/a>. Tarkista itse.<\/p>\n<p><strong>Teht\u00e4v\u00e4 9:<\/strong> Testaa ylen sivulla osaamisesi tekem\u00e4ll\u00e4 asiakaspalveluun liittyv\u00e4 <a style=\"color: #333333; text-decoration: underline;\" href=\"http:\/\/www.yle.fi\/moodle\/yle\/attempt.php?q=4300\" target=\"_blank\">teht\u00e4v\u00e4 2<\/a>. Tarkista itse.<\/p>\n<p>&nbsp;<\/p>\n<p><strong>Huom! Valitse oman ammattialasi perusteella alla olevista teht\u00e4v\u00e4st\u00e4 10 omaa alaasi vastaava teht\u00e4v\u00e4.<\/strong><\/p>\n<p><strong>Teht\u00e4v\u00e4 10:<\/strong> (autonasentaja\/logistiikka):<strong> Tutki ensimm\u00e4iseksi Ready-steady-Go-Aheadin autonkorjaus<a style=\"color: #333333; text-decoration: underline;\" href=\"http:\/\/www.rsgo.eu\/app\/se\/c\/14\/s\/163\" target=\"_blank\">sanastoa<\/a>. <\/strong>Katsele rauhassa kuvia ja ota selv\u00e4\u00e4 kuvien avulla, miten sanotaan ruotsiksi kulunut jarrupala, vaihdelaatikko, asennus, vaihtaminen jne.<\/p>\n<ol>\n<li><strong>T\u00e4m\u00e4n j\u00e4lkeen kuvittele, ett\u00e4 j\u00e4t\u00e4t ruotsinkieliselle\u00a0iso\u00e4idillesi viestin h\u00e4nen vastaajaansa h\u00e4nen omassa autossaan olevasta viasta. <\/strong><\/li>\n<li><strong>Kirjoita\/\u00c4\u00e4nit\u00e4 puhelimella nelj\u00e4ll\u00e4 lauseella viestisi vioittuneesta autosta ja vie fronteriin. <\/strong><\/li>\n<li>Mahdollisia vikoja: kytkin luistaa, pakoputki pit\u00e4\u00e4 \u00e4\u00e4nt\u00e4, valot eiv\u00e4t syty, auto ei k\u00e4ynnisty, miss\u00e4 tilanteissa vika ilmenee (ajossa\/kun jarruttaa) jne. Muista kohteliaisuus ja selkeys sek\u00e4 selke\u00e4 lopetus. &#8221;Hejd\u00e5! Vi ses!&#8221;<\/li>\n<\/ol>\n<p>&nbsp;<\/p>\n<p><strong>Teht\u00e4v\u00e4 10:<\/strong> (lentokonemekaanikko): Kirjoita ty\u00f6nantajallasi viesti, ett\u00e4 huollat huollat lentokonetta. Kirjoita wordiin\/\u00c4\u00e4nit\u00e4 puhelimella ainakin 5 lausetta, jossa mahdollisimman tarkasti kerrot, mit\u00e4 konetta huollat t\u00e4n\u00e4\u00e4n ja mit\u00e4 koneen eri osille tehd\u00e4\u00e4n. Kerro tarkasti, mit\u00e4 lentokoneelle teet k\u00e4ytt\u00e4en sopivia ilmauksia, lentokoneen osia ja ty\u00f6kaluja. Muista sopiva aloitus (Hej!) ja lopetus (Vi ses!).<\/p>\n<p><strong>Pst. Hyvi\u00e4 verbej\u00e4 t\u00e4m\u00e4n teht\u00e4v\u00e4n suorittamiseen l\u00f6yd\u00e4t\u00a0<a style=\"color: #333333; text-decoration: underline;\" href=\"http:\/\/fi.padlet.com\/wall\/uoam9vubyqkw\" target=\"_blank\">Padletista<\/a><\/strong>.<\/p>\n<p>&nbsp;<\/p>\n<h3><strong>Lediga platser Ty\u00f6paikkailmoitukset<\/strong><\/h3>\n<p><strong>Teht\u00e4v\u00e4 11:<\/strong> Kuuntele seuraava suullinen <a style=\"color: #333333; text-decoration: underline;\" href=\"http:\/\/www.voki.com\/pickup.php?scid=11475469&amp;height=267&amp;width=200\" target=\"_blank\">ty\u00f6paikkailmoitus<\/a> ja yrit\u00e4 ymm\u00e4rt\u00e4\u00e4, mit\u00e4 hakija sanoo.<\/p>\n<p>Miss\u00e4 hakija asuu?<\/p>\n<p>Mit\u00e4 ja miss\u00e4 h\u00e4n opiskelee?<\/p>\n<p>Miss\u00e4 h\u00e4n on ollut ty\u00f6harjoittelussa?<\/p>\n<p>Milloin h\u00e4n valmistuu?<\/p>\n<p>Mit\u00e4 kieli\u00e4 h\u00e4n puhuu?<\/p>\n<p>Mit\u00e4 h\u00e4n sanoo ylit\u00f6ist\u00e4?<\/p>\n<p>Onko h\u00e4nell\u00e4 harrastuksia?<\/p>\n<p>&nbsp;<\/p>\n<p><strong>Wikiteht\u00e4v\u00e4 12: <\/strong>Keskustelet ty\u00f6kaverisi kanssa lempiautostasi\/lempilentokoneestasi\/lempirekastasi. Molemmat nokittelevat ja ovat eri mielt\u00e4 parhaasta koneesta.<\/p>\n<p><strong>Tee sarjakuva: <\/strong>Piirr\u00e4 tietokoneella\/piirr\u00e4 itse k\u00e4sin\/ tee <a style=\"color: #333333; text-decoration: underline;\" href=\"https:\/\/play.google.com\/store\/apps\/details?id=com.roundwoodstudios.comicstripit&amp;hl=en\" target=\"_blank\">Comic strip it<\/a> -ohjelmalla kuvat kahdesta henkil\u00f6st\u00e4 paperille ja kirjoita dialogi puhekuplineen kahden ty\u00f6toverin v\u00e4lille. Ota kuva ty\u00f6st\u00e4si ja liit\u00e4 wikiin. Dialogin kulussa olisi hyv\u00e4 olla seuraavia faktoja:<\/p>\n<p>Mik\u00e4 valmistaja (tillverkare)? Mik\u00e4 malli (typ)? Nopeus (Hastighet)? Moottori (motor)? Polttoaine (br\u00e4nsle)? Miksi t\u00e4m\u00e4 on paras (Varf\u00f6r \u00e4r bilen den b\u00e4sta)?<\/p>\n<p>Liit\u00e4 valmis linkki <a style=\"color: #333333; text-decoration: underline;\" href=\"http:\/\/ruotsia-ammattiin.wikispaces.com\/Duuni+-+Wikiteht%C3%A4v%C3%A4+12\" target=\"_blank\">wikiin<\/a>.<\/p>\n<p>asiakaspalvelu, ty\u00f6tovereiden kanssa keskustelut, ohjeiden vastaanottaminen ja antaminen<\/p>\n<p>ty\u00f6v\u00e4lineet, materiaalit, ty\u00f6skentely-ymp\u00e4rist\u00f6t, ty\u00f6teht\u00e4v\u00e4t, ty\u00f6turvallisuus<\/p>\n","protected":false},"excerpt":{"rendered":"<p>Tee alla olevat teht\u00e4v\u00e4t viikkojen 4 ja 5 aikana. Ty\u00f6aikaa siis kaksi viikkoa. Ohjeistus: 1. Avaa word-tiedosto ja kirjoita seuraavat teht\u00e4v\u00e4t sille teht\u00e4v\u00e4numero kerrallaan. 2. Palauta kaikki alla olevan osion teht\u00e4v\u00e4t sovittuun paikkaan, esim. Fronteriin &#8221;Ruotsia ammattiin netiss\u00e4&#8221; Duuni-palautuskansioon,\u00a0yhdell\u00e4 word-tiedostolla. 3. Tee lis\u00e4ksi wikiteht\u00e4v\u00e4 ja liit\u00e4 se wikiin. T\u00e4ll\u00e4 opintojaksolla osaat kertoa opiskeluistasi Osaat kertoa &hellip; <a href=\"https:\/\/verkkovaria.fi\/yhteiset\/ruotsi1\/duuni\/\">Continued<\/a><\/p>\n","protected":false},"author":2,"featured_media":0,"parent":0,"menu_order":0,"comment_status":"closed","ping_status":"closed","template":"","meta":{"footnotes":"","_links_to":"","_links_to_target":""},"class_list":["post-76","page","type-page","status-publish","hentry"],"_links":{"self":[{"href":"https:\/\/verkkovaria.fi\/yhteiset\/ruotsi1\/wp-json\/wp\/v2\/pages\/76","targetHints":{"allow":["GET"]}}],"collection":[{"href":"https:\/\/verkkovaria.fi\/yhteiset\/ruotsi1\/wp-json\/wp\/v2\/pages"}],"about":[{"href":"https:\/\/verkkovaria.fi\/yhteiset\/ruotsi1\/wp-json\/wp\/v2\/types\/page"}],"author":[{"embeddable":true,"href":"https:\/\/verkkovaria.fi\/yhteiset\/ruotsi1\/wp-json\/wp\/v2\/users\/2"}],"replies":[{"embeddable":true,"href":"https:\/\/verkkovaria.fi\/yhteiset\/ruotsi1\/wp-json\/wp\/v2\/comments?post=76"}],"version-history":[{"count":82,"href":"https:\/\/verkkovaria.fi\/yhteiset\/ruotsi1\/wp-json\/wp\/v2\/pages\/76\/revisions"}],"predecessor-version":[{"id":849,"href":"https:\/\/verkkovaria.fi\/yhteiset\/ruotsi1\/wp-json\/wp\/v2\/pages\/76\/revisions\/849"}],"wp:attachment":[{"href":"https:\/\/verkkovaria.fi\/yhteiset\/ruotsi1\/wp-json\/wp\/v2\/media?parent=76"}],"curies":[{"name":"wp","href":"https:\/\/api.w.org\/{rel}","templated":true}]}}