{"id":740,"date":"2015-09-21T11:45:15","date_gmt":"2015-09-21T11:45:15","guid":{"rendered":"http:\/\/verkkovaria.fi\/yhteiset\/ruotsi1\/?page_id=740"},"modified":"2016-07-05T10:56:44","modified_gmt":"2016-07-05T10:56:44","slug":"arviointi-2","status":"publish","type":"page","link":"https:\/\/verkkovaria.fi\/yhteiset\/ruotsi1\/arviointi-2\/","title":{"rendered":"Arviointi"},"content":{"rendered":"<p>Ruotsin opinnot (1 osp, toinen kotimainen kieli) kuuluvat Viestint\u00e4- ja vuorovaikutusosaaminen -tutkinnon osaan.<\/p>\n<p>Osaamistavoitteet (OPS 2015), opiskelija:<\/p>\n<ul>\n<li>osaa k\u00e4ytt\u00e4\u00e4 toista kotimaista kielt\u00e4 ty\u00f6teht\u00e4viss\u00e4\u00e4n ja ty\u00f6h\u00f6n liittyviss\u00e4 vuorovaikutustilanteissa<\/li>\n<li>ymm\u00e4rt\u00e4\u00e4 molempien kansalliskielten ja kulttuurien merkityksen monikulttuurisessa Suomessa.<\/li>\n<\/ul>\n<p>Osaamistavoitteet ja arvioinnin kriteerit l\u00f6ytyv\u00e4t Opintopolusta: <a href=\"https:\/\/eperusteet.opintopolku.fi\/#\/fi\/esitys\/612\/ops\/tutkinnonosat\/7445#osaalue1361\" target=\"_blank\">ePerusteet: Viestint\u00e4- ja vuorovaikutusosaaminen, toinen kotimainen kieli<\/a>.<\/p>\n<p>Onko tavoitteesi arvosana 1 vai 3? <strong>Lue t\u00e4st\u00e4 miten arvosanasi muodostuu.<\/strong><\/p>\n<p>Verkkototeutuksen laajuus on 1 osp ja se arvioidaan asteikolla 1-3. Opiskelija tekee teht\u00e4v\u00e4t ja tutustuu annettuun materiaaliin sek\u00e4 osallistuu jakson aikana opettajan ilmoittamiin kokeisiin ja\u00a0tekee itsearviointia.<\/p>\n<p>Verkkoty\u00f6skentelyn aikana opettaja seuraa opiskelijoiden etenemist\u00e4 sovitulla oppimisalustalle, esimerkiksi Wikispacessa ja Fronterissa, ja vastaa kysymyksiin ja on tavoitettavissa verkossa aina sovittuna aikana (esim. ti klo 8-10).<\/p>\n<p>Opettaja arvioi oppilaan suorituksia ja ty\u00f6skentely\u00e4 palautettujen teht\u00e4vien perusteella. Osa arvosanasta m\u00e4\u00e4r\u00e4ytyy loppukokeesta.<\/p>\n","protected":false},"excerpt":{"rendered":"<p>Ruotsin opinnot (1 osp, toinen kotimainen kieli) kuuluvat Viestint\u00e4- ja vuorovaikutusosaaminen -tutkinnon osaan. Osaamistavoitteet (OPS 2015), opiskelija: osaa k\u00e4ytt\u00e4\u00e4 toista kotimaista kielt\u00e4 ty\u00f6teht\u00e4viss\u00e4\u00e4n ja ty\u00f6h\u00f6n liittyviss\u00e4 vuorovaikutustilanteissa ymm\u00e4rt\u00e4\u00e4 molempien kansalliskielten ja kulttuurien merkityksen monikulttuurisessa Suomessa. Osaamistavoitteet ja arvioinnin kriteerit l\u00f6ytyv\u00e4t Opintopolusta: ePerusteet: Viestint\u00e4- ja vuorovaikutusosaaminen, toinen kotimainen kieli. Onko tavoitteesi arvosana 1 vai 3? Lue &hellip; <a href=\"https:\/\/verkkovaria.fi\/yhteiset\/ruotsi1\/arviointi-2\/\">Continued<\/a><\/p>\n","protected":false},"author":3,"featured_media":0,"parent":0,"menu_order":0,"comment_status":"closed","ping_status":"closed","template":"","meta":{"footnotes":"","_links_to":"","_links_to_target":""},"class_list":["post-740","page","type-page","status-publish","hentry"],"_links":{"self":[{"href":"https:\/\/verkkovaria.fi\/yhteiset\/ruotsi1\/wp-json\/wp\/v2\/pages\/740","targetHints":{"allow":["GET"]}}],"collection":[{"href":"https:\/\/verkkovaria.fi\/yhteiset\/ruotsi1\/wp-json\/wp\/v2\/pages"}],"about":[{"href":"https:\/\/verkkovaria.fi\/yhteiset\/ruotsi1\/wp-json\/wp\/v2\/types\/page"}],"author":[{"embeddable":true,"href":"https:\/\/verkkovaria.fi\/yhteiset\/ruotsi1\/wp-json\/wp\/v2\/users\/3"}],"replies":[{"embeddable":true,"href":"https:\/\/verkkovaria.fi\/yhteiset\/ruotsi1\/wp-json\/wp\/v2\/comments?post=740"}],"version-history":[{"count":10,"href":"https:\/\/verkkovaria.fi\/yhteiset\/ruotsi1\/wp-json\/wp\/v2\/pages\/740\/revisions"}],"predecessor-version":[{"id":847,"href":"https:\/\/verkkovaria.fi\/yhteiset\/ruotsi1\/wp-json\/wp\/v2\/pages\/740\/revisions\/847"}],"wp:attachment":[{"href":"https:\/\/verkkovaria.fi\/yhteiset\/ruotsi1\/wp-json\/wp\/v2\/media?parent=740"}],"curies":[{"name":"wp","href":"https:\/\/api.w.org\/{rel}","templated":true}]}}