{"id":63,"date":"2014-10-27T13:34:18","date_gmt":"2014-10-27T13:34:18","guid":{"rendered":"http:\/\/verkkovaria.fi\/yhteiset\/ruotsi1\/?page_id=63"},"modified":"2016-04-04T06:44:58","modified_gmt":"2016-04-04T06:44:58","slug":"mina-itse","status":"publish","type":"page","link":"https:\/\/verkkovaria.fi\/yhteiset\/ruotsi1\/mina-itse\/","title":{"rendered":"Viikko 1 Jag sj\u00e4lv"},"content":{"rendered":"<h3><strong>HEJSAN ALLA!\u00a0<\/strong><\/h3>\n<p><strong>\u00c4r du redo? Nyt aloitetaan. Nu ska vi b\u00f6rja! T\u00e4ll\u00e4 opintojaksolla puhutaan itsest\u00e4.<\/strong><\/p>\n<p>Tee alla olevat teht\u00e4v\u00e4t ensimm\u00e4isen viikon aikana.<\/p>\n<p><strong>Ohjeet:<\/strong><\/p>\n<p>1. Avaa word-tiedosto ja kirjoita osion teht\u00e4v\u00e4t sille teht\u00e4v\u00e4numero kerrallaan.<\/p>\n<p>2. Palauta kaikki alla olevan osion teht\u00e4v\u00e4t sovittuun paikkaa, esim.\u00a0<a style=\"color: #333333; text-decoration: underline;\" href=\"https:\/\/fronter.com\/vantaa\/\" target=\"_blank\">Fronteriin<\/a> \u201dRuotsia ammattiin netiss\u00e4\u201d <em>Min\u00e4 itse<\/em> -palautuskansioon yhdell\u00e4 word-tiedostolla.<\/p>\n<p>3. Tee lis\u00e4ksi wikiteht\u00e4v\u00e4 12\u00a0liit\u00e4 se\u00a0<a style=\"color: #333333; text-decoration: underline;\" href=\"http:\/\/ruotsia-ammattiin.wikispaces.com\/\" target=\"_blank\">wikiin<\/a>.<\/p>\n<p>T\u00e4ll\u00e4 jaksolla opit kertomaan:<\/p>\n<ol>\n<li><strong>itsest\u00e4si<\/strong><\/li>\n<li><strong>perheest\u00e4si<\/strong><\/li>\n<li><strong>harrastuksistasi<\/strong><\/li>\n<li><strong>opinnoistasi<\/strong><\/li>\n<\/ol>\n<h3><strong>Teht\u00e4v\u00e4t, vko 1<\/strong><\/h3>\n<p><strong>Teht\u00e4v\u00e4 1:<\/strong> Mit\u00e4 sanoja muistat ruotsiksi? Kirjoita padletin sein\u00e4lle yhteiseen <a href=\"http:\/\/padlet.com\/kirsimkkoskinen\/8d31npoyfhxa\" target=\"_blank\">mindmapiin.<\/a><\/p>\n<p><a href=\"http:\/\/verkkovaria.fi\/yhteiset\/ruotsi1\/wp-content\/uploads\/2014\/10\/1654400_10153874735680571_779594229_n.jpg\"><img loading=\"lazy\" decoding=\"async\" src=\"http:\/\/verkkovaria.fi\/yhteiset\/ruotsi1\/wp-content\/uploads\/2014\/10\/1654400_10153874735680571_779594229_n-300x291.jpg\" alt=\"1654400_10153874735680571_779594229_n\" width=\"381\" height=\"370\" \/><br \/><\/a>Kuva 1: Jag tycker om att ta bilder.<\/p>\n<p><strong>Teht\u00e4v\u00e4 2:<\/strong> Aloita tekem\u00e4ll\u00e4 kartoitus ruotsin <a style=\"color: #333333; text-decoration: underline;\" href=\"https:\/\/docs.google.com\/forms\/d\/1shu8fSjt5prfCHSY5Osgb7k5JlA28ot5SPm9AvctD8M\/edit\" target=\"_blank\">osaamisestasi<\/a>\u00a0Driveen.<\/p>\n<p><strong>Teht\u00e4v\u00e4 3:<\/strong> Mit\u00e4 sanoja tunnistat alla olevasta kuvasta nro 2? Ei tarvitse kirjoittaa, p\u00e4\u00e4asia ett\u00e4 ymm\u00e4rr\u00e4t sanojen merkityksen.<\/p>\n<p><a href=\"http:\/\/verkkovaria.fi\/yhteiset\/ruotsi1\/wp-content\/uploads\/2014\/10\/koulutjag.jpg\"><img loading=\"lazy\" decoding=\"async\" src=\"http:\/\/verkkovaria.fi\/yhteiset\/ruotsi1\/wp-content\/uploads\/2014\/10\/koulutjag.jpg\" alt=\"koulutjag\" width=\"269\" height=\"319\" \/><br \/><\/a>Kuva 2: Asioita itsest\u00e4<\/p>\n<p><strong>Teht\u00e4v\u00e4 4:<\/strong> En h\u00f6rf\u00f6rst\u00e5else p\u00e5 video.\u00a0Kuullunymm\u00e4rt\u00e4minen ruotsiksi.\u00a0Kuuntele ja katso Joanna Ovaskan tekem\u00e4 1:23 min\u00a0<a style=\"color: #333333; text-decoration: underline;\" href=\"https:\/\/www.youtube.com\/watch?v=23nlE6vMh5g&amp;list=UU9uzGm8hzV-G7byGGgiPU6Q\" target=\"_blank\">video<\/a>\u00a0(youtube), jossa tytt\u00f6 kertoo itsest\u00e4\u00e4n. Voit pys\u00e4ytt\u00e4\u00e4 ja kuunnella uudestaan tarvittaessa.\u00a0<\/p>\n<p><strong>T\u00e4ydenn\u00e4 seuraavat lauseet Fronterin palautuskansioon.<\/strong><\/p>\n<p>1. Victoria \u00e4r ________ \u00e5r.<br data-reactid=\".ef.1:3:1:$comment693800400695345_693849207357131:0.0.$right.0.$left.0.0.1:$comment-body.0.3.0.$end:0:$1:0\" \/>2. Men hon fyller _______ p\u00e5 _____________.<br data-reactid=\".ef.1:3:1:$comment693800400695345_693849207357131:0.0.$right.0.$left.0.0.1:$comment-body.0.3.0.$end:0:$3:0\" \/>3. Hon bor i _____________ <br data-reactid=\".ef.1:3:1:$comment693800400695345_693849207357131:0.0.$right.0.$left.0.0.1:$comment-body.0.3.0.$end:0:$5:0\" \/>4. Hon har ____________ (sisarukset)<br data-reactid=\".ef.1:3:1:$comment693800400695345_693849207357131:0.0.$right.0.$left.0.0.1:$comment-body.0.3.0.$end:0:$7:0\" \/>5. Victoria g\u00e5r i ___________ (koulu) <br data-reactid=\".ef.1:3:1:$comment693800400695345_693849207357131:0.0.$right.0.$left.0.0.1:$comment-body.0.3.0.$end:0:$9:0\" \/>6. Hon l\u00e4ser ______________ (linja)<br data-reactid=\".ef.1:3:1:$comment693800400695345_693849207357131:0.0.$right.0.$left.0.0.1:$comment-body.0.3.0.$end:0:$11:0\" \/>7. Hon jobbar p\u00e5 _______________ och med ______________ i telefonf\u00f6rs\u00e4ljningen.<br data-reactid=\".ef.1:3:1:$comment693800400695345_693849207357131:0.0.$right.0.$left.0.0.1:$comment-body.0.3.0.$end:0:$13:0\" \/>8. Hon har spelat __________ sedan hon var _____________.<br data-reactid=\".ef.1:3:1:$comment693800400695345_693849207357131:0.0.$right.0.$left.0.0.1:$comment-body.0.3.0.$end:0:$15:0\" \/>9. Men hon _________ inte utan har den som hobby.<br data-reactid=\".ef.1:3:1:$comment693800400695345_693849207357131:0.0.$right.0.$left.0.0.1:$comment-body.0.3.0.$end:0:$17:0\" \/>10. P\u00e5 fritiden umg\u00e5s hon __________________.<\/p>\n<p>(L\u00e4hde: <a style=\"color: #333333; text-decoration: underline;\" href=\"https:\/\/www.facebook.com\/Victortreenaa?fref=ts\" target=\"_blank\">Victor treenaa svenskaa <\/a>on hyv\u00e4 facebook-sivusto. K\u00e4y tykk\u00e4\u00e4m\u00e4ss\u00e4 ja saat feediisi ruotsia hauskalla tavalla.)<\/p>\n<h3><b>Jag sj\u00e4lv &#8211; Min\u00e4 itse<\/b><\/h3>\n<p>Ruotsissa on samanlaisia pronomineja kuin suomessa,<\/p>\n<p>esim.<strong> Jag = Min\u00e4, Mig= Minua jne.<\/strong><\/p>\n<p><strong>Jag<\/strong> tycker om att cykla.<\/p>\n<p><strong>Du<\/strong> tycker om att cykla. jne.<\/p>\n<p><a href=\"http:\/\/verkkovaria.fi\/yhteiset\/ruotsi1\/wp-content\/uploads\/2014\/10\/581602_10150693319393479_2051109212_n.jpg\"><img loading=\"lazy\" decoding=\"async\" src=\"http:\/\/verkkovaria.fi\/yhteiset\/ruotsi1\/wp-content\/uploads\/2014\/10\/581602_10150693319393479_2051109212_n-300x300.jpg\" alt=\"581602_10150693319393479_2051109212_n\" width=\"300\" height=\"300\" \/><br \/><\/a>Kuva 3: Jag cyklar.<\/p>\n<p><a href=\"http:\/\/verkkovaria.fi\/yhteiset\/ruotsi1\/wp-content\/uploads\/2014\/10\/pronominit.png\"><img loading=\"lazy\" decoding=\"async\" src=\"http:\/\/verkkovaria.fi\/yhteiset\/ruotsi1\/wp-content\/uploads\/2014\/10\/pronominit-300x217.png\" alt=\"pronominit\" width=\"369\" height=\"267\" \/><br \/><\/a>Kuva 4: Persoonapronomineja ruotsiksi<\/p>\n<p><strong>Teht\u00e4v\u00e4 5:<\/strong><strong>\u00a0<\/strong><a style=\"color: #333333; text-decoration: underline;\" href=\"http:\/\/quizlet.com\/58477017\/scatter\">Testaa<\/a>\u00a0quizlet-harjoituksen avulla, kuinka hyvin muistat pronominit.<\/p>\n<h3><strong>Sl\u00e4ktingar sukulaiset<\/strong><\/h3>\n<p><strong>Teht\u00e4v\u00e4 6<\/strong>: Suomenna alla olevassa kuvassa nro 5 olevat sukulaisuussanat. Kirjoita ruotsiksi ja suomeksi.<\/p>\n<p><a href=\"http:\/\/verkkovaria.fi\/yhteiset\/ruotsi1\/wp-content\/uploads\/2014\/10\/sukulaiset.jpg\"><img loading=\"lazy\" decoding=\"async\" src=\"http:\/\/verkkovaria.fi\/yhteiset\/ruotsi1\/wp-content\/uploads\/2014\/10\/sukulaiset.jpg\" alt=\"sukulaiset\" width=\"184\" height=\"214\" \/><br \/><\/a>Kuva 5: Sukulaisuussanat<\/p>\n<p><a href=\"http:\/\/verkkovaria.fi\/yhteiset\/ruotsi1\/wp-content\/uploads\/2014\/10\/2012-05-22-07.59.04.jpg\"><img loading=\"lazy\" decoding=\"async\" src=\"http:\/\/verkkovaria.fi\/yhteiset\/ruotsi1\/wp-content\/uploads\/2014\/10\/2012-05-22-07.59.04-225x300.jpg\" alt=\"2012-05-22 07.59.04\" width=\"225\" height=\"300\" \/><\/a><\/p>\n<p><strong>Teht\u00e4v\u00e4 7:<\/strong> Kirjoita monikkomuodot alla oleville sukulaisuussanoille sanoille. Esim. <strong>En mormor &#8211; m\u00e5nga morm\u00f6drar\u00a0<\/strong><\/p>\n<p>en bror<\/p>\n<p>en syster<\/p>\n<p>en son<\/p>\n<p>en mamma<\/p>\n<p>en pappa<\/p>\n<p><strong>Teht\u00e4v\u00e4 8<\/strong>: <strong>Kerro ruotsiksi kahdella lauseella ket\u00e4 perheeseesi kuuluu.<\/strong> My\u00f6s lemmikkiel\u00e4imet ja isovanhemmat ovat perhett\u00e4 \ud83d\ude42 Hyvi\u00e4 vinkkej\u00e4 teht\u00e4v\u00e4n tekemiseksi l\u00f6yd\u00e4t Pohjola-Nordenin <a href=\"http:\/\/www.pohjola-norden.fi\/suomeksi\/kouluille\/opetusmateriaalit\/kielet_ja_kirjallisuus\/jutellaan_perheesta\/\" target=\"_blank\">sivuilta<\/a>.<\/p>\n<p>Malli: Min bror heter Kalle.<\/p>\n<h3 style=\"text-align: left;\"><strong>Fritid vapaa-aika<\/strong><\/h3>\n<p>Alla on kuvia erilaisista tavoista viett\u00e4\u00e4 vapaa-aikaansa.<\/p>\n<p>\u00a0<\/p>\n<p><a href=\"http:\/\/verkkovaria.fi\/yhteiset\/ruotsi1\/wp-content\/uploads\/2014\/10\/10626656_10152376489033479_9193730029495884245_n.jpg\"><img loading=\"lazy\" decoding=\"async\" src=\"http:\/\/verkkovaria.fi\/yhteiset\/ruotsi1\/wp-content\/uploads\/2014\/10\/10626656_10152376489033479_9193730029495884245_n-300x225.jpg\" alt=\"10626656_10152376489033479_9193730029495884245_n\" width=\"308\" height=\"231\" \/><br \/><\/a>Kuva 6: Jag tycker om musik.<\/p>\n<p><a href=\"http:\/\/verkkovaria.fi\/yhteiset\/ruotsi1\/wp-content\/uploads\/2014\/10\/530921_10152027240670571_513296001_n.jpg\"><img loading=\"lazy\" decoding=\"async\" src=\"http:\/\/verkkovaria.fi\/yhteiset\/ruotsi1\/wp-content\/uploads\/2014\/10\/530921_10152027240670571_513296001_n-225x300.jpg\" alt=\"530921_10152027240670571_513296001_n\" width=\"173\" height=\"230\" \/><br \/><\/a>Kuva 7: En hund tittar p\u00e5 huset.<\/p>\n<p><strong>Teht\u00e4v\u00e4 9: Vad g\u00f6r du p\u00e5 fritiden?<\/strong>\u00a0Mit\u00e4 vapaa-aikaan liittyvi\u00e4 sanoja muistat ruotsiksi?Mit\u00e4 harrastaa-verbej\u00e4 tied\u00e4t? Kirjoita kahdella tavalla ja kokonaisin lausein, mit\u00e4 sin\u00e4 harrastat, esim. j\u00e4\u00e4kiekkoa, uintia, jne.<\/p>\n<p><strong>Jag sysslar med bilar.<\/strong><\/p>\n<p><strong>Jag har gymet som hobby.<\/strong><\/p>\n<p><strong>Jag spelar fotboll\/datorspel.<\/strong><\/p>\n<h3>Fritid: Musik Musiikki<\/h3>\n<p>\u00a0<\/p>\n<p><strong>Teht\u00e4v\u00e4 10: Vilken slags musik tycker du om? Vilka artister lyssnar du p\u00e5? <\/strong>Kirjoita, mist\u00e4\u00a0musiikista pid\u00e4t? Mist\u00e4 b\u00e4ndeist\u00e4\/artisteista tykk\u00e4\u00e4t.\u00a0<\/p>\n<p><strong>Huomaa, ett\u00e4 ilmaiset mielipidett\u00e4si:<\/strong><\/p>\n<p style=\"text-align: left;\"><strong>Jag tycker att&#8230;<\/strong>\u00a0Olen sit\u00e4 mielt\u00e4, ett\u00e4&#8230;<\/p>\n<p style=\"text-align: left;\"><strong>Jos puhut asioista, joista tykk\u00e4\u00e4t, sanot esim.\u00a0<\/strong><\/p>\n<p style=\"text-align: left;\"><strong>Jag tycker om musik.\/ Jag gillar idrott. <\/strong>Pid\u00e4n&#8230;<\/p>\n<p><strong>Teht\u00e4v\u00e4 11:<\/strong> Treenaa ruotsin rakenteita ylen <a style=\"color: #333333; text-decoration: underline;\" href=\"http:\/\/www.yle.fi\/moodle\/yle\/attempt.php?q=3106\" target=\"_blank\">verkkosivuilta<\/a>.<\/p>\n<p><strong>Wikiteht\u00e4v\u00e4\u00a012: Ber\u00e4tta tre (3) saker som du gillar. Du kan b\u00f6rja:<\/strong><\/p>\n<p><a href=\"http:\/\/verkkovaria.fi\/yhteiset\/ruotsi1\/wp-content\/uploads\/2014\/10\/1723172_10154901379510571_3567904817057088538_n.jpg\"><img loading=\"lazy\" decoding=\"async\" src=\"http:\/\/verkkovaria.fi\/yhteiset\/ruotsi1\/wp-content\/uploads\/2014\/10\/1723172_10154901379510571_3567904817057088538_n-300x199.jpg\" alt=\"1723172_10154901379510571_3567904817057088538_n\" width=\"449\" height=\"298\" \/><br \/><\/a>Kuva 8: Jag tycker om min katt.<\/p>\n<p><strong>Jag tycker om&#8230;<\/strong><\/p>\n<p><strong>Jag gillar&#8230;<\/strong><\/p>\n<p>Kirjoita <a style=\"color: #333333; text-decoration: underline;\" href=\"http:\/\/ruotsia-ammattiin.wikispaces.com\/\" target=\"_blank\">wikiin<\/a> kolme lausetta kertoen\u00a0mist\u00e4 tykk\u00e4\u00e4t.<\/p>\n<p>Kerro lis\u00e4ksi, mist\u00e4 et pid\u00e4. <strong>Jag gillar inte alls&#8230;<\/strong><\/p>\n<p>Kerro lis\u00e4ksi, mit\u00e4 tykk\u00e4\u00e4t katsoa TV:st\u00e4.<strong> P\u00e5 TV brukar jag titta p\u00e5&#8230;<\/strong><\/p>\n<p>eli kaiken kaikkiaan 5 lausetta \ud83d\ude42<\/p>\n<h3><strong>Fritid: Idrott Urheilu<\/strong><\/h3>\n<p><a href=\"http:\/\/verkkovaria.fi\/yhteiset\/ruotsi1\/wp-content\/uploads\/2014\/10\/480398_10151932131695571_1836956455_n.jpg\"><img loading=\"lazy\" decoding=\"async\" src=\"http:\/\/verkkovaria.fi\/yhteiset\/ruotsi1\/wp-content\/uploads\/2014\/10\/480398_10151932131695571_1836956455_n-300x300.jpg\" alt=\"480398_10151932131695571_1836956455_n\" width=\"387\" height=\"386\" \/><br \/><\/a>Kuva 9: Golf \u00e4r roligt eftersom man f\u00e5r vara med kompisarna.<\/p>\n<p><a href=\"http:\/\/verkkovaria.fi\/yhteiset\/ruotsi1\/wp-content\/uploads\/2014\/10\/181341_10151862191425571_2010087819_n.jpg\"><img loading=\"lazy\" decoding=\"async\" src=\"http:\/\/verkkovaria.fi\/yhteiset\/ruotsi1\/wp-content\/uploads\/2014\/10\/181341_10151862191425571_2010087819_n-300x200.jpg\" alt=\"181341_10151862191425571_2010087819_n\" width=\"395\" height=\"263\" \/><br \/><\/a>Kuva 10.\u00a0Jag \u00e4r p\u00e5 tennis tr\u00e4ningar.<\/p>\n<p><strong>Teht\u00e4v\u00e4 13: Hejsan! <\/strong>Kirjoita vanhemmillesi selke\u00e4 ruotsinkielinen viesti, jossa kerrot, ett\u00e4 olet l\u00e4htenyt urheiluharjoituksiin illalla.<\/p>\n<p>Kuvittele, ett\u00e4 kyseess\u00e4 on pieni paperilappu, jonka j\u00e4t\u00e4t p\u00f6yd\u00e4lle. Kerro viestiss\u00e4si alla olevat asiat.<\/p>\n<ul>\n<li>Miss\u00e4 treeneiss\u00e4 olet?. Jag \u00e4r\/spelar&#8230;<\/li>\n<li>Kenen kanssa olet? Jag \u00e4r med&#8230;?<\/li>\n<li>Minne aiot menn\u00e4 treenien j\u00e4lkeen? Jag ska g\u00e5&#8230;<\/li>\n<li>Milloin tulet kotiin? Jag ska komma&#8230;<\/li>\n<\/ul>\n","protected":false},"excerpt":{"rendered":"<p>HEJSAN ALLA!\u00a0 \u00c4r du redo? Nyt aloitetaan. Nu ska vi b\u00f6rja! T\u00e4ll\u00e4 opintojaksolla puhutaan itsest\u00e4. Tee alla olevat teht\u00e4v\u00e4t ensimm\u00e4isen viikon aikana. Ohjeet: 1. Avaa word-tiedosto ja kirjoita osion teht\u00e4v\u00e4t sille teht\u00e4v\u00e4numero kerrallaan. 2. Palauta kaikki alla olevan osion teht\u00e4v\u00e4t sovittuun paikkaa, esim.\u00a0Fronteriin \u201dRuotsia ammattiin netiss\u00e4\u201d Min\u00e4 itse -palautuskansioon yhdell\u00e4 word-tiedostolla. 3. Tee lis\u00e4ksi wikiteht\u00e4v\u00e4 &hellip; <a href=\"https:\/\/verkkovaria.fi\/yhteiset\/ruotsi1\/mina-itse\/\">Continued<\/a><\/p>\n","protected":false},"author":2,"featured_media":0,"parent":0,"menu_order":0,"comment_status":"closed","ping_status":"open","template":"","meta":{"footnotes":"","_links_to":"","_links_to_target":""},"class_list":["post-63","page","type-page","status-publish","hentry"],"_links":{"self":[{"href":"https:\/\/verkkovaria.fi\/yhteiset\/ruotsi1\/wp-json\/wp\/v2\/pages\/63","targetHints":{"allow":["GET"]}}],"collection":[{"href":"https:\/\/verkkovaria.fi\/yhteiset\/ruotsi1\/wp-json\/wp\/v2\/pages"}],"about":[{"href":"https:\/\/verkkovaria.fi\/yhteiset\/ruotsi1\/wp-json\/wp\/v2\/types\/page"}],"author":[{"embeddable":true,"href":"https:\/\/verkkovaria.fi\/yhteiset\/ruotsi1\/wp-json\/wp\/v2\/users\/2"}],"replies":[{"embeddable":true,"href":"https:\/\/verkkovaria.fi\/yhteiset\/ruotsi1\/wp-json\/wp\/v2\/comments?post=63"}],"version-history":[{"count":111,"href":"https:\/\/verkkovaria.fi\/yhteiset\/ruotsi1\/wp-json\/wp\/v2\/pages\/63\/revisions"}],"predecessor-version":[{"id":836,"href":"https:\/\/verkkovaria.fi\/yhteiset\/ruotsi1\/wp-json\/wp\/v2\/pages\/63\/revisions\/836"}],"wp:attachment":[{"href":"https:\/\/verkkovaria.fi\/yhteiset\/ruotsi1\/wp-json\/wp\/v2\/media?parent=63"}],"curies":[{"name":"wp","href":"https:\/\/api.w.org\/{rel}","templated":true}]}}