{"id":29,"date":"2014-10-27T13:06:02","date_gmt":"2014-10-27T13:06:02","guid":{"rendered":"http:\/\/verkkovaria.fi\/yhteiset\/ruotsi1\/?page_id=29"},"modified":"2015-11-06T15:09:42","modified_gmt":"2015-11-06T15:09:42","slug":"opiskelijalle","status":"publish","type":"page","link":"https:\/\/verkkovaria.fi\/yhteiset\/ruotsi1\/opiskelijalle\/","title":{"rendered":"OPISKELIJALLE"},"content":{"rendered":"<p><strong>V\u00e4lkommen!<\/strong><\/p>\n<p>Opiskelija tutustuu oppimisteht\u00e4viin kuunnellen, lukien ja itse tuottaen ruotsin kielt\u00e4. Opiskelijan verkkoymp\u00e4rist\u00f6n\u00e4 toimii Fronter ja Padlet, jonne h\u00e4n saa opettajalta sek\u00e4 muilta opiskelijoilta palautetta sek\u00e4 kommentteja. Opiskelija saa suorituksen oppimisjaksosta, kun on tutustunut kaikkiin oppimisaiheisiin ja tehnyt niihin liittyv\u00e4t teht\u00e4v\u00e4t.<\/p>\n<p>Opettaja on verkkototeutukselle osoitettujen oppituntien aikana k\u00e4ytett\u00e4viss\u00e4 verkon kautta (esim. ti klo 14-16). Sosiaalisen median alustoja k\u00e4ytt\u00e4en kysymykset ja niiden vastaukset j\u00e4\u00e4v\u00e4t my\u00f6s muiden n\u00e4kyville. N\u00e4ist\u00e4 ty\u00f6kaluista voidaan valita sopivin\/sopivimmat ryhm\u00e4n ja opiskelijan mukaan.<\/p>\n<p>Ensimm\u00e4inen tunti, joka on yhteinen aloitustapaaminen, tutustaan Verkkovariaan ja k\u00e4ytett\u00e4viin ty\u00f6kaluihin (Fronter, Padlet, OneDrive) sek\u00e4 kerrotaan opiskelun aikataulut sek\u00e4 pelis\u00e4\u00e4nn\u00f6t ja kerrotaan opintojen ohjauksesta.<\/p>\n<p>Verkkoty\u00f6skentelyn aikana opettaja seuraa opiskelijoiden etenemist\u00e4 Fronterissa, ja vastaa kysymyksiin yll\u00e4 esitetyn mukaisesti.<\/p>\n<p>Teht\u00e4ville annetaan\u00a0selke\u00e4t viikkodeadlinet pitkin kurssia, mik\u00e4 helpottaa opiskelijan ty\u00f6nsuunnittelua ja opettaa asteittain vastuunottamista omasta ty\u00f6nteostaan. Jos opiskelija lipsuu deadlinesta, opettaja voi ottaa yhteytt\u00e4 ohjaamiseen osoitetun ty\u00f6ajan puitteissa.<\/p>\n<p>Kurssiin voidaan mahdollisesti sis\u00e4llytt\u00e4\u00e4 my\u00f6s puoliv\u00e4lin tapaaminen, jolloin kartoitetaan tilannetta ja opiskelijat voivat saada tarvitsemaansa ohjausta kasvokkain.<\/p>\n<p>Kurssin lopuksi on viel\u00e4 yksi tapaaminen, jolloin k\u00e4yd\u00e4\u00e4n l\u00e4pi opiskelijoiden tuotoksia, ker\u00e4t\u00e4\u00e4n palautetta ja tarkistetaan ett\u00e4 kaikki suoritukset on varmasti tehty. Jos puutteita on, opiskelijoiden kanssa sovitaan jatkotoimista.<\/p>\n<p>&nbsp;<\/p>\n<p><strong>Ha det roligt!<\/strong><\/p>\n<figure id=\"attachment_96\" aria-describedby=\"caption-attachment-96\" style=\"width: 258px\" class=\"wp-caption alignnone\"><a href=\"http:\/\/verkkovaria.fi\/yhteiset\/ruotsi1\/wp-content\/uploads\/2014\/10\/169094_10150387577100571_429364_n.jpg\"><img loading=\"lazy\" decoding=\"async\" class=\"wp-image-96\" src=\"http:\/\/verkkovaria.fi\/yhteiset\/ruotsi1\/wp-content\/uploads\/2014\/10\/169094_10150387577100571_429364_n-209x300.jpg\" alt=\"169094_10150387577100571_429364_n\" width=\"258\" height=\"370\" srcset=\"https:\/\/verkkovaria.fi\/yhteiset\/ruotsi1\/wp-content\/uploads\/2014\/10\/169094_10150387577100571_429364_n-209x300.jpg 209w, https:\/\/verkkovaria.fi\/yhteiset\/ruotsi1\/wp-content\/uploads\/2014\/10\/169094_10150387577100571_429364_n.jpg 230w\" sizes=\"auto, (max-width: 258px) 100vw, 258px\" \/><\/a><figcaption id=\"caption-attachment-96\" class=\"wp-caption-text\">Koskinen 2014<\/figcaption><\/figure>\n<p>&nbsp;<\/p>\n","protected":false},"excerpt":{"rendered":"<p>V\u00e4lkommen! Opiskelija tutustuu oppimisteht\u00e4viin kuunnellen, lukien ja itse tuottaen ruotsin kielt\u00e4. Opiskelijan verkkoymp\u00e4rist\u00f6n\u00e4 toimii Fronter ja Padlet, jonne h\u00e4n saa opettajalta sek\u00e4 muilta opiskelijoilta palautetta sek\u00e4 kommentteja. Opiskelija saa suorituksen oppimisjaksosta, kun on tutustunut kaikkiin oppimisaiheisiin ja tehnyt niihin liittyv\u00e4t teht\u00e4v\u00e4t. Opettaja on verkkototeutukselle osoitettujen oppituntien aikana k\u00e4ytett\u00e4viss\u00e4 verkon kautta (esim. ti klo 14-16). Sosiaalisen &hellip; <a href=\"https:\/\/verkkovaria.fi\/yhteiset\/ruotsi1\/opiskelijalle\/\">Continued<\/a><\/p>\n","protected":false},"author":2,"featured_media":0,"parent":0,"menu_order":1,"comment_status":"closed","ping_status":"closed","template":"","meta":{"footnotes":"","_links_to":"","_links_to_target":""},"class_list":["post-29","page","type-page","status-publish","hentry"],"_links":{"self":[{"href":"https:\/\/verkkovaria.fi\/yhteiset\/ruotsi1\/wp-json\/wp\/v2\/pages\/29","targetHints":{"allow":["GET"]}}],"collection":[{"href":"https:\/\/verkkovaria.fi\/yhteiset\/ruotsi1\/wp-json\/wp\/v2\/pages"}],"about":[{"href":"https:\/\/verkkovaria.fi\/yhteiset\/ruotsi1\/wp-json\/wp\/v2\/types\/page"}],"author":[{"embeddable":true,"href":"https:\/\/verkkovaria.fi\/yhteiset\/ruotsi1\/wp-json\/wp\/v2\/users\/2"}],"replies":[{"embeddable":true,"href":"https:\/\/verkkovaria.fi\/yhteiset\/ruotsi1\/wp-json\/wp\/v2\/comments?post=29"}],"version-history":[{"count":15,"href":"https:\/\/verkkovaria.fi\/yhteiset\/ruotsi1\/wp-json\/wp\/v2\/pages\/29\/revisions"}],"predecessor-version":[{"id":808,"href":"https:\/\/verkkovaria.fi\/yhteiset\/ruotsi1\/wp-json\/wp\/v2\/pages\/29\/revisions\/808"}],"wp:attachment":[{"href":"https:\/\/verkkovaria.fi\/yhteiset\/ruotsi1\/wp-json\/wp\/v2\/media?parent=29"}],"curies":[{"name":"wp","href":"https:\/\/api.w.org\/{rel}","templated":true}]}}