{"id":153,"date":"2014-11-14T12:03:41","date_gmt":"2014-11-14T12:03:41","guid":{"rendered":"http:\/\/verkkovaria.fi\/yhteiset\/ruotsi1\/?page_id=153"},"modified":"2017-09-28T06:30:36","modified_gmt":"2017-09-28T06:30:36","slug":"oppimistehtavat","status":"publish","type":"page","link":"https:\/\/verkkovaria.fi\/yhteiset\/ruotsi1\/oppimistehtavat\/","title":{"rendered":"OPPIMISTEHT\u00c4V\u00c4T"},"content":{"rendered":"\n<p>T\u00e4\u00e4lt\u00e4 l\u00f6ytyv\u00e4t teht\u00e4v\u00e4t osio ja viikko kerrallaan. Yksi osio (esim. Vardagen) vastaa yhden viikon ty\u00f6skentely\u00e4 ja t\u00e4h\u00e4n osioon kuuluvat teht\u00e4v\u00e4t tulee palauttaa viikon loppuun menness\u00e4. Opettaja tarjoaa ohjausta aina sovitun aikataulun mukaan ja h\u00e4net tavoittaa sovitulta keskustelualustalta.<\/p>\n<p>Teht\u00e4v\u00e4t palautetaan aikataulun mukaan sovittuun paikkaan.<\/p>\n<p><strong>Ohjeet opintojakson suoritukseen:<\/strong><\/p>\n<p><strong>1. Avaa word-tiedosto ja kirjoita kunkion osion teht\u00e4v\u00e4t otsikon alle teht\u00e4v\u00e4numero kerrallaan.<\/strong><\/p>\n<p><strong>Esim. <\/strong><\/p>\n<p><strong>Teht\u00e4v\u00e4 1: Jag spelar ishockey p\u00e5 fritiden. jne. <\/strong><\/p>\n<p><strong>Teht\u00e4v\u00e4 2: &#8230;<\/strong><\/p>\n<p><strong>Palauta kaikki kunkin osion teht\u00e4v\u00e4t <\/strong><strong>yhdell\u00e4 tiedostolla.<\/strong><\/p>\n<p>Osioissa on teht\u00e4vi\u00e4, jotka palautetaan Padletiin.<\/p>\n<p>Verkkototeutus\u00a0kattaa kaikki opetussuunnitelmassa m\u00e4\u00e4ritellyt keskeiset sis\u00e4ll\u00f6t, jotka ovat:<\/p>\n<ul>\n<li>arkiela\u0308ma\u0308n kielenka\u0308ytto\u0308tilanteet, jotka koskevat itsea\u0308, koulutus- ta ja tyo\u0308ela\u0308ma\u0308a\u0308<\/li>\n<li>oman ammattialan perussanasto ja lyhyet tekstit seka\u0308 keskeiset vuorovaikutustilanteet, esimerkiksi:\n<ul>\n<li>omat tyo\u0308tehta\u0308va\u0308t ja tyo\u0308ympa\u0308risto\u0308<\/li>\n<li>oman alan asiakaspalvelutilanteet<\/li>\n<li>tyo\u0308turvallisuus<\/li>\n<\/ul>\n<\/li>\n<li>oman ammattialan kannalta keskeisia\u0308 kielen perusrakenteita<\/li>\n<li>ruotsin kielen merkitys Suomessa ja muissa Pohjoismaissa<\/li>\n<\/ul>\n<p>&nbsp;<\/p>\n<p>Opiskelijat kertovat ammattia kuvaavissa teht\u00e4viss\u00e4 omasta ty\u00f6harjoittelustaan tai ty\u00f6sality\u00f6skentelyst\u00e4\u00e4n oppilaitoksessa. He ottavat ty\u00f6paikoillaan kuvia ja tekev\u00e4t sarjakuvan k\u00e4ytt\u00e4en ruotsia asiakaspalvelun muodossa sek\u00e4 eri ty\u00f6kaluja, mit\u00e4 ty\u00f6ss\u00e4 k\u00e4ytet\u00e4\u00e4n tai fraaseja.<\/p>\n<p>Opiskelijat voivat my\u00f6s tehd\u00e4 ty\u00f6ss\u00e4oppimispaikoillaan haastatteluita, joiden tulokset he raportoivat esim. Padletiin tai Facebookiin teht\u00e4v\u00e4tyypist\u00e4 riippuen.<\/p>\n","protected":false},"excerpt":{"rendered":"<p>T\u00e4\u00e4lt\u00e4 l\u00f6ytyv\u00e4t teht\u00e4v\u00e4t osio ja viikko kerrallaan. Yksi osio (esim. Vardagen) vastaa yhden viikon ty\u00f6skentely\u00e4 ja t\u00e4h\u00e4n osioon kuuluvat teht\u00e4v\u00e4t tulee palauttaa viikon loppuun menness\u00e4. Opettaja tarjoaa ohjausta aina sovitun aikataulun mukaan ja h\u00e4net tavoittaa sovitulta keskustelualustalta. Teht\u00e4v\u00e4t palautetaan aikataulun mukaan sovittuun paikkaan. Ohjeet opintojakson suoritukseen: 1. Avaa word-tiedosto ja kirjoita kunkion osion teht\u00e4v\u00e4t otsikon &hellip; <a href=\"https:\/\/verkkovaria.fi\/yhteiset\/ruotsi1\/oppimistehtavat\/\">Continued<\/a><\/p>\n","protected":false},"author":2,"featured_media":0,"parent":0,"menu_order":0,"comment_status":"closed","ping_status":"open","template":"","meta":{"footnotes":"","_links_to":"","_links_to_target":""},"class_list":["post-153","page","type-page","status-publish","hentry"],"_links":{"self":[{"href":"https:\/\/verkkovaria.fi\/yhteiset\/ruotsi1\/wp-json\/wp\/v2\/pages\/153","targetHints":{"allow":["GET"]}}],"collection":[{"href":"https:\/\/verkkovaria.fi\/yhteiset\/ruotsi1\/wp-json\/wp\/v2\/pages"}],"about":[{"href":"https:\/\/verkkovaria.fi\/yhteiset\/ruotsi1\/wp-json\/wp\/v2\/types\/page"}],"author":[{"embeddable":true,"href":"https:\/\/verkkovaria.fi\/yhteiset\/ruotsi1\/wp-json\/wp\/v2\/users\/2"}],"replies":[{"embeddable":true,"href":"https:\/\/verkkovaria.fi\/yhteiset\/ruotsi1\/wp-json\/wp\/v2\/comments?post=153"}],"version-history":[{"count":17,"href":"https:\/\/verkkovaria.fi\/yhteiset\/ruotsi1\/wp-json\/wp\/v2\/pages\/153\/revisions"}],"predecessor-version":[{"id":848,"href":"https:\/\/verkkovaria.fi\/yhteiset\/ruotsi1\/wp-json\/wp\/v2\/pages\/153\/revisions\/848"}],"wp:attachment":[{"href":"https:\/\/verkkovaria.fi\/yhteiset\/ruotsi1\/wp-json\/wp\/v2\/media?parent=153"}],"curies":[{"name":"wp","href":"https:\/\/api.w.org\/{rel}","templated":true}]}}