{"id":113,"date":"2014-11-14T10:36:29","date_gmt":"2014-11-14T10:36:29","guid":{"rendered":"http:\/\/verkkovaria.fi\/yhteiset\/ruotsi1\/?page_id=113"},"modified":"2016-04-04T09:29:18","modified_gmt":"2016-04-04T09:29:18","slug":"linkit","status":"publish","type":"page","link":"https:\/\/verkkovaria.fi\/yhteiset\/ruotsi1\/linkit\/","title":{"rendered":"LINKIT"},"content":{"rendered":"<p><strong>Hy\u00f6dyllisi\u00e4 linkkej\u00e4 ruotsin opiskeluun, var s\u00e5 goda!<\/strong><\/p>\n<ol>\n<li><strong><a style=\"color: #333333; text-decoration: underline;\" href=\"http:\/\/www.rsgo.eu\/\" target=\"_blank\">Ready-Study-Go-Ahead<\/a>!<\/strong> on EU:n tukema nettiopiskelumateriaali ammattiin opiskeleville. Ruotsin kielen matskuista l\u00f6ytyy arkiel\u00e4m\u00e4n tilanteita ja autoalan sanastoa.<\/li>\n<li><strong>Kuuntele arkiel\u00e4m\u00e4n tilanteita ruotsiksi<\/strong> <a style=\"color: #333333; text-decoration: underline;\" href=\"http:\/\/www.pohjola-norden.fi\/suomeksi\/kouluille\/opetusmateriaalit\/\" target=\"_blank\">Pohjola-Nordenin<\/a> sivuilla.<\/li>\n<li>Kuuntele ja toista per\u00e4ss\u00e4 arkiel\u00e4m\u00e4n fraaseja <a style=\"color: #333333; text-decoration: underline;\" href=\"http:\/\/quizlet.com\/73070549\/perusfraaseja-ruotsiksi-flash-cards\/\" target=\"_blank\">Quizletissa<\/a>.<\/li>\n<li><strong><a style=\"color: #333333; text-decoration: underline;\" href=\"http:\/\/www.europass.fi\/\" target=\"_blank\">Europassi<\/a>\u00a0<\/strong>kokoaa osaamisen, ty\u00f6kokemuksen, opinnot ja tutkinnot selke\u00e4ksi kokonaisuudeksi.\u00a0K\u00e4yt\u00e4 Europassia, kun haet ty\u00f6- tai opiskelupaikkaa tai etsit osaavia ty\u00f6ntekij\u00f6it\u00e4.<\/li>\n<li>Helsingin seudun julkisesta liikenteest\u00e4 ja sen asiakaspalvelusta saa selkokielisesti tietoa sivuilta <a style=\"color: #333333; text-decoration: underline;\" href=\"http:\/\/www.helsinginseutu.fi\/hki\/HS\/Selkosivut_sv\/Selkosivut_sv\/Kollektivtrafiken\/Kundservice\" target=\"_blank\">Helsingforsregionen.fi<\/a><a style=\"font-size: 13px; color: #333333; text-decoration: underline;\" href=\"http:\/\/lexin.nada.kth.se\/lexin\/\" target=\"_blank\">.<\/a><\/li>\n<li>Ruotsinkielisten amisten yhteistuotoksena tuotettuja videomateriaaleja eri ammateista. Hyv\u00e4\u00e4 sanastoa ja suomenruotsalaisten murteiden kirjoa. L\u00f6yd\u00e4tk\u00f6 oman alasi?\u00a0<a style=\"color: #333333; text-decoration: underline;\" href=\"http:\/\/yrken.substans.fi\/videon\/\" target=\"_blank\">Yrken.substans.fi<\/a><\/li>\n<li>Kim L\u00e4nsi-Uudenmaan ammattiopistosta opiskelee ajoneuvoasentajaksi ja kertoo opinnoistaan <a style=\"color: #333333; text-decoration: underline;\" href=\"http:\/\/vetamix.net\/video\/open-mind-fordonsmekaniker_3129\" target=\"_blank\">Vetamixin<\/a> sivuilla. Kirjoita itsellesi muistiinpanoina\u00a0sis\u00e4lt\u00f6\/sanat\/ asiat suomeksi, joita ymm\u00e4rsit.<\/li>\n<li><a href=\"http:\/\/lexin.nada.kth.se\/lexin\/\" target=\"_blank\">Lexin <\/a>on ruotsalainen nettisivu, jossa voi harjoitella kielen eri osa-alueita. Katso ja kuuntele videoilta arkiel\u00e4m\u00e4n tilanteita ja k\u00e4yt\u00e4 kattavia sanalistoja kielten opiskeluun.<\/li>\n<\/ol>\n<ul>\n<li>Ohje: Klikkaa BILDER OCH FILMER-osiota.<\/li>\n<li>Valitse kieli SPR\u00c5K-kohdasta (valitse svenska).<\/li>\n<li>Valitse animationsteman (videot) tai bildteman (kuvat)<\/li>\n<\/ul>\n<p>\u00a0<\/p>\n<p><strong>Yhteiseen tuottamiseen:<\/strong><\/p>\n<ol>\n<li><a style=\"color: #333333; text-decoration: underline;\" href=\"http:\/\/ruotsia-ammattiin.wikispaces.com\/\">www.wikispaces.com<\/a><\/li>\n<li><a style=\"color: #333333; text-decoration: underline;\" href=\"https:\/\/onedrive.live.com\/about\/fi-fi\/#\" target=\"_blank\">OneDrive<\/a><\/li>\n<li><a style=\"color: #333333; text-decoration: underline;\" href=\"https:\/\/fronter.com\/vantaa\/\" target=\"_blank\">Fronter<\/a><\/li>\n<\/ol>\n<p>\u00a0<\/p>\n<p><strong>Yhteydenpitoon ja ohjaukseen tarpeen mukaan my\u00f6s:<\/strong><\/p>\n<p><a style=\"color: #333333; text-decoration: underline;\" href=\"https:\/\/www.facebook.com\/\" target=\"_blank\">Facebook<\/a>\u00a0tai muu sosiaalisen median alusta.<\/p>\n","protected":false},"excerpt":{"rendered":"<p>Hy\u00f6dyllisi\u00e4 linkkej\u00e4 ruotsin opiskeluun, var s\u00e5 goda! Ready-Study-Go-Ahead! on EU:n tukema nettiopiskelumateriaali ammattiin opiskeleville. Ruotsin kielen matskuista l\u00f6ytyy arkiel\u00e4m\u00e4n tilanteita ja autoalan sanastoa. Kuuntele arkiel\u00e4m\u00e4n tilanteita ruotsiksi Pohjola-Nordenin sivuilla. Kuuntele ja toista per\u00e4ss\u00e4 arkiel\u00e4m\u00e4n fraaseja Quizletissa. Europassi\u00a0kokoaa osaamisen, ty\u00f6kokemuksen, opinnot ja tutkinnot selke\u00e4ksi kokonaisuudeksi.\u00a0K\u00e4yt\u00e4 Europassia, kun haet ty\u00f6- tai opiskelupaikkaa tai etsit osaavia ty\u00f6ntekij\u00f6it\u00e4. Helsingin &hellip; <a href=\"https:\/\/verkkovaria.fi\/yhteiset\/ruotsi1\/linkit\/\">Continued<\/a><\/p>\n","protected":false},"author":2,"featured_media":0,"parent":0,"menu_order":0,"comment_status":"closed","ping_status":"open","template":"","meta":{"footnotes":"","_links_to":"","_links_to_target":""},"class_list":["post-113","page","type-page","status-publish","hentry"],"_links":{"self":[{"href":"https:\/\/verkkovaria.fi\/yhteiset\/ruotsi1\/wp-json\/wp\/v2\/pages\/113","targetHints":{"allow":["GET"]}}],"collection":[{"href":"https:\/\/verkkovaria.fi\/yhteiset\/ruotsi1\/wp-json\/wp\/v2\/pages"}],"about":[{"href":"https:\/\/verkkovaria.fi\/yhteiset\/ruotsi1\/wp-json\/wp\/v2\/types\/page"}],"author":[{"embeddable":true,"href":"https:\/\/verkkovaria.fi\/yhteiset\/ruotsi1\/wp-json\/wp\/v2\/users\/2"}],"replies":[{"embeddable":true,"href":"https:\/\/verkkovaria.fi\/yhteiset\/ruotsi1\/wp-json\/wp\/v2\/comments?post=113"}],"version-history":[{"count":26,"href":"https:\/\/verkkovaria.fi\/yhteiset\/ruotsi1\/wp-json\/wp\/v2\/pages\/113\/revisions"}],"predecessor-version":[{"id":842,"href":"https:\/\/verkkovaria.fi\/yhteiset\/ruotsi1\/wp-json\/wp\/v2\/pages\/113\/revisions\/842"}],"wp:attachment":[{"href":"https:\/\/verkkovaria.fi\/yhteiset\/ruotsi1\/wp-json\/wp\/v2\/media?parent=113"}],"curies":[{"name":"wp","href":"https:\/\/api.w.org\/{rel}","templated":true}]}}