{"id":49,"date":"2015-02-27T09:00:38","date_gmt":"2015-02-27T09:00:38","guid":{"rendered":"http:\/\/verkkovaria.fi\/yhteiset\/fyke1\/?page_id=49"},"modified":"2015-12-18T10:59:44","modified_gmt":"2015-12-18T10:59:44","slug":"alkusivu-2-2","status":"publish","type":"page","link":"https:\/\/verkkovaria.fi\/yhteiset\/fyke1\/","title":{"rendered":"Fysiikka"},"content":{"rendered":"<p style=\"text-align: left;\"><strong>Tervetuloa opiskelemaan fysiikkaa!<br \/> <\/strong><\/p>\n<p style=\"text-align: left;\">Fysiikka on luonnonilmi\u00f6it\u00e4 ja rakenteita tutkiva tieteenala. Kokeellisin menetelmin pyrit\u00e4\u00e4n selvitt\u00e4m\u00e4\u00e4n luonnon perusrakennetta ja -ilmi\u00f6it\u00e4. N\u00e4it\u00e4 ilmi\u00f6it\u00e4 ovat esimerkiksi s\u00e4hk\u00f6, \u00e4\u00e4ni ja valo. Ilmi\u00f6t ovat olemassa kaikkialla ymp\u00e4rill\u00e4mme ja niiden taustalla olevien luonnonlakien ymm\u00e4rt\u00e4minen on usein hy\u00f6dyllist\u00e4.<\/p>\n<p style=\"text-align: left;\">Ohjeet t\u00e4m\u00e4n verkkototeutuksen tekemiseen l\u00f6yd\u00e4t kohdasta Opiskelijalle &gt; <a href=\"http:\/\/verkkovaria.fi\/yhteiset\/fyke1\/opiskeluprosessi\/\">Opiskeluprosessi<\/a>.<\/p>\n<p style=\"text-align: left;\">\u00a0<\/p>\n<p style=\"text-align: left;\">\u00a0<\/p>\n<p><img loading=\"lazy\" decoding=\"async\" src=\"http:\/\/verkkovaria.fi\/yhteiset\/fyke1\/wp-content\/uploads\/2015\/02\/105-300x201.jpg\" alt=\"105\" width=\"300\" height=\"201\" \/><\/p>\n","protected":false},"excerpt":{"rendered":"<p>Tervetuloa opiskelemaan fysiikkaa! Fysiikka on luonnonilmi\u00f6it\u00e4 ja rakenteita tutkiva tieteenala. Kokeellisin menetelmin pyrit\u00e4\u00e4n selvitt\u00e4m\u00e4\u00e4n luonnon perusrakennetta ja -ilmi\u00f6it\u00e4. N\u00e4it\u00e4 ilmi\u00f6it\u00e4 ovat esimerkiksi s\u00e4hk\u00f6, \u00e4\u00e4ni ja valo. Ilmi\u00f6t ovat olemassa kaikkialla ymp\u00e4rill\u00e4mme ja niiden taustalla olevien luonnonlakien ymm\u00e4rt\u00e4minen on usein hy\u00f6dyllist\u00e4. Ohjeet t\u00e4m\u00e4n verkkototeutuksen tekemiseen l\u00f6yd\u00e4t kohdasta Opiskelijalle &gt; Opiskeluprosessi. \u00a0 \u00a0<\/p>\n","protected":false},"author":1,"featured_media":243,"parent":0,"menu_order":0,"comment_status":"closed","ping_status":"open","template":"frontpage.php","meta":{"footnotes":"","_links_to":"","_links_to_target":""},"class_list":["post-49","page","type-page","status-publish","has-post-thumbnail","hentry"],"_links":{"self":[{"href":"https:\/\/verkkovaria.fi\/yhteiset\/fyke1\/wp-json\/wp\/v2\/pages\/49","targetHints":{"allow":["GET"]}}],"collection":[{"href":"https:\/\/verkkovaria.fi\/yhteiset\/fyke1\/wp-json\/wp\/v2\/pages"}],"about":[{"href":"https:\/\/verkkovaria.fi\/yhteiset\/fyke1\/wp-json\/wp\/v2\/types\/page"}],"author":[{"embeddable":true,"href":"https:\/\/verkkovaria.fi\/yhteiset\/fyke1\/wp-json\/wp\/v2\/users\/1"}],"replies":[{"embeddable":true,"href":"https:\/\/verkkovaria.fi\/yhteiset\/fyke1\/wp-json\/wp\/v2\/comments?post=49"}],"version-history":[{"count":31,"href":"https:\/\/verkkovaria.fi\/yhteiset\/fyke1\/wp-json\/wp\/v2\/pages\/49\/revisions"}],"predecessor-version":[{"id":427,"href":"https:\/\/verkkovaria.fi\/yhteiset\/fyke1\/wp-json\/wp\/v2\/pages\/49\/revisions\/427"}],"wp:featuredmedia":[{"embeddable":true,"href":"https:\/\/verkkovaria.fi\/yhteiset\/fyke1\/wp-json\/wp\/v2\/media\/243"}],"wp:attachment":[{"href":"https:\/\/verkkovaria.fi\/yhteiset\/fyke1\/wp-json\/wp\/v2\/media?parent=49"}],"curies":[{"name":"wp","href":"https:\/\/api.w.org\/{rel}","templated":true}]}}