{"id":9,"date":"2014-10-28T11:33:23","date_gmt":"2014-10-28T11:33:23","guid":{"rendered":"http:\/\/verkkovaria.fi\/tekniikka\/sisavalmistusvaihe\/?page_id=9"},"modified":"2017-04-10T08:50:21","modified_gmt":"2017-04-10T06:50:21","slug":"tehtavat","status":"publish","type":"page","link":"https:\/\/verkkovaria.fi\/tekniikka\/sisavalmistusvaihe\/tehtavat\/","title":{"rendered":"TEHT\u00c4V\u00c4T"},"content":{"rendered":"<p>T\u00e4\u00e4lt\u00e4 l\u00f6yd\u00e4t teht\u00e4v\u00e4t.<\/p>\n<p>&nbsp;<\/p>\n<p><a href=\"http:\/\/verkkovaria.fi\/tekniikka\/sisavalmistusvaihe\/tehtavat\/tehtava-6-tehtavat-fronterissa\/\">Teht\u00e4v\u00e4 1 \u2013 Teht\u00e4v\u00e4t Fronterissa<\/a><\/p>\n<p><a style=\"color: #333333; text-decoration: underline;\" title=\"Teht\u00e4v\u00e4 6 \u2013 Ty\u00f6oheet\" href=\"http:\/\/verkkovaria.fi\/tekniikka\/sisavalmistusvaihe\/about\/tehtavat\/tehtava-6-tyooheet\/\">Teht\u00e4v\u00e4 2 &#8211; Ty\u00f6ohjeet<\/a><\/p>\n","protected":false},"excerpt":{"rendered":"<p>T\u00e4\u00e4lt\u00e4 l\u00f6yd\u00e4t teht\u00e4v\u00e4t. &nbsp; Teht\u00e4v\u00e4 1 \u2013 Teht\u00e4v\u00e4t Fronterissa Teht\u00e4v\u00e4 2 &#8211; Ty\u00f6ohjeet<\/p>\n","protected":false},"author":1,"featured_media":0,"parent":0,"menu_order":0,"comment_status":"closed","ping_status":"closed","template":"","meta":{"footnotes":"","_links_to":"","_links_to_target":""},"class_list":["post-9","page","type-page","status-publish","hentry"],"_links":{"self":[{"href":"https:\/\/verkkovaria.fi\/tekniikka\/sisavalmistusvaihe\/wp-json\/wp\/v2\/pages\/9","targetHints":{"allow":["GET"]}}],"collection":[{"href":"https:\/\/verkkovaria.fi\/tekniikka\/sisavalmistusvaihe\/wp-json\/wp\/v2\/pages"}],"about":[{"href":"https:\/\/verkkovaria.fi\/tekniikka\/sisavalmistusvaihe\/wp-json\/wp\/v2\/types\/page"}],"author":[{"embeddable":true,"href":"https:\/\/verkkovaria.fi\/tekniikka\/sisavalmistusvaihe\/wp-json\/wp\/v2\/users\/1"}],"replies":[{"embeddable":true,"href":"https:\/\/verkkovaria.fi\/tekniikka\/sisavalmistusvaihe\/wp-json\/wp\/v2\/comments?post=9"}],"version-history":[{"count":14,"href":"https:\/\/verkkovaria.fi\/tekniikka\/sisavalmistusvaihe\/wp-json\/wp\/v2\/pages\/9\/revisions"}],"predecessor-version":[{"id":594,"href":"https:\/\/verkkovaria.fi\/tekniikka\/sisavalmistusvaihe\/wp-json\/wp\/v2\/pages\/9\/revisions\/594"}],"wp:attachment":[{"href":"https:\/\/verkkovaria.fi\/tekniikka\/sisavalmistusvaihe\/wp-json\/wp\/v2\/media?parent=9"}],"curies":[{"name":"wp","href":"https:\/\/api.w.org\/{rel}","templated":true}]}}