{"id":464,"date":"2015-09-21T13:52:53","date_gmt":"2015-09-21T11:52:53","guid":{"rendered":"http:\/\/verkkovaria.fi\/tekniikka\/sisavalmistusvaihe\/?page_id=464"},"modified":"2017-04-10T08:45:27","modified_gmt":"2017-04-10T06:45:27","slug":"opiskeluprosessi-2","status":"publish","type":"page","link":"https:\/\/verkkovaria.fi\/tekniikka\/sisavalmistusvaihe\/opiskeluprosessi-2\/","title":{"rendered":"Opiskeluprosessi"},"content":{"rendered":"<p style=\"text-align: left;\">N\u00e4m\u00e4 verkko-opinnot\u00a0opiskellaan\u00a0ty\u00f6ss\u00e4oppimisjakson aikana.<br \/>\nYksi ty\u00f6ss\u00e4oppimisjakso kest\u00e4\u00e4 noin 9 viikkoa.<\/p>\n<p style=\"text-align: left;\">Ennen ty\u00f6ss\u00e4oppimiseen l\u00e4ht\u00f6\u00e4\u00a0varmistetaan, ett\u00e4<\/p>\n<ul style=\"text-align: left;\">\n<li>p\u00e4\u00e4set kirjautumaan Fronteriin<\/li>\n<li>ymm\u00e4rr\u00e4t, mit\u00e4 ty\u00f6ss\u00e4oppimispaikalla pit\u00e4\u00e4 tehd\u00e4<\/li>\n<\/ul>\n<p style=\"text-align: left;\">Ty\u00f6ss\u00e4oppimispaikalla, ty\u00f6ss\u00e4oppimisjakson aikana<\/p>\n<ul style=\"text-align: left;\">\n<li>otat\u00a0teht\u00e4viin liittyvi\u00e4 valokuvia ja videoita.<\/li>\n<li>teet kaikki teht\u00e4v\u00e4t Fronteriin.<\/li>\n<li>teet ty\u00f6selosteen sis\u00e4valmistusvaiheen t\u00f6ist\u00e4si.<\/li>\n<li>Jos ty\u00f6paikalla ei ole mahdollista tehd\u00e4 teht\u00e4vi\u00e4 tai tehd\u00e4 ty\u00f6selostetta, niin voit tehd\u00e4 ne ty\u00f6ss\u00e4oppimisjakson lopussa oppilaitoksessa.<\/li>\n<li>saat palautetta opettajalta tehdyist\u00e4 teht\u00e4vist\u00e4<\/li>\n<\/ul>\n<p style=\"text-align: left;\">Ty\u00f6ss\u00e4oppimisjakson lopussa<\/p>\n<ul style=\"text-align: left;\">\n<li>voit tarvittaessa tulla viimeistelem\u00e4\u00e4n t\u00f6it\u00e4si koululle<\/li>\n<\/ul>\n<p>Jos haluat opiskella sis\u00e4valmistusvaiheen verkko-opintoja, niin ota yhteytt\u00e4:<br \/>\nLiisa Huittinen<br \/>\nliisa.huittinen(at)eduvantaa.fi<br \/>\n043 825 4944<\/p>\n<p>Voit my\u00f6s olla yhteydess\u00e4 ryhm\u00e4nohjaajaan tai opinto-ohjaajaan. He ohjaavat sinua opinnoissasi eteenp\u00e4in.<\/p>\n","protected":false},"excerpt":{"rendered":"<p>N\u00e4m\u00e4 verkko-opinnot\u00a0opiskellaan\u00a0ty\u00f6ss\u00e4oppimisjakson aikana. Yksi ty\u00f6ss\u00e4oppimisjakso kest\u00e4\u00e4 noin 9 viikkoa. Ennen ty\u00f6ss\u00e4oppimiseen l\u00e4ht\u00f6\u00e4\u00a0varmistetaan, ett\u00e4 p\u00e4\u00e4set kirjautumaan Fronteriin ymm\u00e4rr\u00e4t, mit\u00e4 ty\u00f6ss\u00e4oppimispaikalla pit\u00e4\u00e4 tehd\u00e4 Ty\u00f6ss\u00e4oppimispaikalla, ty\u00f6ss\u00e4oppimisjakson aikana otat\u00a0teht\u00e4viin liittyvi\u00e4 valokuvia ja videoita. teet kaikki teht\u00e4v\u00e4t Fronteriin. teet ty\u00f6selosteen sis\u00e4valmistusvaiheen t\u00f6ist\u00e4si. Jos ty\u00f6paikalla ei ole mahdollista tehd\u00e4 teht\u00e4vi\u00e4 tai tehd\u00e4 ty\u00f6selostetta, niin voit tehd\u00e4 ne ty\u00f6ss\u00e4oppimisjakson lopussa oppilaitoksessa. saat &hellip; <a href=\"https:\/\/verkkovaria.fi\/tekniikka\/sisavalmistusvaihe\/opiskeluprosessi-2\/\">Continued<\/a><\/p>\n","protected":false},"author":3,"featured_media":0,"parent":0,"menu_order":0,"comment_status":"closed","ping_status":"closed","template":"","meta":{"footnotes":"","_links_to":"","_links_to_target":""},"class_list":["post-464","page","type-page","status-publish","hentry"],"_links":{"self":[{"href":"https:\/\/verkkovaria.fi\/tekniikka\/sisavalmistusvaihe\/wp-json\/wp\/v2\/pages\/464","targetHints":{"allow":["GET"]}}],"collection":[{"href":"https:\/\/verkkovaria.fi\/tekniikka\/sisavalmistusvaihe\/wp-json\/wp\/v2\/pages"}],"about":[{"href":"https:\/\/verkkovaria.fi\/tekniikka\/sisavalmistusvaihe\/wp-json\/wp\/v2\/types\/page"}],"author":[{"embeddable":true,"href":"https:\/\/verkkovaria.fi\/tekniikka\/sisavalmistusvaihe\/wp-json\/wp\/v2\/users\/3"}],"replies":[{"embeddable":true,"href":"https:\/\/verkkovaria.fi\/tekniikka\/sisavalmistusvaihe\/wp-json\/wp\/v2\/comments?post=464"}],"version-history":[{"count":17,"href":"https:\/\/verkkovaria.fi\/tekniikka\/sisavalmistusvaihe\/wp-json\/wp\/v2\/pages\/464\/revisions"}],"predecessor-version":[{"id":593,"href":"https:\/\/verkkovaria.fi\/tekniikka\/sisavalmistusvaihe\/wp-json\/wp\/v2\/pages\/464\/revisions\/593"}],"wp:attachment":[{"href":"https:\/\/verkkovaria.fi\/tekniikka\/sisavalmistusvaihe\/wp-json\/wp\/v2\/media?parent=464"}],"curies":[{"name":"wp","href":"https:\/\/api.w.org\/{rel}","templated":true}]}}