{"id":369,"date":"2015-06-09T12:15:34","date_gmt":"2015-06-09T10:15:34","guid":{"rendered":"http:\/\/verkkovaria.fi\/tekniikka\/sisavalmistusvaihe\/?page_id=369"},"modified":"2016-06-21T16:26:24","modified_gmt":"2016-06-21T14:26:24","slug":"opettajalle-2","status":"publish","type":"page","link":"https:\/\/verkkovaria.fi\/tekniikka\/sisavalmistusvaihe\/opettajalle-2\/","title":{"rendered":"Opettajalle"},"content":{"rendered":"<p>N\u00e4m\u00e4 verkko-opinnot soveltuvat toteutettavaksi osana Sis\u00e4valmistusvaiheen t\u00f6iden opintoja.<br \/>\nSis\u00e4ll\u00f6n tavoitteena on lis\u00e4t\u00e4 opiskelijoiden tietoutta sis\u00e4valmistusvaiheen t\u00f6ist\u00e4 ja niihin liittyvist\u00e4 teht\u00e4vist\u00e4.<\/p>\n<p>Sis\u00e4valmistuksen verkkototeutus opiskellaan p\u00e4\u00e4osin\u00a0ty\u00f6ss\u00e4oppimisjakson aikana. Opintoihin liittyy kaksi l\u00e4hikontaktikertaa, joista toinen on ennen ty\u00f6ss\u00e4oppimisen ja verkkototeutuksen alkua ja toinen opintojen\u00a0p\u00e4\u00e4ttyess\u00e4.<\/p>\n<p>Tekij\u00e4:<br \/>\nLiisa Huittinen<br \/>\nliisa.huittinen(at)eduvantaa.fi<br \/>\n043 825 4944<\/p>\n<p>&nbsp;<\/p>\n","protected":false},"excerpt":{"rendered":"<p>N\u00e4m\u00e4 verkko-opinnot soveltuvat toteutettavaksi osana Sis\u00e4valmistusvaiheen t\u00f6iden opintoja. Sis\u00e4ll\u00f6n tavoitteena on lis\u00e4t\u00e4 opiskelijoiden tietoutta sis\u00e4valmistusvaiheen t\u00f6ist\u00e4 ja niihin liittyvist\u00e4 teht\u00e4vist\u00e4. Sis\u00e4valmistuksen verkkototeutus opiskellaan p\u00e4\u00e4osin\u00a0ty\u00f6ss\u00e4oppimisjakson aikana. Opintoihin liittyy kaksi l\u00e4hikontaktikertaa, joista toinen on ennen ty\u00f6ss\u00e4oppimisen ja verkkototeutuksen alkua ja toinen opintojen\u00a0p\u00e4\u00e4ttyess\u00e4. Tekij\u00e4: Liisa Huittinen liisa.huittinen(at)eduvantaa.fi 043 825 4944 &nbsp;<\/p>\n","protected":false},"author":3,"featured_media":0,"parent":0,"menu_order":0,"comment_status":"open","ping_status":"open","template":"subpage.php","meta":{"footnotes":"","_links_to":"","_links_to_target":""},"class_list":["post-369","page","type-page","status-publish","hentry"],"_links":{"self":[{"href":"https:\/\/verkkovaria.fi\/tekniikka\/sisavalmistusvaihe\/wp-json\/wp\/v2\/pages\/369","targetHints":{"allow":["GET"]}}],"collection":[{"href":"https:\/\/verkkovaria.fi\/tekniikka\/sisavalmistusvaihe\/wp-json\/wp\/v2\/pages"}],"about":[{"href":"https:\/\/verkkovaria.fi\/tekniikka\/sisavalmistusvaihe\/wp-json\/wp\/v2\/types\/page"}],"author":[{"embeddable":true,"href":"https:\/\/verkkovaria.fi\/tekniikka\/sisavalmistusvaihe\/wp-json\/wp\/v2\/users\/3"}],"replies":[{"embeddable":true,"href":"https:\/\/verkkovaria.fi\/tekniikka\/sisavalmistusvaihe\/wp-json\/wp\/v2\/comments?post=369"}],"version-history":[{"count":6,"href":"https:\/\/verkkovaria.fi\/tekniikka\/sisavalmistusvaihe\/wp-json\/wp\/v2\/pages\/369\/revisions"}],"predecessor-version":[{"id":579,"href":"https:\/\/verkkovaria.fi\/tekniikka\/sisavalmistusvaihe\/wp-json\/wp\/v2\/pages\/369\/revisions\/579"}],"wp:attachment":[{"href":"https:\/\/verkkovaria.fi\/tekniikka\/sisavalmistusvaihe\/wp-json\/wp\/v2\/media?parent=369"}],"curies":[{"name":"wp","href":"https:\/\/api.w.org\/{rel}","templated":true}]}}