{"id":245,"date":"2015-04-15T08:41:15","date_gmt":"2015-04-15T08:41:15","guid":{"rendered":"http:\/\/verkkovaria.fi\/tekniikka\/sisavalmistusvaihe\/?page_id=245"},"modified":"2017-04-10T08:34:06","modified_gmt":"2017-04-10T06:34:06","slug":"tehtava-6-tyooheet","status":"publish","type":"page","link":"https:\/\/verkkovaria.fi\/tekniikka\/sisavalmistusvaihe\/tehtavat\/tehtava-6-tyooheet\/","title":{"rendered":"Teht\u00e4v\u00e4 2 &#8211; Ty\u00f6ohjeet"},"content":{"rendered":"<p>T\u00e4m\u00e4n teht\u00e4v\u00e4n tarkoituksena on opetella sis\u00e4valmistusvaiheen t\u00f6ihin liittyv\u00e4t ty\u00f6t ja ty\u00f6vaiheet oman tekemisen kautta. Lis\u00e4ksi tarkoituksena on opetella analysoimaan omaa tekemist\u00e4 ja tuottamaan ohjeita muille.<\/p>\n<p>Sis\u00e4valmistusvaiheen t\u00f6ihin kuuluvat seuraavat ty\u00f6t:<\/p>\n<ul>\n<li>Ikkuna- ja ulko-oviasennukset<\/li>\n<li>Kalusteasennus<\/li>\n<li>Kuivatilan lattia<\/li>\n<li>Kuivatilan sein\u00e4t<\/li>\n<li>Kuivien tilojen katto<\/li>\n<li>M\u00e4rk\u00e4tilan lattia<\/li>\n<li>M\u00e4rk\u00e4tilan sein\u00e4t<\/li>\n<li>Panelointi<\/li>\n<li>Sauna<\/li>\n<li>V\u00e4lioviasennukset, heloitukset ja s\u00e4lekaihtimet<\/li>\n<\/ul>\n<p>1. Valitse itsellesi sopiva ty\u00f6teht\u00e4v\u00e4 ja kerro sen tekemisest\u00e4 ty\u00f6selosteessasi.<\/p>\n<p>2. Videoi tai kirjoita Wordill\u00e4\/Power Pointilla tms. yksityiskohtainen ty\u00f6ohje tekem\u00e4st\u00e4si ty\u00f6st\u00e4.<br \/>\nOhjeen pit\u00e4\u00e4 olla sellainen, ett\u00e4 jokainen pystyisi sen avulla tekem\u00e4\u00e4n kyseisen ty\u00f6n.<\/p>\n<p>Muista kertoa ainakin:<\/p>\n<ol>\n<li>Mit\u00e4 tehd\u00e4\u00e4n?<\/li>\n<li>Miten tehd\u00e4\u00e4n?<\/li>\n<li>Mit\u00e4 materiaaleja, tarvikkeita, koneita ja laitteita tarvitaan?<\/li>\n<li>Ty\u00f6turvallisuus. Mit\u00e4 pit\u00e4\u00e4 ottaa huomioon ty\u00f6vaiheita teht\u00e4ess\u00e4? Miten ty\u00f6turvallisuus varmistetaan?<\/li>\n<li>Milt\u00e4 tuntui tehd\u00e4 ko. ty\u00f6t\u00e4?<\/li>\n<\/ol>\n<p>Lis\u00e4\u00e4 mukaan itse ottamiasi kuvia ja\/tai videoita eri ty\u00f6vaiheista.<\/p>\n<p>3. Palauta ty\u00f6seloste Fronterin huoneeseen \u201dSis\u00e4valmistusvaiheen ty\u00f6t\u201d.<\/p>\n<p>T\u00e4ss\u00e4 linkki ensimm\u00e4iseen teht\u00e4v\u00e4\u00e4n:<br \/>\n<a style=\"color: #333333; text-decoration: underline;\" href=\"http:\/\/verkkovaria.fi\/tekniikka\/sisavalmistusvaihe\/about\/tehtavat\/tehtava-6-tehtavat-fronterissa\/\">Teht\u00e4v\u00e4 1\u2013 Teht\u00e4v\u00e4t Fronterissa<\/a><\/p>\n","protected":false},"excerpt":{"rendered":"<p>T\u00e4m\u00e4n teht\u00e4v\u00e4n tarkoituksena on opetella sis\u00e4valmistusvaiheen t\u00f6ihin liittyv\u00e4t ty\u00f6t ja ty\u00f6vaiheet oman tekemisen kautta. Lis\u00e4ksi tarkoituksena on opetella analysoimaan omaa tekemist\u00e4 ja tuottamaan ohjeita muille. Sis\u00e4valmistusvaiheen t\u00f6ihin kuuluvat seuraavat ty\u00f6t: Ikkuna- ja ulko-oviasennukset Kalusteasennus Kuivatilan lattia Kuivatilan sein\u00e4t Kuivien tilojen katto M\u00e4rk\u00e4tilan lattia M\u00e4rk\u00e4tilan sein\u00e4t Panelointi Sauna V\u00e4lioviasennukset, heloitukset ja s\u00e4lekaihtimet 1. Valitse itsellesi sopiva &hellip; <a href=\"https:\/\/verkkovaria.fi\/tekniikka\/sisavalmistusvaihe\/tehtavat\/tehtava-6-tyooheet\/\">Continued<\/a><\/p>\n","protected":false},"author":1,"featured_media":0,"parent":9,"menu_order":5,"comment_status":"closed","ping_status":"closed","template":"","meta":{"footnotes":"","_links_to":"","_links_to_target":""},"class_list":["post-245","page","type-page","status-publish","hentry"],"_links":{"self":[{"href":"https:\/\/verkkovaria.fi\/tekniikka\/sisavalmistusvaihe\/wp-json\/wp\/v2\/pages\/245","targetHints":{"allow":["GET"]}}],"collection":[{"href":"https:\/\/verkkovaria.fi\/tekniikka\/sisavalmistusvaihe\/wp-json\/wp\/v2\/pages"}],"about":[{"href":"https:\/\/verkkovaria.fi\/tekniikka\/sisavalmistusvaihe\/wp-json\/wp\/v2\/types\/page"}],"author":[{"embeddable":true,"href":"https:\/\/verkkovaria.fi\/tekniikka\/sisavalmistusvaihe\/wp-json\/wp\/v2\/users\/1"}],"replies":[{"embeddable":true,"href":"https:\/\/verkkovaria.fi\/tekniikka\/sisavalmistusvaihe\/wp-json\/wp\/v2\/comments?post=245"}],"version-history":[{"count":16,"href":"https:\/\/verkkovaria.fi\/tekniikka\/sisavalmistusvaihe\/wp-json\/wp\/v2\/pages\/245\/revisions"}],"predecessor-version":[{"id":589,"href":"https:\/\/verkkovaria.fi\/tekniikka\/sisavalmistusvaihe\/wp-json\/wp\/v2\/pages\/245\/revisions\/589"}],"up":[{"embeddable":true,"href":"https:\/\/verkkovaria.fi\/tekniikka\/sisavalmistusvaihe\/wp-json\/wp\/v2\/pages\/9"}],"wp:attachment":[{"href":"https:\/\/verkkovaria.fi\/tekniikka\/sisavalmistusvaihe\/wp-json\/wp\/v2\/media?parent=245"}],"curies":[{"name":"wp","href":"https:\/\/api.w.org\/{rel}","templated":true}]}}