{"id":2,"date":"2014-10-26T20:53:25","date_gmt":"2014-10-26T20:53:25","guid":{"rendered":"http:\/\/verkkovaria.fi\/tekniikka\/sisavalmistusvaihe\/?page_id=2"},"modified":"2017-04-10T10:01:59","modified_gmt":"2017-04-10T08:01:59","slug":"about","status":"publish","type":"page","link":"https:\/\/verkkovaria.fi\/tekniikka\/sisavalmistusvaihe\/about\/","title":{"rendered":"OPISKELIJALLE"},"content":{"rendered":"<p>Sis\u00e4valmistust\u00f6iden verkko-opintoihin kuuluu kaksi osaa, jotka molemmat suoritetaan ty\u00f6ss\u00e4oppimisjakson aikana:<\/p>\n<p>1. Teoriateht\u00e4vien tekeminen Fronteriin<\/p>\n<p>2 . Ty\u00f6selosteen tekeminen ja sen palautus Fronteriin.<\/p>\n<p>Jos haluat opiskella sis\u00e4valmistusvaiheen verkko-opintoja, niin ota yhteytt\u00e4:<br \/>\nLiisa Huittinen<br \/>\nliisa.huittinen(at)eduvantaa.fi<br \/>\n043 825 4944<\/p>\n<p>Voit my\u00f6s olla yhteydess\u00e4 ryhm\u00e4nohjaajaasi tai opinto-ohjaajaan. He ohjaavat sinua opinnoissasi eteenp\u00e4in.<\/p>\n<p>T\u00e4ss\u00e4 linkit teht\u00e4viin:<br \/>\n<a style=\"color: #333333; text-decoration: underline;\" href=\"http:\/\/verkkovaria.fi\/tekniikka\/sisavalmistusvaihe\/about\/tehtavat\/tehtava-6-tehtavat-fronterissa\/\">Teht\u00e4v\u00e4 1 \u2013 Teht\u00e4v\u00e4t Fronterissa<br \/>\n<\/a><a href=\"http:\/\/verkkovaria.fi\/tekniikka\/sisavalmistusvaihe\/tehtavat\/tehtava-6-tyooheet\/\">Teht\u00e4v\u00e4 2 &#8211; Ty\u00f6ohjeet<\/a><\/p>\n","protected":false},"excerpt":{"rendered":"<p>Sis\u00e4valmistust\u00f6iden verkko-opintoihin kuuluu kaksi osaa, jotka molemmat suoritetaan ty\u00f6ss\u00e4oppimisjakson aikana: 1. Teoriateht\u00e4vien tekeminen Fronteriin 2 . Ty\u00f6selosteen tekeminen ja sen palautus Fronteriin. Jos haluat opiskella sis\u00e4valmistusvaiheen verkko-opintoja, niin ota yhteytt\u00e4: Liisa Huittinen liisa.huittinen(at)eduvantaa.fi 043 825 4944 Voit my\u00f6s olla yhteydess\u00e4 ryhm\u00e4nohjaajaasi tai opinto-ohjaajaan. He ohjaavat sinua opinnoissasi eteenp\u00e4in. T\u00e4ss\u00e4 linkit teht\u00e4viin: Teht\u00e4v\u00e4 1 \u2013 Teht\u00e4v\u00e4t &hellip; <a href=\"https:\/\/verkkovaria.fi\/tekniikka\/sisavalmistusvaihe\/about\/\">Continued<\/a><\/p>\n","protected":false},"author":1,"featured_media":0,"parent":0,"menu_order":0,"comment_status":"closed","ping_status":"closed","template":"","meta":{"footnotes":"","_links_to":"","_links_to_target":""},"class_list":["post-2","page","type-page","status-publish","hentry"],"_links":{"self":[{"href":"https:\/\/verkkovaria.fi\/tekniikka\/sisavalmistusvaihe\/wp-json\/wp\/v2\/pages\/2","targetHints":{"allow":["GET"]}}],"collection":[{"href":"https:\/\/verkkovaria.fi\/tekniikka\/sisavalmistusvaihe\/wp-json\/wp\/v2\/pages"}],"about":[{"href":"https:\/\/verkkovaria.fi\/tekniikka\/sisavalmistusvaihe\/wp-json\/wp\/v2\/types\/page"}],"author":[{"embeddable":true,"href":"https:\/\/verkkovaria.fi\/tekniikka\/sisavalmistusvaihe\/wp-json\/wp\/v2\/users\/1"}],"replies":[{"embeddable":true,"href":"https:\/\/verkkovaria.fi\/tekniikka\/sisavalmistusvaihe\/wp-json\/wp\/v2\/comments?post=2"}],"version-history":[{"count":25,"href":"https:\/\/verkkovaria.fi\/tekniikka\/sisavalmistusvaihe\/wp-json\/wp\/v2\/pages\/2\/revisions"}],"predecessor-version":[{"id":596,"href":"https:\/\/verkkovaria.fi\/tekniikka\/sisavalmistusvaihe\/wp-json\/wp\/v2\/pages\/2\/revisions\/596"}],"wp:attachment":[{"href":"https:\/\/verkkovaria.fi\/tekniikka\/sisavalmistusvaihe\/wp-json\/wp\/v2\/media?parent=2"}],"curies":[{"name":"wp","href":"https:\/\/api.w.org\/{rel}","templated":true}]}}