{"id":168,"date":"2015-02-23T13:58:06","date_gmt":"2015-02-23T13:58:06","guid":{"rendered":"http:\/\/verkkovaria.fi\/tekniikka\/sisavalmistusvaihe\/?page_id=168"},"modified":"2015-04-15T09:32:46","modified_gmt":"2015-04-15T09:32:46","slug":"kalusteiden-asennus","status":"publish","type":"page","link":"https:\/\/verkkovaria.fi\/tekniikka\/sisavalmistusvaihe\/about\/teoriaa\/kalusteiden-asennus\/","title":{"rendered":"Kalusteiden asennus"},"content":{"rendered":"<p>Kalusteet asennetaan ja kiinnitet\u00e4\u00e4n kalustepiirustuksien mukaisesti. Ennen kalusteiden asennusta tarkistetaan, ett\u00e4 kalusteet mahtuvat paikalleen. Lis\u00e4ksi tarkistetaan\u00a0lattian, seinien ja sein\u00e4n nurkkien pystysuoruus ja suorakulmaisuus sek\u00e4 kalusteiden kiinnityskohdat. Jos puurunkoisesta sein\u00e4st\u00e4 puuttuvat kiinnitysaluslaudat, voidaan sein\u00e4n p\u00e4\u00e4lle ruuvata tai naulata kiinnityslaudat tai kohdistaa kiinnitykset runkotolppiin. Alustan virheit\u00e4 voidaan korjata k\u00e4ytt\u00e4m\u00e4ll\u00e4 kiiloja (puu- ja muovikiilat) ja s\u00e4\u00e4t\u00f6jalkoja sek\u00e4 kaappien etureunojen yhteen ruuvausta kaappien heftauksen j\u00e4lkeen ennen lopullista kiinnityst\u00e4 sein\u00e4\u00e4n.<\/p>\n<p>Kaappien paikat sein\u00e4\u00e4n kannattaa mitoittaa vaaka- ja pystysuoraan ennen asennusta, jotta esim. ala- ja yl\u00e4kaapit tulisivat samaan linjaan ja maustehyllyn sek\u00e4 liesituulettimen kiinnitys viereisiin kaappeihin onnistuisi. Kalusteisiin tehd\u00e4\u00e4n l\u00e4pivientireiki\u00e4 hanakulmille, viem\u00e4reille sek\u00e4 s\u00e4hk\u00f6jen koje- ja jakorasia-asennuksille.<\/p>\n<p>Kalusteet kiinnitet\u00e4\u00e4n joko proppauksella kiviseiniin tai ruuveilla puuseiniin v\u00e4hint\u00e4\u00e4n k 600 \u2013 jaolla. Normaalisti ala- ja yl\u00e4kaappien v\u00e4li on 460, mutta se voi olla my\u00f6s sovitettu laattajakoon. Keitti\u00f6n alakaapit kiinnitet\u00e4\u00e4n yl\u00e4reunan kiinnityslistasta ja yl\u00e4kaapit sek\u00e4 yl\u00e4- ett\u00e4 alareunan kiinnityslistasta.<\/p>\n<p>Tiskip\u00f6yd\u00e4n ja astianpesukoneen alusta ja tausta on vesieritett\u00e4v\u00e4 ennen kalusteasennusta.\u00a0Tiskip\u00f6yd\u00e4n jalkalistaan tehd\u00e4\u00e4n vesireik\u00e4 vesivuodon havaitsemiseksi. Lis\u00e4ksi voidaan astianpesukoneen alle asentaa vuotoveden valukaukalo.<\/p>\n<p>Keitti\u00f6n kaapeista voidaan asentaa ensin joko ala- tai yl\u00e4kaapit. Asennusty\u00f6n helpottamiseksi voidaan k\u00e4ytt\u00e4\u00e4 yl\u00e4kaappien vaakaohjurilautaa sein\u00e4ss\u00e4 tai alakaappien p\u00e4\u00e4lle asennettavaa pukkia.<\/p>\n<p>Jos asennusty\u00f6t\u00e4 tekee kaksi miest\u00e4, voidaan 2 &#8211; 3 kaappia asentaa yhteen ennen nostoa sein\u00e4lle ja kiinnityst\u00e4.<\/p>\n<p>Kalusteiden v\u00e4lit seinist\u00e4, katosta ja lattiasta peitet\u00e4\u00e4n peitelistoilla, jotka naulataan viimeistelynaulaimella tai ruuvataan kiinni klosseihin ja kaappeihin. N\u00e4kyviin tulevien peitelistojen ja p\u00f6yt\u00e4levyjen p\u00e4ihin laitetaan peitenauha joko kontaktiliimalla liimaamalla\u00a0tai kuumahitsaamalla.<\/p>\n<p>Alakaappien p\u00f6yt\u00e4levyt ja tiskip\u00f6yt\u00e4 kiinnitet\u00e4\u00e4n ruuvaamalla alapuolelta joko kiinnikkeill\u00e4 tai alakaapin listoista. Tiskip\u00f6yd\u00e4n alakaapin alanurkat tiivistet\u00e4\u00e4n silikonilla.<\/p>\n<p>Kylpyhuoneen ja wc:n kaapit kiinnitet\u00e4\u00e4n yleens\u00e4 sein\u00e4\u00e4n tai s\u00e4\u00e4t\u00f6jalkojen varaan. Makuuhuoneiden ja eteisen kaapit kiinnitet\u00e4\u00e4n etureunasta yhteen ja yl\u00e4reunan listasta sein\u00e4\u00e4n v\u00e4hint\u00e4\u00e4n k 600. Vaatehuoneisiin asennetaan seiniin kiinnitett\u00e4v\u00e4t korkeussuunnassa s\u00e4\u00e4dett\u00e4v\u00e4t hyllyt. Kalusteiden ovilevyt ovat valmiiksi saranoituja, ovilevyt ruuvataan kalusterunkoihin ja ovilevyjen s\u00e4\u00e4t\u00f6 tapahtuu saranaruuveista. Ovilevyjen vetimien kiinnitysrei\u00e4t porataan sapluunalevyn avulla. Liukuovia varten kiinnitet\u00e4\u00e4n lattiaan ja kattoon tai kaapin yl\u00e4reunaan urakiskot, joiden v\u00e4liin nostetaan peiliovet, jotka s\u00e4\u00e4det\u00e4\u00e4n oikeaan korkeuteen alareunanasta.<\/p>\n","protected":false},"excerpt":{"rendered":"<p>Kalusteet asennetaan ja kiinnitet\u00e4\u00e4n kalustepiirustuksien mukaisesti. Ennen kalusteiden asennusta tarkistetaan, ett\u00e4 kalusteet mahtuvat paikalleen. Lis\u00e4ksi tarkistetaan\u00a0lattian, seinien ja sein\u00e4n nurkkien pystysuoruus ja suorakulmaisuus sek\u00e4 kalusteiden kiinnityskohdat. Jos puurunkoisesta sein\u00e4st\u00e4 puuttuvat kiinnitysaluslaudat, voidaan sein\u00e4n p\u00e4\u00e4lle ruuvata tai naulata kiinnityslaudat tai kohdistaa kiinnitykset runkotolppiin. Alustan virheit\u00e4 voidaan korjata k\u00e4ytt\u00e4m\u00e4ll\u00e4 kiiloja (puu- ja muovikiilat) ja s\u00e4\u00e4t\u00f6jalkoja sek\u00e4 kaappien &hellip; <a href=\"https:\/\/verkkovaria.fi\/tekniikka\/sisavalmistusvaihe\/about\/teoriaa\/kalusteiden-asennus\/\">Continued<\/a><\/p>\n","protected":false},"author":1,"featured_media":0,"parent":156,"menu_order":0,"comment_status":"open","ping_status":"open","template":"","meta":{"footnotes":"","_links_to":"","_links_to_target":""},"class_list":["post-168","page","type-page","status-publish","hentry"],"_links":{"self":[{"href":"https:\/\/verkkovaria.fi\/tekniikka\/sisavalmistusvaihe\/wp-json\/wp\/v2\/pages\/168","targetHints":{"allow":["GET"]}}],"collection":[{"href":"https:\/\/verkkovaria.fi\/tekniikka\/sisavalmistusvaihe\/wp-json\/wp\/v2\/pages"}],"about":[{"href":"https:\/\/verkkovaria.fi\/tekniikka\/sisavalmistusvaihe\/wp-json\/wp\/v2\/types\/page"}],"author":[{"embeddable":true,"href":"https:\/\/verkkovaria.fi\/tekniikka\/sisavalmistusvaihe\/wp-json\/wp\/v2\/users\/1"}],"replies":[{"embeddable":true,"href":"https:\/\/verkkovaria.fi\/tekniikka\/sisavalmistusvaihe\/wp-json\/wp\/v2\/comments?post=168"}],"version-history":[{"count":3,"href":"https:\/\/verkkovaria.fi\/tekniikka\/sisavalmistusvaihe\/wp-json\/wp\/v2\/pages\/168\/revisions"}],"predecessor-version":[{"id":256,"href":"https:\/\/verkkovaria.fi\/tekniikka\/sisavalmistusvaihe\/wp-json\/wp\/v2\/pages\/168\/revisions\/256"}],"up":[{"embeddable":true,"href":"https:\/\/verkkovaria.fi\/tekniikka\/sisavalmistusvaihe\/wp-json\/wp\/v2\/pages\/156"}],"wp:attachment":[{"href":"https:\/\/verkkovaria.fi\/tekniikka\/sisavalmistusvaihe\/wp-json\/wp\/v2\/media?parent=168"}],"curies":[{"name":"wp","href":"https:\/\/api.w.org\/{rel}","templated":true}]}}