{"id":166,"date":"2015-02-23T13:57:14","date_gmt":"2015-02-23T13:57:14","guid":{"rendered":"http:\/\/verkkovaria.fi\/tekniikka\/sisavalmistusvaihe\/?page_id=166"},"modified":"2015-04-15T09:17:53","modified_gmt":"2015-04-15T09:17:53","slug":"ikkunoiden-ja-ulko-ovien-asennus","status":"publish","type":"page","link":"https:\/\/verkkovaria.fi\/tekniikka\/sisavalmistusvaihe\/about\/teoriaa\/ikkunoiden-ja-ulko-ovien-asennus\/","title":{"rendered":"Ikkunoiden ja ulko-ovien asennus"},"content":{"rendered":"<p>Ikkunat ja ulko-ovet asennetaan piirustusten mukaisesti oikeaan runkosyvyyteen ja korkoon. Ikkunat saadaan alareunasta oikeaan korkoon korkoruuvien tai korko-palojen avulla. Vatupassilla tarkistetaan vaaka- ja pystysuoruus. Karmien kiinnitys kiinnitysreist\u00e4 karmiruuveilla puurunkoon tai elementin peltisiin karmikenkiin tai ns. puutiileihin.<\/p>\n<p>Karmituksessa voidaan my\u00f6s pystysaumoissa\u00a0k\u00e4ytt\u00e4\u00e4 apuna kiiloja, jotka katkaistaan karmin tasoon. Kiilat voidaan poistaa spu \u2013vaahdotuksen j\u00e4lkeen. Ikkunoiden ja ovien suorakulmaisuus tarkistetaan ristiin mittauksella, s\u00e4\u00e4t\u00f6kiilauksella ja karmiruuveilla.\u00a0Puitteiden ja ovien k\u00e4ynti s\u00e4\u00e4det\u00e4\u00e4n saranoista.<\/p>\n<p>Huom! Oven karmin alareuna l\u00e4htee valmiista lattiapinnan tasosta, eli karmin alle pit\u00e4\u00e4 mahtua esim. laminaatti tai lautaparketti.<\/p>\n<p>Moduulimitoitettujen ikkunoiden ja ulko-ovien tilkevara on v\u00e4hint\u00e4\u00e4n 10mm. Rako t\u00e4ytet\u00e4\u00e4n spu\u2013vaahdolla ja samalla tuetaan sis\u00e4karmiv\u00e4li laudoilla ristiin (karmin ja laudan v\u00e4liin pehmuste tai laudan pala, jottei karmiin tule j\u00e4lki\u00e4).\u00a0Ulkoreuna j\u00e4tet\u00e4\u00e4n\u00a0v\u00e4h\u00e4n vajaaksi\u00a0(50 -100mm), ja voidaan tiivist\u00e4\u00e4 mineraali- tai selluvillalla\u00a0karmin lahoamisvaaran takia.<\/p>\n<p>Sis\u00e4sauman ylipursunut spu leikataan pois ja tiivistet\u00e4\u00e4n elastisella massalla sis\u00e4reunasta. Ikkunoiden ja ovien suorakulmaisuus tarkistetaan ristiin mittauksella ja s\u00e4\u00e4t\u00f6kiilauksella (puu- tai muovikiilat). Karmit kiinnitet\u00e4\u00e4n\u00a0karmiruuveilla. Puitteet ja\u00a0ovien k\u00e4ynti s\u00e4\u00e4det\u00e4\u00e4n saranoista.<\/p>\n<p>Jos lattiapinta ei ole valmis, asennetaan ovikarmi\u00a0 +1000 \u2013koron avulla.\u00a0Korko merkit\u00e4\u00e4n oviaukon molempiin pieliin ja karmin molempiin reunoihin, et\u00e4isyys karmin alareunasta 1000mm. Karmi on oikeassa asennuskorossa, kun aukon ja karmin\u00a0 +1000 \u2013korot ovat samalla tasolla. Oven karmin saranapuoli asennetaan ensin ja lukkopuoli ovilevyn k\u00e4yntiin sopivaksi pystysuoruus\u00a0huomioiden.<\/p>\n<p>Ikkunoiden ja ulko-ovien asennuksesta l\u00f6ytyy tietoa my\u00f6s netist\u00e4. Sielt\u00e4 l\u00f6yd\u00e4t my\u00f6s paljon ty\u00f6- ja asennusvideoita.<\/p>\n","protected":false},"excerpt":{"rendered":"<p>Ikkunat ja ulko-ovet asennetaan piirustusten mukaisesti oikeaan runkosyvyyteen ja korkoon. Ikkunat saadaan alareunasta oikeaan korkoon korkoruuvien tai korko-palojen avulla. Vatupassilla tarkistetaan vaaka- ja pystysuoruus. Karmien kiinnitys kiinnitysreist\u00e4 karmiruuveilla puurunkoon tai elementin peltisiin karmikenkiin tai ns. puutiileihin. Karmituksessa voidaan my\u00f6s pystysaumoissa\u00a0k\u00e4ytt\u00e4\u00e4 apuna kiiloja, jotka katkaistaan karmin tasoon. Kiilat voidaan poistaa spu \u2013vaahdotuksen j\u00e4lkeen. Ikkunoiden ja ovien &hellip; <a href=\"https:\/\/verkkovaria.fi\/tekniikka\/sisavalmistusvaihe\/about\/teoriaa\/ikkunoiden-ja-ulko-ovien-asennus\/\">Continued<\/a><\/p>\n","protected":false},"author":1,"featured_media":0,"parent":156,"menu_order":0,"comment_status":"open","ping_status":"open","template":"","meta":{"footnotes":"","_links_to":"","_links_to_target":""},"class_list":["post-166","page","type-page","status-publish","hentry"],"_links":{"self":[{"href":"https:\/\/verkkovaria.fi\/tekniikka\/sisavalmistusvaihe\/wp-json\/wp\/v2\/pages\/166","targetHints":{"allow":["GET"]}}],"collection":[{"href":"https:\/\/verkkovaria.fi\/tekniikka\/sisavalmistusvaihe\/wp-json\/wp\/v2\/pages"}],"about":[{"href":"https:\/\/verkkovaria.fi\/tekniikka\/sisavalmistusvaihe\/wp-json\/wp\/v2\/types\/page"}],"author":[{"embeddable":true,"href":"https:\/\/verkkovaria.fi\/tekniikka\/sisavalmistusvaihe\/wp-json\/wp\/v2\/users\/1"}],"replies":[{"embeddable":true,"href":"https:\/\/verkkovaria.fi\/tekniikka\/sisavalmistusvaihe\/wp-json\/wp\/v2\/comments?post=166"}],"version-history":[{"count":5,"href":"https:\/\/verkkovaria.fi\/tekniikka\/sisavalmistusvaihe\/wp-json\/wp\/v2\/pages\/166\/revisions"}],"predecessor-version":[{"id":254,"href":"https:\/\/verkkovaria.fi\/tekniikka\/sisavalmistusvaihe\/wp-json\/wp\/v2\/pages\/166\/revisions\/254"}],"up":[{"embeddable":true,"href":"https:\/\/verkkovaria.fi\/tekniikka\/sisavalmistusvaihe\/wp-json\/wp\/v2\/pages\/156"}],"wp:attachment":[{"href":"https:\/\/verkkovaria.fi\/tekniikka\/sisavalmistusvaihe\/wp-json\/wp\/v2\/media?parent=166"}],"curies":[{"name":"wp","href":"https:\/\/api.w.org\/{rel}","templated":true}]}}