{"id":127,"date":"2015-02-09T13:25:00","date_gmt":"2015-02-09T13:25:00","guid":{"rendered":"http:\/\/verkkovaria.fi\/tekniikka\/sisavalmistusvaihe\/?page_id=127"},"modified":"2017-04-10T12:17:32","modified_gmt":"2017-04-10T10:17:32","slug":"etusivu","status":"publish","type":"page","link":"https:\/\/verkkovaria.fi\/tekniikka\/sisavalmistusvaihe\/","title":{"rendered":"Sis\u00e4valmistusvaiheen ty\u00f6t"},"content":{"rendered":"<p style=\"text-align: left;\">Tervetuloa sis\u00e4valmistusvaiheen t\u00f6iden ihmeelliseen maailmaan!<\/p>\n<p style=\"text-align: left;\">T\u00e4m\u00e4 verkossa ja ty\u00f6ss\u00e4oppimispaikalla suoritettava tutkinnon osan sis\u00e4lt\u00f6 perehdytt\u00e4\u00e4 sinua tarkemmin sis\u00e4valmistusvaiheen t\u00f6ihin\u00a0ja\u00a0tukee ty\u00f6ss\u00e4oppimistasi. Verkkototeutuksen tavoitteena on opitun soveltaminen k\u00e4yt\u00e4nt\u00f6\u00f6n ja k\u00e4yt\u00e4nn\u00f6nl\u00e4heisen n\u00e4k\u00f6kulman tuominen sis\u00e4valmistust\u00f6iden opiskeluun. Voit suorittaa tutkinnon osan\u00a0ty\u00f6ss\u00e4oppimisjaksosi aikana.<\/p>\n<p style=\"text-align: left;\">Alkuun p\u00e4\u00e4set valikosta <a style=\"color: #333333; text-decoration: underline;\" title=\"Opiskelijalle\" href=\"http:\/\/verkkovaria.fi\/tekniikka\/sisavalmistusvaihe\/about\/\">Opiskelijalle,<\/a>\u00a0mist\u00e4 l\u00f6yd\u00e4t kaikki verkko-opintojen teht\u00e4v\u00e4t sek\u00e4 muuta hy\u00f6dyllist\u00e4 tietoa sis\u00e4valmistusvaiheen t\u00f6ist\u00e4 ja verkko-opintojen suorittamisesta.<\/p>\n<p style=\"text-align: left;\">Opettaja seuraa ja ohjaa teht\u00e4viesi edistymist\u00e4 koko ty\u00f6ss\u00e4oppimisjakson ajan.<\/p>\n<p style=\"text-align: left;\">Jos haluat opiskella sis\u00e4valmistusvaiheen verkko-opintoja, niin ota yhteytt\u00e4:<br \/>\nLiisa Huittinen<br \/>\nliisa.huittinen(at)eduvantaa.fi<br \/>\n043 825 4944<\/p>\n<p style=\"text-align: left;\">Voit my\u00f6s olla yhteydess\u00e4 ryhm\u00e4nohjaajaasi tai opinto-ohjaajaan. He ohjaavat sinua opinnoissasi eteenp\u00e4in.<\/p>\n","protected":false},"excerpt":{"rendered":"<p>Tervetuloa sis\u00e4valmistusvaiheen t\u00f6iden ihmeelliseen maailmaan! T\u00e4m\u00e4 verkossa ja ty\u00f6ss\u00e4oppimispaikalla suoritettava tutkinnon osan sis\u00e4lt\u00f6 perehdytt\u00e4\u00e4 sinua tarkemmin sis\u00e4valmistusvaiheen t\u00f6ihin\u00a0ja\u00a0tukee ty\u00f6ss\u00e4oppimistasi. Verkkototeutuksen tavoitteena on opitun soveltaminen k\u00e4yt\u00e4nt\u00f6\u00f6n ja k\u00e4yt\u00e4nn\u00f6nl\u00e4heisen n\u00e4k\u00f6kulman tuominen sis\u00e4valmistust\u00f6iden opiskeluun. Voit suorittaa tutkinnon osan\u00a0ty\u00f6ss\u00e4oppimisjaksosi aikana. Alkuun p\u00e4\u00e4set valikosta Opiskelijalle,\u00a0mist\u00e4 l\u00f6yd\u00e4t kaikki verkko-opintojen teht\u00e4v\u00e4t sek\u00e4 muuta hy\u00f6dyllist\u00e4 tietoa sis\u00e4valmistusvaiheen t\u00f6ist\u00e4 ja verkko-opintojen suorittamisesta. Opettaja seuraa &hellip; <a href=\"https:\/\/verkkovaria.fi\/tekniikka\/sisavalmistusvaihe\/\">Continued<\/a><\/p>\n","protected":false},"author":1,"featured_media":0,"parent":0,"menu_order":0,"comment_status":"closed","ping_status":"closed","template":"frontpage.php","meta":{"footnotes":"","_links_to":"","_links_to_target":""},"class_list":["post-127","page","type-page","status-publish","hentry"],"_links":{"self":[{"href":"https:\/\/verkkovaria.fi\/tekniikka\/sisavalmistusvaihe\/wp-json\/wp\/v2\/pages\/127","targetHints":{"allow":["GET"]}}],"collection":[{"href":"https:\/\/verkkovaria.fi\/tekniikka\/sisavalmistusvaihe\/wp-json\/wp\/v2\/pages"}],"about":[{"href":"https:\/\/verkkovaria.fi\/tekniikka\/sisavalmistusvaihe\/wp-json\/wp\/v2\/types\/page"}],"author":[{"embeddable":true,"href":"https:\/\/verkkovaria.fi\/tekniikka\/sisavalmistusvaihe\/wp-json\/wp\/v2\/users\/1"}],"replies":[{"embeddable":true,"href":"https:\/\/verkkovaria.fi\/tekniikka\/sisavalmistusvaihe\/wp-json\/wp\/v2\/comments?post=127"}],"version-history":[{"count":25,"href":"https:\/\/verkkovaria.fi\/tekniikka\/sisavalmistusvaihe\/wp-json\/wp\/v2\/pages\/127\/revisions"}],"predecessor-version":[{"id":597,"href":"https:\/\/verkkovaria.fi\/tekniikka\/sisavalmistusvaihe\/wp-json\/wp\/v2\/pages\/127\/revisions\/597"}],"wp:attachment":[{"href":"https:\/\/verkkovaria.fi\/tekniikka\/sisavalmistusvaihe\/wp-json\/wp\/v2\/media?parent=127"}],"curies":[{"name":"wp","href":"https:\/\/api.w.org\/{rel}","templated":true}]}}