{"id":123,"date":"2015-02-09T13:22:36","date_gmt":"2015-02-09T13:22:36","guid":{"rendered":"http:\/\/verkkovaria.fi\/tekniikka\/sisavalmistusvaihe\/?page_id=123"},"modified":"2016-06-19T13:47:34","modified_gmt":"2016-06-19T11:47:34","slug":"linkit","status":"publish","type":"page","link":"https:\/\/verkkovaria.fi\/tekniikka\/sisavalmistusvaihe\/linkit\/","title":{"rendered":"LINKIT"},"content":{"rendered":"<p><strong>Linkkivinkkej\u00e4 opiskelun tueksi:<\/strong><\/p>\n<p><strong>Fronter<br \/>\n<\/strong><a style=\"color: #333333; text-decoration: underline;\" href=\"https:\/\/fronter.com\/vantaa\/\" target=\"_blank\">https:\/\/fronter.com\/vantaa\/<\/a><strong><br \/>\n<\/strong><\/p>\n<p><strong>Youtube<\/strong>sta l\u00f6ytyy monia yksityiskohtaisia ty\u00f6videoita erilaisista\u00a0sis\u00e4valmistusvaiheen t\u00f6ist\u00e4. Tutustu my\u00f6s niihin.<\/p>\n<p>My\u00f6s muualta netist\u00e4 l\u00f6ytyy paljon k\u00e4yt\u00e4nn\u00f6nl\u00e4heist\u00e4 tietoa, k\u00e4yt\u00e4 hyv\u00e4ksesi tiedon hakua!<\/p>\n<p>&nbsp;<\/p>\n","protected":false},"excerpt":{"rendered":"<p>Linkkivinkkej\u00e4 opiskelun tueksi: Fronter https:\/\/fronter.com\/vantaa\/ Youtubesta l\u00f6ytyy monia yksityiskohtaisia ty\u00f6videoita erilaisista\u00a0sis\u00e4valmistusvaiheen t\u00f6ist\u00e4. Tutustu my\u00f6s niihin. My\u00f6s muualta netist\u00e4 l\u00f6ytyy paljon k\u00e4yt\u00e4nn\u00f6nl\u00e4heist\u00e4 tietoa, k\u00e4yt\u00e4 hyv\u00e4ksesi tiedon hakua! &nbsp;<\/p>\n","protected":false},"author":1,"featured_media":0,"parent":0,"menu_order":4,"comment_status":"closed","ping_status":"closed","template":"","meta":{"footnotes":"","_links_to":"","_links_to_target":""},"class_list":["post-123","page","type-page","status-publish","hentry"],"_links":{"self":[{"href":"https:\/\/verkkovaria.fi\/tekniikka\/sisavalmistusvaihe\/wp-json\/wp\/v2\/pages\/123","targetHints":{"allow":["GET"]}}],"collection":[{"href":"https:\/\/verkkovaria.fi\/tekniikka\/sisavalmistusvaihe\/wp-json\/wp\/v2\/pages"}],"about":[{"href":"https:\/\/verkkovaria.fi\/tekniikka\/sisavalmistusvaihe\/wp-json\/wp\/v2\/types\/page"}],"author":[{"embeddable":true,"href":"https:\/\/verkkovaria.fi\/tekniikka\/sisavalmistusvaihe\/wp-json\/wp\/v2\/users\/1"}],"replies":[{"embeddable":true,"href":"https:\/\/verkkovaria.fi\/tekniikka\/sisavalmistusvaihe\/wp-json\/wp\/v2\/comments?post=123"}],"version-history":[{"count":9,"href":"https:\/\/verkkovaria.fi\/tekniikka\/sisavalmistusvaihe\/wp-json\/wp\/v2\/pages\/123\/revisions"}],"predecessor-version":[{"id":569,"href":"https:\/\/verkkovaria.fi\/tekniikka\/sisavalmistusvaihe\/wp-json\/wp\/v2\/pages\/123\/revisions\/569"}],"wp:attachment":[{"href":"https:\/\/verkkovaria.fi\/tekniikka\/sisavalmistusvaihe\/wp-json\/wp\/v2\/media?parent=123"}],"curies":[{"name":"wp","href":"https:\/\/api.w.org\/{rel}","templated":true}]}}