{"id":16,"date":"2014-10-27T13:03:22","date_gmt":"2014-10-27T13:03:22","guid":{"rendered":"http:\/\/verkkovaria.fi\/taydentavat\/kulttuurintuntemus_saksa\/?page_id=16"},"modified":"2016-06-28T10:10:44","modified_gmt":"2016-06-28T10:10:44","slug":"etusivu-2","status":"publish","type":"page","link":"https:\/\/verkkovaria.fi\/taydentavat\/kulttuurintuntemus_saksa\/","title":{"rendered":"Kulttuurin tuntemus, saksa"},"content":{"rendered":"<p style=\"text-align: left;\"><strong>Tervetuloa Varian saksan kielen ja kulttuurin verkkototeutukseen!<\/strong><\/p>\n<p style=\"text-align: left;\">T\u00e4ss\u00e4 verkkototeutuksessa opiskelijalla on mahdollisuus opiskella kaksi sis\u00e4lt\u00f6\u00e4 saksan kielest\u00e4 ja kulttuurista. Sis\u00e4ll\u00f6t on suunniteltu kaikille saksan kielest\u00e4 ja kulttuurista kiinnostuneille opiskelijoille, mutta ne soveltuvat erityisesti opiskelijoille, jotka ovat l\u00e4hd\u00f6ss\u00e4 ty\u00f6ss\u00e4oppimaan Saksaan. Verkkototeutuksissa opiskelija p\u00e4\u00e4see tutustumaan niin Saksaan valtiona ja maan kulttuuriin kuin my\u00f6s opiskelemaan saksan kielen alkeita. Kieliopinnoissa keskityt\u00e4\u00e4n hy\u00f6dyllisiin sanoihin, sanontoihin ja rakenteisiin, joista on apua arkiel\u00e4m\u00e4n tilanteissa. Opiskelijat harjoittelevat my\u00f6s oman alansa keskeist\u00e4 sanastoa saksan kielell\u00e4.<\/p>\n<p style=\"text-align: left;\"><strong>Saksa 1:\u00a0Saksalainen ty\u00f6kulttuuri (kulttuurien tuntemus)<\/strong><\/p>\n<p style=\"text-align: left;\">Verkkototeutuksessa opiskelijat tutustuvat erityisesti Saksaan maana, sen kulttuurillisiin piirteisiin niin arjessa kuin ty\u00f6el\u00e4m\u00e4ss\u00e4, sek\u00e4 p\u00e4\u00e4sev\u00e4t opiskelemaan saksan kielen perussanontoja. Opiskelijat p\u00e4\u00e4sev\u00e4t my\u00f6s opiskelemaan oman alansa keskeist\u00e4 sanastoa saksan kielell\u00e4.<\/p>\n<p style=\"text-align: left;\"><strong>Saksa 2: Saksan kielen alkeet (vieraat kielet, B-kieli)<\/strong><\/p>\n<p style=\"text-align: left;\">Verkkototeutuksessa perehdyt\u00e4\u00e4n saksan kielen sanastoon, sanontohin ja rakenteisiin, joista on hy\u00f6ty\u00e4 niin arkiel\u00e4m\u00e4n kuin my\u00f6s ty\u00f6el\u00e4m\u00e4n tilanteissa saksankielisess\u00e4 maassa. Teemoina ovat mm. tervehtiminen, asioiminen ostoksilla ja kahvilassa, ajanilmaukset ja numerot, itsest\u00e4, vapaa-ajasta ja perheest\u00e4 kertominen. My\u00f6s oman alan keskeist\u00e4 sanastoa laajennetaan ja syvennet\u00e4\u00e4n t\u00e4ss\u00e4 verkkototeutuksessa.<\/p>\n","protected":false},"excerpt":{"rendered":"<p>Tervetuloa Varian saksan kielen ja kulttuurin verkkototeutukseen! T\u00e4ss\u00e4 verkkototeutuksessa opiskelijalla on mahdollisuus opiskella kaksi sis\u00e4lt\u00f6\u00e4 saksan kielest\u00e4 ja kulttuurista. Sis\u00e4ll\u00f6t on suunniteltu kaikille saksan kielest\u00e4 ja kulttuurista kiinnostuneille opiskelijoille, mutta ne soveltuvat erityisesti opiskelijoille, jotka ovat l\u00e4hd\u00f6ss\u00e4 ty\u00f6ss\u00e4oppimaan Saksaan. Verkkototeutuksissa opiskelija p\u00e4\u00e4see tutustumaan niin Saksaan valtiona ja maan kulttuuriin kuin my\u00f6s opiskelemaan saksan kielen alkeita. &hellip; <a href=\"https:\/\/verkkovaria.fi\/taydentavat\/kulttuurintuntemus_saksa\/\">Continued<\/a><\/p>\n","protected":false},"author":1,"featured_media":0,"parent":0,"menu_order":0,"comment_status":"closed","ping_status":"open","template":"frontpage.php","meta":{"footnotes":"","_links_to":"","_links_to_target":""},"class_list":["post-16","page","type-page","status-publish","hentry"],"_links":{"self":[{"href":"https:\/\/verkkovaria.fi\/taydentavat\/kulttuurintuntemus_saksa\/wp-json\/wp\/v2\/pages\/16","targetHints":{"allow":["GET"]}}],"collection":[{"href":"https:\/\/verkkovaria.fi\/taydentavat\/kulttuurintuntemus_saksa\/wp-json\/wp\/v2\/pages"}],"about":[{"href":"https:\/\/verkkovaria.fi\/taydentavat\/kulttuurintuntemus_saksa\/wp-json\/wp\/v2\/types\/page"}],"author":[{"embeddable":true,"href":"https:\/\/verkkovaria.fi\/taydentavat\/kulttuurintuntemus_saksa\/wp-json\/wp\/v2\/users\/1"}],"replies":[{"embeddable":true,"href":"https:\/\/verkkovaria.fi\/taydentavat\/kulttuurintuntemus_saksa\/wp-json\/wp\/v2\/comments?post=16"}],"version-history":[{"count":19,"href":"https:\/\/verkkovaria.fi\/taydentavat\/kulttuurintuntemus_saksa\/wp-json\/wp\/v2\/pages\/16\/revisions"}],"predecessor-version":[{"id":790,"href":"https:\/\/verkkovaria.fi\/taydentavat\/kulttuurintuntemus_saksa\/wp-json\/wp\/v2\/pages\/16\/revisions\/790"}],"wp:attachment":[{"href":"https:\/\/verkkovaria.fi\/taydentavat\/kulttuurintuntemus_saksa\/wp-json\/wp\/v2\/media?parent=16"}],"curies":[{"name":"wp","href":"https:\/\/api.w.org\/{rel}","templated":true}]}}