{"id":50,"date":"2014-11-10T12:02:00","date_gmt":"2014-11-10T12:02:00","guid":{"rendered":"http:\/\/verkkovaria.fi\/taydentavat\/kulttuurintuntemus_ranska\/?page_id=50"},"modified":"2016-06-28T09:37:49","modified_gmt":"2016-06-28T09:37:49","slug":"tehtava-4","status":"publish","type":"page","link":"https:\/\/verkkovaria.fi\/taydentavat\/kulttuurintuntemus_ranska\/tehtava-4\/","title":{"rendered":"Exercice 4: Des situations quotidiennes"},"content":{"rendered":"<p><strong>Arkip\u00e4iv\u00e4n tilanteita<\/strong><\/p>\n<p><strong>Teht\u00e4v\u00e4n tavoite:<\/strong> selviyty\u00e4 arkip\u00e4iv\u00e4n tilanteista ranskaksi kulttuurin vaatimalla tavalla<\/p>\n<p><strong>Teht\u00e4v\u00e4:<\/strong><\/p>\n<p>1) Tutustu Ylen ranskan abitreenit \u2013sivujen <a style=\"color: #333333; text-decoration: underline;\" href=\"http:\/\/yle.fi\/aihe\/artikkeli\/2015\/12\/15\/ranska-0\" target=\"_blank\">Ranska<\/a>\u00a0-osioon. T\u00e4\u00e4ll\u00e4 saat kulttuuritietoa, opit t\u00e4rke\u00e4\u00e4 sanastoa arkip\u00e4iv\u00e4n tilanteista selvi\u00e4miseen ja pystyt harjoittelemaan kuullunymm\u00e4rt\u00e4mist\u00e4 sek\u00e4 lausumista.<\/p>\n<p>2) Kun olet tutustunut perusteellisesti sivuihin, sinun pit\u00e4isi pysty\u00e4 esitt\u00e4m\u00e4\u00e4n seuraavat tilanteet:<\/p>\n<ul>\n<li>Henkil\u00f6 X esittelee itsens\u00e4 ensimm\u00e4ist\u00e4 kertaa pomolleen<\/li>\n<li>Henkil\u00f6t X ja Y, jotka ovat ty\u00f6kavereita, kyselev\u00e4t toistensa kuulumisia<\/li>\n<li>Henkil\u00f6 X esitt\u00e4\u00e4 jonkin kysymyksen Y:lle, joka pyyt\u00e4\u00e4 X:\u00e4\u00e4 toistamaan kysymyksen<\/li>\n<li>Henkil\u00f6 X kysyy neuvoa henkil\u00f6lt\u00e4 Y metroasemalle, ja Y neuvoo h\u00e4nt\u00e4 oikeaan suuntaan<\/li>\n<li>Henkil\u00f6 X tilaa ruokaa ravintolassa ja pyyt\u00e4\u00e4 laskun<\/li>\n<li>Henkil\u00f6 X on ostoksilla ja kysyy myyj\u00e4lt\u00e4, paljonko tuote maksaa ja maksaa lopulta kortilla<\/li>\n<\/ul>\n<p><strong>Voit joko:<\/strong><\/p>\n<ul>\n<li>tehd\u00e4 sarjakuvia k\u00e4ytt\u00e4m\u00e4ll\u00e4 jotakin sarjakuvasovellusta (esim.Strip Design) ja esitt\u00e4\u00e4 sarjakuvissasi edell\u00e4 mainitut tilanteet ranskaksi<\/li>\n<\/ul>\n<p><strong>tai:<\/strong><\/p>\n<ul>\n<li>tehd\u00e4 yst\u00e4v\u00e4si kanssa videon, jossa esit\u00e4tte edell\u00e4 mainitut tilanteet ranskaksi<\/li>\n<\/ul>\n<p>Valitset sitten kumman tahansa teht\u00e4v\u00e4tyypin, niin muista <strong>kohteliaisuus ja teitittely<\/strong> joka tilanteessa. Ranskassa vain hyvin tuttua ihmist\u00e4 sinutellaan. Palauta ty\u00f6si alkutapaamisessa sovittuun paikkaan.<\/p>\n<p>3) Muista antaa palautetta my\u00f6s jonkun toisen opiskelijan\/parin ty\u00f6st\u00e4.<\/p>\n","protected":false},"excerpt":{"rendered":"<p>Arkip\u00e4iv\u00e4n tilanteita Teht\u00e4v\u00e4n tavoite: selviyty\u00e4 arkip\u00e4iv\u00e4n tilanteista ranskaksi kulttuurin vaatimalla tavalla Teht\u00e4v\u00e4: 1) Tutustu Ylen ranskan abitreenit \u2013sivujen Ranska\u00a0-osioon. T\u00e4\u00e4ll\u00e4 saat kulttuuritietoa, opit t\u00e4rke\u00e4\u00e4 sanastoa arkip\u00e4iv\u00e4n tilanteista selvi\u00e4miseen ja pystyt harjoittelemaan kuullunymm\u00e4rt\u00e4mist\u00e4 sek\u00e4 lausumista. 2) Kun olet tutustunut perusteellisesti sivuihin, sinun pit\u00e4isi pysty\u00e4 esitt\u00e4m\u00e4\u00e4n seuraavat tilanteet: Henkil\u00f6 X esittelee itsens\u00e4 ensimm\u00e4ist\u00e4 kertaa pomolleen Henkil\u00f6t X &hellip; <a href=\"https:\/\/verkkovaria.fi\/taydentavat\/kulttuurintuntemus_ranska\/tehtava-4\/\">Continued<\/a><\/p>\n","protected":false},"author":2,"featured_media":0,"parent":0,"menu_order":0,"comment_status":"closed","ping_status":"open","template":"","meta":{"footnotes":"","_links_to":"","_links_to_target":""},"class_list":["post-50","page","type-page","status-publish","hentry"],"_links":{"self":[{"href":"https:\/\/verkkovaria.fi\/taydentavat\/kulttuurintuntemus_ranska\/wp-json\/wp\/v2\/pages\/50","targetHints":{"allow":["GET"]}}],"collection":[{"href":"https:\/\/verkkovaria.fi\/taydentavat\/kulttuurintuntemus_ranska\/wp-json\/wp\/v2\/pages"}],"about":[{"href":"https:\/\/verkkovaria.fi\/taydentavat\/kulttuurintuntemus_ranska\/wp-json\/wp\/v2\/types\/page"}],"author":[{"embeddable":true,"href":"https:\/\/verkkovaria.fi\/taydentavat\/kulttuurintuntemus_ranska\/wp-json\/wp\/v2\/users\/2"}],"replies":[{"embeddable":true,"href":"https:\/\/verkkovaria.fi\/taydentavat\/kulttuurintuntemus_ranska\/wp-json\/wp\/v2\/comments?post=50"}],"version-history":[{"count":9,"href":"https:\/\/verkkovaria.fi\/taydentavat\/kulttuurintuntemus_ranska\/wp-json\/wp\/v2\/pages\/50\/revisions"}],"predecessor-version":[{"id":593,"href":"https:\/\/verkkovaria.fi\/taydentavat\/kulttuurintuntemus_ranska\/wp-json\/wp\/v2\/pages\/50\/revisions\/593"}],"wp:attachment":[{"href":"https:\/\/verkkovaria.fi\/taydentavat\/kulttuurintuntemus_ranska\/wp-json\/wp\/v2\/media?parent=50"}],"curies":[{"name":"wp","href":"https:\/\/api.w.org\/{rel}","templated":true}]}}