{"id":34,"date":"2014-10-27T13:36:00","date_gmt":"2014-10-27T13:36:00","guid":{"rendered":"http:\/\/verkkovaria.fi\/taydentavat\/kulttuurintuntemus_ranska\/?page_id=34"},"modified":"2016-06-28T09:56:02","modified_gmt":"2016-06-28T09:56:02","slug":"ranskan-kielen-jatko","status":"publish","type":"page","link":"https:\/\/verkkovaria.fi\/taydentavat\/kulttuurintuntemus_ranska\/ranskan-kielen-jatko\/","title":{"rendered":"RANSKAN KIELEN JATKO-OPINTO"},"content":{"rendered":"<p>Opiskelija syventyy ranskan kielen sanastoon ja rakenteisiin. Opiskelija oppii esittelem\u00e4\u00e4n\u00a0Suomea ja suomalaisia, kertomaan s\u00e4\u00e4st\u00e4, vapaa-ajastaan ja itsest\u00e4\u00e4n laajemmin. Nelj\u00e4nness\u00e4 sis\u00e4ll\u00f6ss\u00e4 opiskelijoiden vertaistuki nousee my\u00f6s t\u00e4rke\u00e4\u00e4n rooliin, sill\u00e4 ne opiskelijat, jotka suorittavat sis\u00e4ll\u00f6n\u00a0ty\u00f6ss\u00e4oppimisjakson aikana, t\u00f6rm\u00e4\u00e4v\u00e4t helposti Ranskassa ollessaan sellaisiin sanoihin ja rakenteisiin, joita on vaikea ymm\u00e4rt\u00e4\u00e4, ja niit\u00e4 pohditaan yhteisvoimin &#8211; verkkototeutuksessa onkin k\u00e4yt\u00f6ss\u00e4 niin sanottu keskustelufoorumi, jolla opiskelijat saavat esitt\u00e4\u00e4 kysymyksens\u00e4 muille ja niihin yritet\u00e4\u00e4n l\u00f6yt\u00e4\u00e4 yhdess\u00e4 vastauksia.<\/p>\n<p>T\u00e4t\u00e4 ennen opiskelijan tulee olla opiskellut Ranskalainen kulttuuri ja Ranskan kielen alkeet\u00a0-sis\u00e4ll\u00f6t.<\/p>\n","protected":false},"excerpt":{"rendered":"<p>Opiskelija syventyy ranskan kielen sanastoon ja rakenteisiin. Opiskelija oppii esittelem\u00e4\u00e4n\u00a0Suomea ja suomalaisia, kertomaan s\u00e4\u00e4st\u00e4, vapaa-ajastaan ja itsest\u00e4\u00e4n laajemmin. Nelj\u00e4nness\u00e4 sis\u00e4ll\u00f6ss\u00e4 opiskelijoiden vertaistuki nousee my\u00f6s t\u00e4rke\u00e4\u00e4n rooliin, sill\u00e4 ne opiskelijat, jotka suorittavat sis\u00e4ll\u00f6n\u00a0ty\u00f6ss\u00e4oppimisjakson aikana, t\u00f6rm\u00e4\u00e4v\u00e4t helposti Ranskassa ollessaan sellaisiin sanoihin ja rakenteisiin, joita on vaikea ymm\u00e4rt\u00e4\u00e4, ja niit\u00e4 pohditaan yhteisvoimin &#8211; verkkototeutuksessa onkin k\u00e4yt\u00f6ss\u00e4 niin sanottu &hellip; <a href=\"https:\/\/verkkovaria.fi\/taydentavat\/kulttuurintuntemus_ranska\/ranskan-kielen-jatko\/\">Continued<\/a><\/p>\n","protected":false},"author":2,"featured_media":0,"parent":0,"menu_order":0,"comment_status":"closed","ping_status":"open","template":"","meta":{"footnotes":"","_links_to":"","_links_to_target":""},"class_list":["post-34","page","type-page","status-publish","hentry"],"_links":{"self":[{"href":"https:\/\/verkkovaria.fi\/taydentavat\/kulttuurintuntemus_ranska\/wp-json\/wp\/v2\/pages\/34","targetHints":{"allow":["GET"]}}],"collection":[{"href":"https:\/\/verkkovaria.fi\/taydentavat\/kulttuurintuntemus_ranska\/wp-json\/wp\/v2\/pages"}],"about":[{"href":"https:\/\/verkkovaria.fi\/taydentavat\/kulttuurintuntemus_ranska\/wp-json\/wp\/v2\/types\/page"}],"author":[{"embeddable":true,"href":"https:\/\/verkkovaria.fi\/taydentavat\/kulttuurintuntemus_ranska\/wp-json\/wp\/v2\/users\/2"}],"replies":[{"embeddable":true,"href":"https:\/\/verkkovaria.fi\/taydentavat\/kulttuurintuntemus_ranska\/wp-json\/wp\/v2\/comments?post=34"}],"version-history":[{"count":10,"href":"https:\/\/verkkovaria.fi\/taydentavat\/kulttuurintuntemus_ranska\/wp-json\/wp\/v2\/pages\/34\/revisions"}],"predecessor-version":[{"id":601,"href":"https:\/\/verkkovaria.fi\/taydentavat\/kulttuurintuntemus_ranska\/wp-json\/wp\/v2\/pages\/34\/revisions\/601"}],"wp:attachment":[{"href":"https:\/\/verkkovaria.fi\/taydentavat\/kulttuurintuntemus_ranska\/wp-json\/wp\/v2\/media?parent=34"}],"curies":[{"name":"wp","href":"https:\/\/api.w.org\/{rel}","templated":true}]}}