{"id":210,"date":"2015-04-22T17:46:58","date_gmt":"2015-04-22T17:46:58","guid":{"rendered":"http:\/\/verkkovaria.fi\/taydentavat\/kulttuurintuntemus_ranska\/?page_id=210"},"modified":"2016-06-28T09:58:36","modified_gmt":"2016-06-28T09:58:36","slug":"exercice-1-le-forum-de-discussion","status":"publish","type":"page","link":"https:\/\/verkkovaria.fi\/taydentavat\/kulttuurintuntemus_ranska\/exercice-1-le-forum-de-discussion\/","title":{"rendered":"Exercice 1 : Le forum de discussion"},"content":{"rendered":"<p><strong>Keskustelufoorumi<\/strong><\/p>\n<p><strong>Teht\u00e4v\u00e4n tavoite:<\/strong> luoda opiskelijoiden v\u00e4lille alusta, jonka avulla he voivat esitt\u00e4\u00e4 toisilleen pikaisesti vastaantulevia kysymyksi\u00e4 mahdollisessa ty\u00f6ss\u00e4oppimisessa, ja jonka avulla opiskelijat voivat helposti pit\u00e4\u00e4 toisiinsa yhteytt\u00e4 ulkomaisessa ymp\u00e4rist\u00f6ss\u00e4<\/p>\n<p>Opiskelijat, jotka suorittavat ty\u00f6ss\u00e4oppimisjaksoaan Ranskassa, t\u00f6rm\u00e4\u00e4v\u00e4t todenn\u00e4k\u00f6isesti p\u00e4ivitt\u00e4in sellaisiin sanoihin tai lauseisiin, joita he eiv\u00e4t ymm\u00e4rr\u00e4. Siksi otammekin k\u00e4ytt\u00f6\u00f6n \u201dkeskustelufoorumin\u201d, jonka v\u00e4lityksell\u00e4 opiskelijat voivat kysy\u00e4 heit\u00e4 mietitytt\u00e4vi\u00e4 kysymyksi\u00e4, joihin muut opiskelijat sek\u00e4 opettaja voivat vastata. Kysymysten ja keskustelujen ei tarvitse v\u00e4ltt\u00e4m\u00e4tt\u00e4 suoranaisesti liitty\u00e4 kieleen, vaan ne voivat koskea yht\u00e4 hyvin esimerkiksi jotain k\u00e4yt\u00e4nn\u00f6n ongelmaa, tai opiskelija voi halutessaan jakaa muille jonkin hyv\u00e4n vinkin tai valokuvan reissultaan. \u00a0T\u00e4m\u00e4 keskustelufoorumi on tarkoitettu aiheille, joihin ei ole v\u00e4ltt\u00e4m\u00e4t\u00f6nt\u00e4 vastata pikaisesti. Lis\u00e4ksi avaamme heti kurssien alussa yhteisen WhatsApp-ryhm\u00e4n, jonne opiskelijat voivat l\u00e4hett\u00e4\u00e4 kiireellisempi\u00e4 kysymyksi\u00e4. Vaikka t\u00e4m\u00e4 keskustelufoorumi on nimetty kurssin ensimm\u00e4iseksi teht\u00e4v\u00e4ksi, opiskelijat saavat esitt\u00e4\u00e4 mietteit\u00e4\u00e4n ja ajatuksiaan koko opiskelun ajan. N\u00e4in heill\u00e4 on aina saatavilla vertaistukea ulkomaan ty\u00f6ss\u00e4oppimiseensa.<\/p>\n","protected":false},"excerpt":{"rendered":"<p>Keskustelufoorumi Teht\u00e4v\u00e4n tavoite: luoda opiskelijoiden v\u00e4lille alusta, jonka avulla he voivat esitt\u00e4\u00e4 toisilleen pikaisesti vastaantulevia kysymyksi\u00e4 mahdollisessa ty\u00f6ss\u00e4oppimisessa, ja jonka avulla opiskelijat voivat helposti pit\u00e4\u00e4 toisiinsa yhteytt\u00e4 ulkomaisessa ymp\u00e4rist\u00f6ss\u00e4 Opiskelijat, jotka suorittavat ty\u00f6ss\u00e4oppimisjaksoaan Ranskassa, t\u00f6rm\u00e4\u00e4v\u00e4t todenn\u00e4k\u00f6isesti p\u00e4ivitt\u00e4in sellaisiin sanoihin tai lauseisiin, joita he eiv\u00e4t ymm\u00e4rr\u00e4. Siksi otammekin k\u00e4ytt\u00f6\u00f6n \u201dkeskustelufoorumin\u201d, jonka v\u00e4lityksell\u00e4 opiskelijat voivat kysy\u00e4 heit\u00e4 &hellip; <a href=\"https:\/\/verkkovaria.fi\/taydentavat\/kulttuurintuntemus_ranska\/exercice-1-le-forum-de-discussion\/\">Continued<\/a><\/p>\n","protected":false},"author":2,"featured_media":0,"parent":0,"menu_order":0,"comment_status":"closed","ping_status":"open","template":"","meta":{"footnotes":"","_links_to":"","_links_to_target":""},"class_list":["post-210","page","type-page","status-publish","hentry"],"_links":{"self":[{"href":"https:\/\/verkkovaria.fi\/taydentavat\/kulttuurintuntemus_ranska\/wp-json\/wp\/v2\/pages\/210","targetHints":{"allow":["GET"]}}],"collection":[{"href":"https:\/\/verkkovaria.fi\/taydentavat\/kulttuurintuntemus_ranska\/wp-json\/wp\/v2\/pages"}],"about":[{"href":"https:\/\/verkkovaria.fi\/taydentavat\/kulttuurintuntemus_ranska\/wp-json\/wp\/v2\/types\/page"}],"author":[{"embeddable":true,"href":"https:\/\/verkkovaria.fi\/taydentavat\/kulttuurintuntemus_ranska\/wp-json\/wp\/v2\/users\/2"}],"replies":[{"embeddable":true,"href":"https:\/\/verkkovaria.fi\/taydentavat\/kulttuurintuntemus_ranska\/wp-json\/wp\/v2\/comments?post=210"}],"version-history":[{"count":7,"href":"https:\/\/verkkovaria.fi\/taydentavat\/kulttuurintuntemus_ranska\/wp-json\/wp\/v2\/pages\/210\/revisions"}],"predecessor-version":[{"id":602,"href":"https:\/\/verkkovaria.fi\/taydentavat\/kulttuurintuntemus_ranska\/wp-json\/wp\/v2\/pages\/210\/revisions\/602"}],"wp:attachment":[{"href":"https:\/\/verkkovaria.fi\/taydentavat\/kulttuurintuntemus_ranska\/wp-json\/wp\/v2\/media?parent=210"}],"curies":[{"name":"wp","href":"https:\/\/api.w.org\/{rel}","templated":true}]}}