{"id":195,"date":"2015-04-22T17:39:58","date_gmt":"2015-04-22T17:39:58","guid":{"rendered":"http:\/\/verkkovaria.fi\/taydentavat\/kulttuurintuntemus_ranska\/?page_id=195"},"modified":"2016-06-28T09:45:13","modified_gmt":"2016-06-28T09:45:13","slug":"exercice-1-la-presentation-de-la-ville-de-destination","status":"publish","type":"page","link":"https:\/\/verkkovaria.fi\/taydentavat\/kulttuurintuntemus_ranska\/exercice-1-la-presentation-de-la-ville-de-destination\/","title":{"rendered":"Exercice 1: Voil\u00e0 ma ville de destination"},"content":{"rendered":"<p><strong>Kohdekaupungin esittely<\/strong><\/p>\n<p><strong>Teht\u00e4v\u00e4n tavoite:\u00a0<\/strong>Tutustua omaan uuteen kohdekaupunkiin ja esitell\u00e4 sit\u00e4 muille opiskelijoille omasta n\u00e4k\u00f6kulmasta<\/p>\n<p><strong>Teht\u00e4v\u00e4:<\/strong><\/p>\n<p>Teht\u00e4v\u00e4ss\u00e4 esitell\u00e4\u00e4n omaa kohdekaupunkia ja paikkoja, jotka ovat keskeisi\u00e4 tai joihin olet muuten vain ihastunut kaupungissasi. Teht\u00e4v\u00e4 voidaan tehd\u00e4 my\u00f6s pareittain, jos olet yst\u00e4v\u00e4si kanssa samassa kohdekaupungissa. Ota itsest\u00e4si valokuva (selfie), jossa kohteesi n\u00e4kyy, esittele kohteesi lyhyesti ranskaksi ja l\u00e4het\u00e4 muille ryhm\u00e4l\u00e4isille n\u00e4ht\u00e4v\u00e4ksi. Esittelyjen ei tarvitse olla pitki\u00e4, mutta esittele v\u00e4hint\u00e4\u00e4n viisi mielenkiintoista kohdetta. Jokaisen ryhm\u00e4l\u00e4isten tulee kommentoida muiden postauksia.<\/p>\n<p><strong>K\u00e4yt\u00e4nn\u00f6n vinkkej\u00e4 teht\u00e4v\u00e4n tekemiseen: <\/strong><\/p>\n<p>Kohteen esittelyn voit suorittaa esim. seuraavilla tavoilla:<\/p>\n<p>1) <strong>Voil\u00e0<\/strong> la cath\u00e9drale Notre Dame = <strong>T\u00e4ss\u00e4 on<\/strong> Notre Damen katedraali<\/p>\n<p>2) <strong>Derri\u00e8re\/\u00e0 cot\u00e9 de moi, vous voyez<\/strong> la tour Eiffel = <strong>Takanani\/vieress\u00e4ni n\u00e4ette<\/strong> Eiffel-tornin<\/p>\n<p>3) <strong>Dans cette photo, il y a<\/strong> le Louvre = <strong>T\u00e4ss\u00e4 kuvassa on<\/strong> Louvre<\/p>\n<p>&nbsp;<\/p>\n<p><strong>Mahdollisia sovelluksia:<\/strong> WhatsApp, Instagram tai Padlet.<\/p>\n<p>Jos sovellukseksi valitaan WhatsApp ja jos verkkototeutusta on suorittamassa iso m\u00e4\u00e4r\u00e4 opiskelijoita, voi olla hyv\u00e4 idea jakaa opiskelijat pieniin ryhmiin, jotka luovat oman WhatsApp-keskusteluryhm\u00e4ns\u00e4. Ohjaaja liitet\u00e4\u00e4n kuitenkin jokaiseen keskusteluryhm\u00e4\u00e4n mukaan.<\/p>\n","protected":false},"excerpt":{"rendered":"<p>Kohdekaupungin esittely Teht\u00e4v\u00e4n tavoite:\u00a0Tutustua omaan uuteen kohdekaupunkiin ja esitell\u00e4 sit\u00e4 muille opiskelijoille omasta n\u00e4k\u00f6kulmasta Teht\u00e4v\u00e4: Teht\u00e4v\u00e4ss\u00e4 esitell\u00e4\u00e4n omaa kohdekaupunkia ja paikkoja, jotka ovat keskeisi\u00e4 tai joihin olet muuten vain ihastunut kaupungissasi. Teht\u00e4v\u00e4 voidaan tehd\u00e4 my\u00f6s pareittain, jos olet yst\u00e4v\u00e4si kanssa samassa kohdekaupungissa. Ota itsest\u00e4si valokuva (selfie), jossa kohteesi n\u00e4kyy, esittele kohteesi lyhyesti ranskaksi ja l\u00e4het\u00e4 &hellip; <a href=\"https:\/\/verkkovaria.fi\/taydentavat\/kulttuurintuntemus_ranska\/exercice-1-la-presentation-de-la-ville-de-destination\/\">Continued<\/a><\/p>\n","protected":false},"author":2,"featured_media":0,"parent":0,"menu_order":0,"comment_status":"closed","ping_status":"open","template":"","meta":{"footnotes":"","_links_to":"","_links_to_target":""},"class_list":["post-195","page","type-page","status-publish","hentry"],"_links":{"self":[{"href":"https:\/\/verkkovaria.fi\/taydentavat\/kulttuurintuntemus_ranska\/wp-json\/wp\/v2\/pages\/195","targetHints":{"allow":["GET"]}}],"collection":[{"href":"https:\/\/verkkovaria.fi\/taydentavat\/kulttuurintuntemus_ranska\/wp-json\/wp\/v2\/pages"}],"about":[{"href":"https:\/\/verkkovaria.fi\/taydentavat\/kulttuurintuntemus_ranska\/wp-json\/wp\/v2\/types\/page"}],"author":[{"embeddable":true,"href":"https:\/\/verkkovaria.fi\/taydentavat\/kulttuurintuntemus_ranska\/wp-json\/wp\/v2\/users\/2"}],"replies":[{"embeddable":true,"href":"https:\/\/verkkovaria.fi\/taydentavat\/kulttuurintuntemus_ranska\/wp-json\/wp\/v2\/comments?post=195"}],"version-history":[{"count":11,"href":"https:\/\/verkkovaria.fi\/taydentavat\/kulttuurintuntemus_ranska\/wp-json\/wp\/v2\/pages\/195\/revisions"}],"predecessor-version":[{"id":596,"href":"https:\/\/verkkovaria.fi\/taydentavat\/kulttuurintuntemus_ranska\/wp-json\/wp\/v2\/pages\/195\/revisions\/596"}],"wp:attachment":[{"href":"https:\/\/verkkovaria.fi\/taydentavat\/kulttuurintuntemus_ranska\/wp-json\/wp\/v2\/media?parent=195"}],"curies":[{"name":"wp","href":"https:\/\/api.w.org\/{rel}","templated":true}]}}