{"id":7,"date":"2014-10-27T12:54:13","date_gmt":"2014-10-27T12:54:13","guid":{"rendered":"http:\/\/verkkovaria.fi\/marata\/matkailujamonik\/?page_id=7"},"modified":"2016-06-16T13:28:48","modified_gmt":"2016-06-16T13:28:48","slug":"etusivu","status":"publish","type":"page","link":"https:\/\/verkkovaria.fi\/marata\/matkailujamonik\/","title":{"rendered":"Matkailu ja monikulttuurisuus"},"content":{"rendered":"<p style=\"text-align: justify;\">T\u00e4ss\u00e4 kokonaisuudessa k\u00e4sitell\u00e4\u00e4n monikulttuurista ja kansainv\u00e4list\u00e4 (matkailu)elinkeinon\u00a0toimintaymp\u00e4rist\u00f6\u00e4 erilaisista n\u00e4k\u00f6kulmista. Aiheisiin perehdyt\u00e4\u00e4n opiskelijoiden omien mielenkiinnon kohteiden sek\u00e4 opiskelijoiden itsens\u00e4 m\u00e4\u00e4rittelemien l\u00e4hestymistapojen mukaisesti.<\/p>\n<p style=\"text-align: justify;\">Kokonaisuus soveltuu toteutettavaksi osana kulttuuri- ja kansainv\u00e4lisyyskasvatuksen opintoja. Opintojen tavoitteena on lis\u00e4t\u00e4 opiskelijoiden kulttuuritietoutta, sis\u00e4ist\u00e4\u00e4 kultturien ja kansainv\u00e4lisyyden merkityksen alati muuttuvassa maailmassa ja erilaisissa (matkailuelinkeinon\/edustamasi elinkeinon) ty\u00f6ymp\u00e4rist\u00f6iss\u00e4, sek\u00e4 ohjata opiskelijoita verkkoty\u00f6skentelyyn monimuotoisia menetelmi\u00e4 hy\u00f6dynt\u00e4en.<\/p>\n<p style=\"text-align: justify;\">Verkkototeutus sis\u00e4lt\u00e4\u00e4 kaksi l\u00e4hikontaktikertaa, joista toinen on ennen sen alkua ja toinen verkkototeutuksen p\u00e4\u00e4ttyess\u00e4. L\u00e4hikontaktikertoja voi toteuttaa tarvittaessa my\u00f6s esimerkiksi kokonaisuuden puoliv\u00e4liss\u00e4. Verkko-ohjauksen etenemisen tukena on k\u00e4ytett\u00e4viss\u00e4 ty\u00f6kirja, joka ohjaa sek\u00e4 opiskelijan ett\u00e4 ohjaajan toimintaa koko kokonaisuuden ajan.<\/p>\n","protected":false},"excerpt":{"rendered":"<p>T\u00e4ss\u00e4 kokonaisuudessa k\u00e4sitell\u00e4\u00e4n monikulttuurista ja kansainv\u00e4list\u00e4 (matkailu)elinkeinon\u00a0toimintaymp\u00e4rist\u00f6\u00e4 erilaisista n\u00e4k\u00f6kulmista. Aiheisiin perehdyt\u00e4\u00e4n opiskelijoiden omien mielenkiinnon kohteiden sek\u00e4 opiskelijoiden itsens\u00e4 m\u00e4\u00e4rittelemien l\u00e4hestymistapojen mukaisesti. Kokonaisuus soveltuu toteutettavaksi osana kulttuuri- ja kansainv\u00e4lisyyskasvatuksen opintoja. Opintojen tavoitteena on lis\u00e4t\u00e4 opiskelijoiden kulttuuritietoutta, sis\u00e4ist\u00e4\u00e4 kultturien ja kansainv\u00e4lisyyden merkityksen alati muuttuvassa maailmassa ja erilaisissa (matkailuelinkeinon\/edustamasi elinkeinon) ty\u00f6ymp\u00e4rist\u00f6iss\u00e4, sek\u00e4 ohjata opiskelijoita verkkoty\u00f6skentelyyn monimuotoisia menetelmi\u00e4 hy\u00f6dynt\u00e4en. &hellip; <a href=\"https:\/\/verkkovaria.fi\/marata\/matkailujamonik\/\">Continued<\/a><\/p>\n","protected":false},"author":1,"featured_media":0,"parent":0,"menu_order":0,"comment_status":"closed","ping_status":"open","template":"frontpage.php","meta":{"footnotes":"","_links_to":"","_links_to_target":""},"class_list":["post-7","page","type-page","status-publish","hentry"],"_links":{"self":[{"href":"https:\/\/verkkovaria.fi\/marata\/matkailujamonik\/wp-json\/wp\/v2\/pages\/7","targetHints":{"allow":["GET"]}}],"collection":[{"href":"https:\/\/verkkovaria.fi\/marata\/matkailujamonik\/wp-json\/wp\/v2\/pages"}],"about":[{"href":"https:\/\/verkkovaria.fi\/marata\/matkailujamonik\/wp-json\/wp\/v2\/types\/page"}],"author":[{"embeddable":true,"href":"https:\/\/verkkovaria.fi\/marata\/matkailujamonik\/wp-json\/wp\/v2\/users\/1"}],"replies":[{"embeddable":true,"href":"https:\/\/verkkovaria.fi\/marata\/matkailujamonik\/wp-json\/wp\/v2\/comments?post=7"}],"version-history":[{"count":43,"href":"https:\/\/verkkovaria.fi\/marata\/matkailujamonik\/wp-json\/wp\/v2\/pages\/7\/revisions"}],"predecessor-version":[{"id":840,"href":"https:\/\/verkkovaria.fi\/marata\/matkailujamonik\/wp-json\/wp\/v2\/pages\/7\/revisions\/840"}],"wp:attachment":[{"href":"https:\/\/verkkovaria.fi\/marata\/matkailujamonik\/wp-json\/wp\/v2\/media?parent=7"}],"curies":[{"name":"wp","href":"https:\/\/api.w.org\/{rel}","templated":true}]}}