{"id":61,"date":"2014-11-14T10:40:54","date_gmt":"2014-11-14T10:40:54","guid":{"rendered":"http:\/\/verkkovaria.fi\/marata\/matkailujamonik\/?page_id=61"},"modified":"2016-06-16T13:43:09","modified_gmt":"2016-06-16T13:43:09","slug":"ohjeet","status":"publish","type":"page","link":"https:\/\/verkkovaria.fi\/marata\/matkailujamonik\/ohjeet\/","title":{"rendered":"Opiskeluprosessi"},"content":{"rendered":"<p style=\"text-align: left;\">Verkko-opinnoissa laaditte yhdess\u00e4 ty\u00f6parin kanssa tai pienryhmiss\u00e4 kokonaisuuden, joka k\u00e4sittelee kulttuuritietoutta, kansainv\u00e4lisyytt\u00e4 sek\u00e4 monikuttuurisuutta itse rajaamanne ty\u00f6el\u00e4m\u00e4l\u00e4ht\u00f6isen tarkastelun\u00e4k\u00f6kulman mukaisesti. Ty\u00f6parit tai pienryhm\u00e4t voidaan muodostaa esimerkiksi yhteisten mielenkiinnon kohteiden pohjalta tai &#8211; mik\u00e4li opintokokonaisuus toteutetaan ty\u00f6ss\u00e4oppimisen yhteydess\u00e4 &#8211; esimerkiksi ty\u00f6ss\u00e4oppimispaikkojen fyysisen sijainnin perusteella. Kokonaisuuden toteutustavan voitte m\u00e4\u00e4ritell\u00e4 itse, jolloin lopullinen tuotos voi\u00a0olla esimerkiksi diaesitys, aiheeseen liittyv\u00e4 peli, havaintop\u00e4iv\u00e4kirja, blogi, video &#8211; tai vaikka\u00a0n\u00e4iden yhdistelm\u00e4.<\/p>\n<p><a href=\"http:\/\/verkkovaria.fi\/marata\/matkailujamonik\/wp-content\/uploads\/2015\/10\/puzzle.jpg\"><img loading=\"lazy\" decoding=\"async\" src=\"http:\/\/verkkovaria.fi\/marata\/matkailujamonik\/wp-content\/uploads\/2015\/10\/puzzle-1024x768.jpg\" alt=\"puzzle\" width=\"430\" height=\"323\" \/><\/a><\/p>\n<p>Kuva: Altman Gerd (pixabay.com, lupa vapaaseen kaupalliseen k\u00e4ytt\u00f6\u00f6n)\u00a0<\/p>\n<p style=\"text-align: left;\">Etenemisen tukena kullakin parilla tai pienryhm\u00e4ll\u00e4 on oma OneDriveen laadittu yhdess\u00e4 t\u00e4ytett\u00e4v\u00e4 ty\u00f6kirja, joka etenee vaiheittain aina tarkastelun\u00e4k\u00f6kulman m\u00e4\u00e4ritt\u00e4misest\u00e4 lopputuotokseen sek\u00e4 arviointiin asti.\u00a0 Ty\u00f6kirja tulee ohjaamaan toimintaanne vaiheittain seuraavasti: k\u00e4sitelt\u00e4v\u00e4n aiheen rajaaminen\u00a0 ja toteutussuunnitelman laatiminen (teht\u00e4v\u00e4 1) , perehtymisvaihe ja oman tuotoksen alkuun saattaminen (teht\u00e4v\u00e4 2), toteutusvaihe (teht\u00e4v\u00e4 3), kokonaisuuden laatiminen sek\u00e4 yhteisen lopputuotoksen kokoaminen ja arviointi (teht\u00e4v\u00e4 4). Kunkin teht\u00e4v\u00e4n suorittamiseen tulee varata noin kahdesta kolmeen viikkoa (esim. ty\u00f6ss\u00e4oppimisjakson pituudesta riippuen), jolloin kuhunkin\u00a0 osa-alueeseen perehtymiseen sek\u00e4 kyseisen osion loppuun saattamiseen on varattu riitt\u00e4v\u00e4sti aikaa.<\/p>\n<p style=\"text-align: left;\">T\u00e4ytett\u00e4v\u00e4 ty\u00f6kirja ohjaa jo suunnitteluvaiheessa ottamaan ty\u00f6ss\u00e4oppimispaikat sek\u00e4 ty\u00f6ss\u00e4oppimisymp\u00e4rist\u00f6n tarjoamat mahdollisuudet mukaan toteutukseen, jolloin lopputuotoksessa on mukana my\u00f6s sek\u00e4 elinkeinoel\u00e4m\u00e4n edustajien n\u00e4k\u00f6kulmia ett\u00e4 erilaisten oppimisymp\u00e4rist\u00f6jen tarjoamia mahdollisuuksia. Ty\u00f6kirjan tavoitteena on tukea monipuolisten oppimismenetelmien hy\u00f6dynt\u00e4mist\u00e4 sek\u00e4 verkostoitumista eri tahojen kanssa.<\/p>\n<p style=\"text-align: left;\">Ty\u00f6kirjassa on omat sarakkensa varattu sek\u00e4 vertaispalautteelle ett\u00e4 ohjaajan kommenteille, jolloin ty\u00f6kirja toimii my\u00f6s s\u00e4\u00e4nn\u00f6llisen\u00e4 ohjaamisen tuen v\u00e4lineen\u00e4. Ty\u00f6kirjan lis\u00e4ksi etenemist\u00e4 tuetaan ja yhteytt\u00e4 pidet\u00e4\u00e4n opintojakson aikana muun muassa erilaisia sosiaalisen median kanavia hy\u00f6dynt\u00e4en (Facebook, WhatsApp jne.) tai esimerkiksi Skype-puheluin.<\/p>\n<p style=\"text-align: left;\">Lopullisia tuotoksia voidaan hy\u00f6dynt\u00e4\u00e4 monella tapaa esimerkiksi kansainv\u00e4lisyyskasvatuksessa, asiakaspalveluopinnoissa sek\u00e4 perehdytett\u00e4ess\u00e4 opiskelijoita kansainv\u00e4lisiss\u00e4 ty\u00f6yhteis\u00f6iss\u00e4 ja monikulttuurisissa organisatiossa toimimiseen.<\/p>\n<p style=\"text-align: left;\"><strong>Tervetuloa kulttuuritietous ja kansainv\u00e4lisyys -opintojaksolle!<\/strong><\/p>\n<p style=\"text-align: left;\">Halutessasi opiskella t\u00e4ll\u00e4 opintojaksolla, ota yhteytt\u00e4 vastaavaan opettajaan, jonka yhteystiedot l\u00f6ytyv\u00e4t k\u00e4ytt\u00f6ehdot osiosta tai t\u00e4m\u00e4n linkin alta: <a href=\"http:\/\/verkkovaria.fi\/marata\/matkailujamonik\/tekijat-ja-kayttoehdot\/\">tekij\u00e4t<\/a>. Voit my\u00f6s olla yhteydess\u00e4 opinto-ohjaan tai ryhm\u00e4nohjaajaan,\u00a0jotka ohjaavat sinua opinnoissasi eteenp\u00e4in.\u00a0<\/p>\n","protected":false},"excerpt":{"rendered":"<p>Verkko-opinnoissa laaditte yhdess\u00e4 ty\u00f6parin kanssa tai pienryhmiss\u00e4 kokonaisuuden, joka k\u00e4sittelee kulttuuritietoutta, kansainv\u00e4lisyytt\u00e4 sek\u00e4 monikuttuurisuutta itse rajaamanne ty\u00f6el\u00e4m\u00e4l\u00e4ht\u00f6isen tarkastelun\u00e4k\u00f6kulman mukaisesti. Ty\u00f6parit tai pienryhm\u00e4t voidaan muodostaa esimerkiksi yhteisten mielenkiinnon kohteiden pohjalta tai &#8211; mik\u00e4li opintokokonaisuus toteutetaan ty\u00f6ss\u00e4oppimisen yhteydess\u00e4 &#8211; esimerkiksi ty\u00f6ss\u00e4oppimispaikkojen fyysisen sijainnin perusteella. Kokonaisuuden toteutustavan voitte m\u00e4\u00e4ritell\u00e4 itse, jolloin lopullinen tuotos voi\u00a0olla esimerkiksi diaesitys, aiheeseen liittyv\u00e4 &hellip; <a href=\"https:\/\/verkkovaria.fi\/marata\/matkailujamonik\/ohjeet\/\">Continued<\/a><\/p>\n","protected":false},"author":1,"featured_media":0,"parent":0,"menu_order":0,"comment_status":"closed","ping_status":"open","template":"","meta":{"footnotes":"","_links_to":"","_links_to_target":""},"class_list":["post-61","page","type-page","status-publish","hentry"],"_links":{"self":[{"href":"https:\/\/verkkovaria.fi\/marata\/matkailujamonik\/wp-json\/wp\/v2\/pages\/61","targetHints":{"allow":["GET"]}}],"collection":[{"href":"https:\/\/verkkovaria.fi\/marata\/matkailujamonik\/wp-json\/wp\/v2\/pages"}],"about":[{"href":"https:\/\/verkkovaria.fi\/marata\/matkailujamonik\/wp-json\/wp\/v2\/types\/page"}],"author":[{"embeddable":true,"href":"https:\/\/verkkovaria.fi\/marata\/matkailujamonik\/wp-json\/wp\/v2\/users\/1"}],"replies":[{"embeddable":true,"href":"https:\/\/verkkovaria.fi\/marata\/matkailujamonik\/wp-json\/wp\/v2\/comments?post=61"}],"version-history":[{"count":75,"href":"https:\/\/verkkovaria.fi\/marata\/matkailujamonik\/wp-json\/wp\/v2\/pages\/61\/revisions"}],"predecessor-version":[{"id":841,"href":"https:\/\/verkkovaria.fi\/marata\/matkailujamonik\/wp-json\/wp\/v2\/pages\/61\/revisions\/841"}],"wp:attachment":[{"href":"https:\/\/verkkovaria.fi\/marata\/matkailujamonik\/wp-json\/wp\/v2\/media?parent=61"}],"curies":[{"name":"wp","href":"https:\/\/api.w.org\/{rel}","templated":true}]}}