{"id":183,"date":"2015-04-27T12:23:14","date_gmt":"2015-04-27T12:23:14","guid":{"rendered":"http:\/\/verkkovaria.fi\/marata\/matkailujamonik\/?page_id=183"},"modified":"2016-04-01T11:37:15","modified_gmt":"2016-04-01T11:37:15","slug":"tehtava-4","status":"publish","type":"page","link":"https:\/\/verkkovaria.fi\/marata\/matkailujamonik\/tehtava-4\/","title":{"rendered":"Teht\u00e4v\u00e4 4"},"content":{"rendered":"<p style=\"text-align: justify;\"><strong>Kokonaisuuden laatiminen &#8211; yhteisen lopputuotoksen kokoaminen ja arviointi<\/strong><\/p>\n<p style=\"text-align: justify;\">Kootkaa tuotoksistanne yksi yhteinen ehe\u00e4 kokonaisuus (esimerkiksi diaesitys, aiheeseen liittyv\u00e4 peli, havaintop\u00e4iv\u00e4kirja, blogi, video \u2013 tai vaikka\u00a0n\u00e4iden yhdistelm\u00e4). Lis\u00e4tk\u00e4\u00e4 OneDrive-ty\u00f6kirjaanne tieto siit\u00e4, miss\u00e4 lopullinen kokonaisuutenne on saatavilla, jotta verkkototeutuksen ohjaaja voi k\u00e4yd\u00e4 tutustumassa lopulliseen tuotokseenne. Lopulliset tuotokset tullaan esittelem\u00e4\u00e4n yhteisesti kontaktiopetuksessa opintojen p\u00e4\u00e4ttyess\u00e4 ja niit\u00e4 voidaan hy\u00f6dynt\u00e4\u00e4 jatkossa muissa (matkailualan) opinnoissa.\u00a0<\/p>\n<p><a href=\"http:\/\/verkkovaria.fi\/marata\/matkailujamonik\/wp-content\/uploads\/2015\/10\/done.jpg\"><img loading=\"lazy\" decoding=\"async\" src=\"http:\/\/verkkovaria.fi\/marata\/matkailujamonik\/wp-content\/uploads\/2015\/10\/done-1024x724.jpg\" alt=\"done\" width=\"445\" height=\"315\" \/><\/a><\/p>\n<p>Kuva: Altman Gerd (pixabay.com, lupa vapaaseen kaupalliseen k\u00e4ytt\u00f6\u00f6n)\u00a0<\/p>\n<p style=\"text-align: justify;\">T\u00e4ytt\u00e4k\u00e4\u00e4 ty\u00f6kirjanne arviointiosuus, jossa arvioitte muun muassa onnistumista teht\u00e4v\u00e4ss\u00e4nne, verkkoty\u00f6skentelyyn liittyvi\u00e4 etuja sek\u00e4 haasteita sek\u00e4 verkkosivujen ohjeistuksen sek\u00e4 toteutuksen aikana saadun ohjauksen onnistumista.<\/p>\n<p style=\"text-align: justify;\">Kun lopputuotos on kasattu suunnitelmien sek\u00e4 ennakkoon sovitun aikataulun mukaisesti (aikaa teht\u00e4v\u00e4n nelj\u00e4 loppuun saattamiseksi esimerkiksi kaksi kalenteriviikkoa) kommentoi verkkototeutuksen ohjaaja lopullista tuotostanne sek\u00e4 antaa tarvittaessa kehitysideoita. Ohjaajan n\u00e4ytt\u00e4ess\u00e4 \u201dvihre\u00e4\u00e4 valoa\u201d, voitte kiitt\u00e4\u00e4 itse\u00e4nne hienosti suoritetusta kansainv\u00e4lisyys ja monikulttuurisuus opintojaksosta!<\/p>\n","protected":false},"excerpt":{"rendered":"<p>Kokonaisuuden laatiminen &#8211; yhteisen lopputuotoksen kokoaminen ja arviointi Kootkaa tuotoksistanne yksi yhteinen ehe\u00e4 kokonaisuus (esimerkiksi diaesitys, aiheeseen liittyv\u00e4 peli, havaintop\u00e4iv\u00e4kirja, blogi, video \u2013 tai vaikka\u00a0n\u00e4iden yhdistelm\u00e4). Lis\u00e4tk\u00e4\u00e4 OneDrive-ty\u00f6kirjaanne tieto siit\u00e4, miss\u00e4 lopullinen kokonaisuutenne on saatavilla, jotta verkkototeutuksen ohjaaja voi k\u00e4yd\u00e4 tutustumassa lopulliseen tuotokseenne. Lopulliset tuotokset tullaan esittelem\u00e4\u00e4n yhteisesti kontaktiopetuksessa opintojen p\u00e4\u00e4ttyess\u00e4 ja niit\u00e4 voidaan hy\u00f6dynt\u00e4\u00e4 &hellip; <a href=\"https:\/\/verkkovaria.fi\/marata\/matkailujamonik\/tehtava-4\/\">Continued<\/a><\/p>\n","protected":false},"author":1,"featured_media":0,"parent":0,"menu_order":0,"comment_status":"closed","ping_status":"open","template":"","meta":{"footnotes":"","_links_to":"","_links_to_target":""},"class_list":["post-183","page","type-page","status-publish","hentry"],"_links":{"self":[{"href":"https:\/\/verkkovaria.fi\/marata\/matkailujamonik\/wp-json\/wp\/v2\/pages\/183","targetHints":{"allow":["GET"]}}],"collection":[{"href":"https:\/\/verkkovaria.fi\/marata\/matkailujamonik\/wp-json\/wp\/v2\/pages"}],"about":[{"href":"https:\/\/verkkovaria.fi\/marata\/matkailujamonik\/wp-json\/wp\/v2\/types\/page"}],"author":[{"embeddable":true,"href":"https:\/\/verkkovaria.fi\/marata\/matkailujamonik\/wp-json\/wp\/v2\/users\/1"}],"replies":[{"embeddable":true,"href":"https:\/\/verkkovaria.fi\/marata\/matkailujamonik\/wp-json\/wp\/v2\/comments?post=183"}],"version-history":[{"count":41,"href":"https:\/\/verkkovaria.fi\/marata\/matkailujamonik\/wp-json\/wp\/v2\/pages\/183\/revisions"}],"predecessor-version":[{"id":832,"href":"https:\/\/verkkovaria.fi\/marata\/matkailujamonik\/wp-json\/wp\/v2\/pages\/183\/revisions\/832"}],"wp:attachment":[{"href":"https:\/\/verkkovaria.fi\/marata\/matkailujamonik\/wp-json\/wp\/v2\/media?parent=183"}],"curies":[{"name":"wp","href":"https:\/\/api.w.org\/{rel}","templated":true}]}}