{"id":86,"date":"2015-04-27T10:22:35","date_gmt":"2015-04-27T10:22:35","guid":{"rendered":"http:\/\/verkkovaria.fi\/liikenne\/maaraaikaishuolto\/?page_id=86"},"modified":"2016-06-16T09:17:16","modified_gmt":"2016-06-16T09:17:16","slug":"oppimistehtava-2","status":"publish","type":"page","link":"https:\/\/verkkovaria.fi\/liikenne\/maaraaikaishuolto\/oppimistehtava-2\/","title":{"rendered":"Auton alla suoritettavat huoltoteht\u00e4v\u00e4t"},"content":{"rendered":"<p><strong>Moottori\u00f6ljyn vaihto<\/strong><\/p>\n<p>Moottori\u00f6ljyn vaihto kuuluu l\u00e4hes aina m\u00e4\u00e4r\u00e4aikaishuollon ohjelmaan. \u00d6ljyn vaihtov\u00e4li on automerkist\u00e4 riippuen joko kiinte\u00e4sti ajom\u00e4\u00e4r\u00e4\u00e4n ja aikaan sidottu tai ajo-olosuhteisiin mukautuva.<\/p>\n<p>Kirjoita blogiin kuvaus moottori\u00f6ljyn vaihdon suorittamisesta. Kiinnit\u00e4 huomiota suodattimen oikeaan kiristykseen. Kirjoita my\u00f6s millaista moottori\u00f6ljy\u00e4 k\u00e4ytettiin kyseises\u00e4 autossa ja mitk\u00e4 seikat siihen vaikuttivat. \u00d6ljyn laatuvaatimuksiin vaikuttavat muun muassa pumppusuutintekniikka, hiukkassuodattimet ja jopa auton merkki.<\/p>\n<p><strong>Jarruj\u00e4rjestelm\u00e4<\/strong><\/p>\n<p><strong>Vaihteisto\u00f6ljyn tarkastus<\/strong><\/p>\n<p>T\u00e4ss\u00e4 teht\u00e4v\u00e4ss\u00e4 opitaan vaihteisto\u00f6ljyjen tarkastus ja lis\u00e4ys. Joissakin huolto-ohjelmissa tarkastetaan vain mahdolliset vuodot. Vuotojen esiintyess\u00e4 on aina syyt\u00e4 tarkistaa my\u00f6s \u00f6ljym\u00e4\u00e4r\u00e4. Vaihteiston rakenteet ovat erilaisia ja \u00f6ljym\u00e4\u00e4r\u00e4n tarkistus poikkeaa melko paljon eri automalleissa. Lis\u00e4tt\u00e4ess\u00e4 tai vaihdettaessa on k\u00e4ytett\u00e4v\u00e4 valmistajan ohjeen mukaista \u00f6ljy\u00e4, jonka m\u00e4\u00e4ritt\u00e4miseen on eri vaihtoehtoja. Esimerkiksi automaatti- ja manuaalivaihteisto\u00f6ljyn tarkastukset poikkeavat hyvin paljon toisistaan.<\/p>\n<p>Tutki kohteena olevasta autosta vaihteisto\u00f6ljyn tarkastus- ja tyhjennystulpat. Lis\u00e4\u00e4 kuva blogiin. Lis\u00e4\u00e4 kuvatekstiin my\u00f6s tulppien kiristysmomentit.<\/p>\n<p>Kirjota blogiin mit\u00e4 \u00f6ljy\u00e4 kyseisess\u00e4 autossa tulee k\u00e4ytt\u00e4\u00e4. Voit my\u00f6s hakea Internetist\u00e4 tietoa hakusanalla &#8221;<a style=\"color: #333333; text-decoration: underline;\" href=\"https:\/\/www.google.fi\/webhp?sourceid=chrome-instant&amp;ion=1&amp;espv=2&amp;ie=UTF-8#q=Voiteluainesuositukset\" target=\"_blank\">voiteluainesuositukset<\/a>&#8221;.<\/p>\n<p><strong>Renkaat<\/strong><\/p>\n<p>Renkaiden tarkastuksessa t\u00e4rkeimm\u00e4t seikat ovat kulutuspinta ja ilmanpaine. Lis\u00e4ksi renkaassa on monta muuta elementti\u00e4, jotka asentajan tulee tiet\u00e4\u00e4.<\/p>\n<p>Kirjoita blogiin kuvaus renkaiden tyypist\u00e4 ja niiden kunnosta. Tulkitse erilaisia rengasmerkint\u00f6j\u00e4, kuten renkaan ik\u00e4, tyyppi yms. Tietoa voit hakea hakusanalla: &#8221;<a style=\"color: #333333; text-decoration: underline;\" href=\"https:\/\/www.google.fi\/search?q=rengasmerkinn%C3%A4t&amp;ie=utf-8&amp;oe=utf-8&amp;gws_rd=cr&amp;ei=kptUVa7zBIKwsQHL7ICwBA\" target=\"_blank\">rengasmerkinn\u00e4t<\/a>&#8221; tai englanniksi &#8221;<a style=\"color: #333333; text-decoration: underline;\" href=\"https:\/\/www.google.fi\/search?q=tyre+markings&amp;ie=utf-8&amp;oe=utf-8&amp;gws_rd=cr&amp;ei=BHlXVbTbOMypsAGr74GgCQ#q=tyre+code\" target=\"_blank\">tyre code<\/a>&#8221;. Mittaa renkaiden kulutuspinta ja kirjoita arviosi niiden kunnosta.\u00a0Kuvien avulla saat blogitekstist\u00e4 havainnollisemman.\u00a0<\/p>\n","protected":false},"excerpt":{"rendered":"<p>Moottori\u00f6ljyn vaihto Moottori\u00f6ljyn vaihto kuuluu l\u00e4hes aina m\u00e4\u00e4r\u00e4aikaishuollon ohjelmaan. \u00d6ljyn vaihtov\u00e4li on automerkist\u00e4 riippuen joko kiinte\u00e4sti ajom\u00e4\u00e4r\u00e4\u00e4n ja aikaan sidottu tai ajo-olosuhteisiin mukautuva. Kirjoita blogiin kuvaus moottori\u00f6ljyn vaihdon suorittamisesta. Kiinnit\u00e4 huomiota suodattimen oikeaan kiristykseen. Kirjoita my\u00f6s millaista moottori\u00f6ljy\u00e4 k\u00e4ytettiin kyseises\u00e4 autossa ja mitk\u00e4 seikat siihen vaikuttivat. \u00d6ljyn laatuvaatimuksiin vaikuttavat muun muassa pumppusuutintekniikka, hiukkassuodattimet ja jopa &hellip; <a href=\"https:\/\/verkkovaria.fi\/liikenne\/maaraaikaishuolto\/oppimistehtava-2\/\">Continued<\/a><\/p>\n","protected":false},"author":1,"featured_media":0,"parent":0,"menu_order":0,"comment_status":"closed","ping_status":"open","template":"","meta":{"footnotes":"","_links_to":"","_links_to_target":""},"class_list":["post-86","page","type-page","status-publish","hentry"],"_links":{"self":[{"href":"https:\/\/verkkovaria.fi\/liikenne\/maaraaikaishuolto\/wp-json\/wp\/v2\/pages\/86","targetHints":{"allow":["GET"]}}],"collection":[{"href":"https:\/\/verkkovaria.fi\/liikenne\/maaraaikaishuolto\/wp-json\/wp\/v2\/pages"}],"about":[{"href":"https:\/\/verkkovaria.fi\/liikenne\/maaraaikaishuolto\/wp-json\/wp\/v2\/types\/page"}],"author":[{"embeddable":true,"href":"https:\/\/verkkovaria.fi\/liikenne\/maaraaikaishuolto\/wp-json\/wp\/v2\/users\/1"}],"replies":[{"embeddable":true,"href":"https:\/\/verkkovaria.fi\/liikenne\/maaraaikaishuolto\/wp-json\/wp\/v2\/comments?post=86"}],"version-history":[{"count":18,"href":"https:\/\/verkkovaria.fi\/liikenne\/maaraaikaishuolto\/wp-json\/wp\/v2\/pages\/86\/revisions"}],"predecessor-version":[{"id":261,"href":"https:\/\/verkkovaria.fi\/liikenne\/maaraaikaishuolto\/wp-json\/wp\/v2\/pages\/86\/revisions\/261"}],"wp:attachment":[{"href":"https:\/\/verkkovaria.fi\/liikenne\/maaraaikaishuolto\/wp-json\/wp\/v2\/media?parent=86"}],"curies":[{"name":"wp","href":"https:\/\/api.w.org\/{rel}","templated":true}]}}