{"id":31,"date":"2014-10-27T13:32:31","date_gmt":"2014-10-27T13:32:31","guid":{"rendered":"http:\/\/verkkovaria.fi\/liikenne\/maaraaikaishuolto\/?page_id=31"},"modified":"2016-06-16T09:11:32","modified_gmt":"2016-06-16T09:11:32","slug":"oppimistehtava-1","status":"publish","type":"page","link":"https:\/\/verkkovaria.fi\/liikenne\/maaraaikaishuolto\/oppimistehtava-1\/","title":{"rendered":"Moottoritilassa suoritettavat huoltoteht\u00e4v\u00e4t"},"content":{"rendered":"<p style=\"text-align: left;\"><strong>Moottori\u00f6ljyn ja suodattimen vaihto<\/strong><\/p>\n<p style=\"text-align: left;\">Teht\u00e4v\u00e4n tarkoituksena on oppia suorittamaan moottori\u00f6ljyn ja suodattimen vaihto oikealla tavalla.<\/p>\n<p style=\"text-align: left;\">Moottori\u00f6ljyn ja suodattimen vaihto ovat tyypillisimpi\u00e4 huoltokohteita m\u00e4\u00e4r\u00e4aikaishuolloissa. Huoltolomakkeessa ei yleens\u00e4 mainita moottori\u00f6ljyn m\u00e4\u00e4r\u00e4\u00e4. \u00d6ljym\u00e4\u00e4r\u00e4 tarkistetaan korjaamon omista tietoj\u00e4rjestelmist\u00e4. Internetist\u00e4 l\u00f6ytyy my\u00f6s kattavasti \u00f6ljysuosituksia eri \u00f6ljyvalmistajien kotisivuilta.<\/p>\n<p>Kirjoita blogiin kohteena olevan auton \u00f6ljynvaihdon suoritus. Ota kuvia eri vaiheista, joita \u00f6ljynvaihdossa tulee ottaa huomioon. Voit keskitty\u00e4 esimerkiksi seuraaviin asioihin:<\/p>\n<ul>\n<li>Suodattimen sijainti ja tyyppi sek\u00e4 kiinnitys oikealla tavalla<\/li>\n<li>Moottori\u00f6ljyn tyyppi sek\u00e4 m\u00e4\u00e4r\u00e4<\/li>\n<li>Mit\u00e4 seuraamuksia saattaa olla liiasta \u00f6ljym\u00e4\u00e4r\u00e4st\u00e4?<\/li>\n<\/ul>\n<p>\u00a0<\/p>\n<p><strong>J\u00e4\u00e4hdytysnesteen tarkistus<\/strong><\/p>\n<p>J\u00e4\u00e4hdytysnesteen tarkistuksessa tarkistetaan nestetason lis\u00e4ksi my\u00f6s pakkaskest\u00e4vyys sek\u00e4 nesteen laatu.<\/p>\n<p>Kuvaa blogiin seuraavat asiat:<\/p>\n<ul>\n<li>Oikea nestetason tarkistus<\/li>\n<li>Pakkasnesteen kest\u00e4vyyden tarkastus, kuvaa millaisella laitteella tarkastus tapahtuu.<\/li>\n<li>Mink\u00e4tyyppist\u00e4 nestett\u00e4 kyseisess\u00e4 autossa tulee k\u00e4ytt\u00e4\u00e4, jos nestett\u00e4 joudutaan lis\u00e4\u00e4m\u00e4\u00e4n\/vaihtamaan? Mit\u00e4 seuraamuksia v\u00e4\u00e4r\u00e4st\u00e4 \u00f6ljyst\u00e4 voi olla? (Vihje alla olevassa kuvassa.)<\/li>\n<\/ul>\n<p>\u00a0<\/p>\n<figure id=\"attachment_131\" aria-describedby=\"caption-attachment-131\" style=\"width: 340px\" class=\"wp-caption aligncenter\"><img loading=\"lazy\" decoding=\"async\" src=\"http:\/\/verkkovaria.fi\/liikenne\/maaraaikaishuolto\/wp-content\/uploads\/2014\/10\/jaahdytysneste-300x208.jpg\" alt=\"jaahdytysneste\" width=\"340\" height=\"239\" \/><figcaption id=\"caption-attachment-131\" class=\"wp-caption-text\">Hyytel\u00f6itynyt j\u00e4\u00e4hdytysneste.<\/figcaption><\/figure>\n<p>\u00a0<\/p>\n","protected":false},"excerpt":{"rendered":"<p>Moottori\u00f6ljyn ja suodattimen vaihto Teht\u00e4v\u00e4n tarkoituksena on oppia suorittamaan moottori\u00f6ljyn ja suodattimen vaihto oikealla tavalla. Moottori\u00f6ljyn ja suodattimen vaihto ovat tyypillisimpi\u00e4 huoltokohteita m\u00e4\u00e4r\u00e4aikaishuolloissa. Huoltolomakkeessa ei yleens\u00e4 mainita moottori\u00f6ljyn m\u00e4\u00e4r\u00e4\u00e4. \u00d6ljym\u00e4\u00e4r\u00e4 tarkistetaan korjaamon omista tietoj\u00e4rjestelmist\u00e4. Internetist\u00e4 l\u00f6ytyy my\u00f6s kattavasti \u00f6ljysuosituksia eri \u00f6ljyvalmistajien kotisivuilta. Kirjoita blogiin kohteena olevan auton \u00f6ljynvaihdon suoritus. Ota kuvia eri vaiheista, joita \u00f6ljynvaihdossa &hellip; <a href=\"https:\/\/verkkovaria.fi\/liikenne\/maaraaikaishuolto\/oppimistehtava-1\/\">Continued<\/a><\/p>\n","protected":false},"author":1,"featured_media":0,"parent":0,"menu_order":0,"comment_status":"closed","ping_status":"open","template":"","meta":{"footnotes":"","_links_to":"","_links_to_target":""},"class_list":["post-31","page","type-page","status-publish","hentry"],"_links":{"self":[{"href":"https:\/\/verkkovaria.fi\/liikenne\/maaraaikaishuolto\/wp-json\/wp\/v2\/pages\/31","targetHints":{"allow":["GET"]}}],"collection":[{"href":"https:\/\/verkkovaria.fi\/liikenne\/maaraaikaishuolto\/wp-json\/wp\/v2\/pages"}],"about":[{"href":"https:\/\/verkkovaria.fi\/liikenne\/maaraaikaishuolto\/wp-json\/wp\/v2\/types\/page"}],"author":[{"embeddable":true,"href":"https:\/\/verkkovaria.fi\/liikenne\/maaraaikaishuolto\/wp-json\/wp\/v2\/users\/1"}],"replies":[{"embeddable":true,"href":"https:\/\/verkkovaria.fi\/liikenne\/maaraaikaishuolto\/wp-json\/wp\/v2\/comments?post=31"}],"version-history":[{"count":21,"href":"https:\/\/verkkovaria.fi\/liikenne\/maaraaikaishuolto\/wp-json\/wp\/v2\/pages\/31\/revisions"}],"predecessor-version":[{"id":260,"href":"https:\/\/verkkovaria.fi\/liikenne\/maaraaikaishuolto\/wp-json\/wp\/v2\/pages\/31\/revisions\/260"}],"wp:attachment":[{"href":"https:\/\/verkkovaria.fi\/liikenne\/maaraaikaishuolto\/wp-json\/wp\/v2\/media?parent=31"}],"curies":[{"name":"wp","href":"https:\/\/api.w.org\/{rel}","templated":true}]}}