{"id":194,"date":"2015-09-22T06:56:49","date_gmt":"2015-09-22T06:56:49","guid":{"rendered":"http:\/\/verkkovaria.fi\/liikenne\/maaraaikaishuolto\/?page_id=194"},"modified":"2016-06-29T13:32:44","modified_gmt":"2016-06-29T13:32:44","slug":"opikseluprosessi","status":"publish","type":"page","link":"https:\/\/verkkovaria.fi\/liikenne\/maaraaikaishuolto\/opikseluprosessi\/","title":{"rendered":"Opiskeluprosessi"},"content":{"rendered":"<p>Halutessasi opiskella m\u00e4\u00e4r\u00e4aikaishuollon verkkototeutuksen, ota yhteytt\u00e4 vastaavaan opettajaan:<\/p>\n<p>Kari Koskela (etunimi.sukunimi@eduvantaa.fi)<\/p>\n<p>Voit ottaa yhteytt\u00e4 my\u00f6s opinto-ohjaajaan tai ryhm\u00e4nohjaajaan.<\/p>\n<p>Huom. Yht\u00e4 aikaa M\u00e4\u00e4r\u00e4aikaishuollon opintojen kanssa opiskeltavaksi sopii my\u00f6s <a href=\"http:\/\/www.verkkovaria.fi\/yhteiset\/aidinkieli\/?page_id=75\" target=\"_blank\">Autoalan \u00e4idinkieli: tekstilajit ty\u00f6el\u00e4m\u00e4ss\u00e4<\/a> -verkkototeutus. Halutessasi opiskella my\u00f6s \u00e4idinkielen toteutuksen, ota yhteyttt\u00e4 \u00e4idinkielen opettajaan tai opinto-ohjaajaan\/ryhm\u00e4nohjaajaan.<\/p>\n","protected":false},"excerpt":{"rendered":"<p>Halutessasi opiskella m\u00e4\u00e4r\u00e4aikaishuollon verkkototeutuksen, ota yhteytt\u00e4 vastaavaan opettajaan: Kari Koskela (etunimi.sukunimi@eduvantaa.fi) Voit ottaa yhteytt\u00e4 my\u00f6s opinto-ohjaajaan tai ryhm\u00e4nohjaajaan. Huom. Yht\u00e4 aikaa M\u00e4\u00e4r\u00e4aikaishuollon opintojen kanssa opiskeltavaksi sopii my\u00f6s Autoalan \u00e4idinkieli: tekstilajit ty\u00f6el\u00e4m\u00e4ss\u00e4 -verkkototeutus. Halutessasi opiskella my\u00f6s \u00e4idinkielen toteutuksen, ota yhteyttt\u00e4 \u00e4idinkielen opettajaan tai opinto-ohjaajaan\/ryhm\u00e4nohjaajaan.<\/p>\n","protected":false},"author":2,"featured_media":0,"parent":0,"menu_order":0,"comment_status":"closed","ping_status":"closed","template":"","meta":{"footnotes":"","_links_to":"","_links_to_target":""},"class_list":["post-194","page","type-page","status-publish","hentry"],"_links":{"self":[{"href":"https:\/\/verkkovaria.fi\/liikenne\/maaraaikaishuolto\/wp-json\/wp\/v2\/pages\/194","targetHints":{"allow":["GET"]}}],"collection":[{"href":"https:\/\/verkkovaria.fi\/liikenne\/maaraaikaishuolto\/wp-json\/wp\/v2\/pages"}],"about":[{"href":"https:\/\/verkkovaria.fi\/liikenne\/maaraaikaishuolto\/wp-json\/wp\/v2\/types\/page"}],"author":[{"embeddable":true,"href":"https:\/\/verkkovaria.fi\/liikenne\/maaraaikaishuolto\/wp-json\/wp\/v2\/users\/2"}],"replies":[{"embeddable":true,"href":"https:\/\/verkkovaria.fi\/liikenne\/maaraaikaishuolto\/wp-json\/wp\/v2\/comments?post=194"}],"version-history":[{"count":7,"href":"https:\/\/verkkovaria.fi\/liikenne\/maaraaikaishuolto\/wp-json\/wp\/v2\/pages\/194\/revisions"}],"predecessor-version":[{"id":264,"href":"https:\/\/verkkovaria.fi\/liikenne\/maaraaikaishuolto\/wp-json\/wp\/v2\/pages\/194\/revisions\/264"}],"wp:attachment":[{"href":"https:\/\/verkkovaria.fi\/liikenne\/maaraaikaishuolto\/wp-json\/wp\/v2\/media?parent=194"}],"curies":[{"name":"wp","href":"https:\/\/api.w.org\/{rel}","templated":true}]}}