{"id":19,"date":"2014-10-27T13:11:41","date_gmt":"2014-10-27T13:11:41","guid":{"rendered":"http:\/\/verkkovaria.fi\/liikenne\/maaraaikaishuolto\/?page_id=19"},"modified":"2016-04-01T11:54:58","modified_gmt":"2016-04-01T11:54:58","slug":"ohjeet-opettajalle","status":"publish","type":"page","link":"https:\/\/verkkovaria.fi\/liikenne\/maaraaikaishuolto\/ohjeet-opettajalle\/","title":{"rendered":"Opettajalle"},"content":{"rendered":"<p>T\u00e4m\u00e4n sivuston tarkoitus on toimia ohjeistuksena m\u00e4\u00e4r\u00e4aikaishuollon ty\u00f6vaiheiden opiskelulle. Varsinainen opiskelu tapahtuu aidossa ymp\u00e4rist\u00f6ss\u00e4 oppilaitosten ty\u00f6saleissa tai ty\u00f6ss\u00e4oppimisjaksoilla. Oppilaat tuottavat itse materiaalia <a style=\"color: #333333; text-decoration: underline;\" title=\"Blogger\" href=\"http:\/\/www.blogger.com\" target=\"_blank\">Bloggeriin<\/a>\u00a0huollon ty\u00f6vaiheista. T\u00e4ll\u00f6in ohjaus voi tapahtua suoraan blogin kautta kommentoimalla sek\u00e4 lis\u00e4\u00e4m\u00e4ll\u00e4 sinne aiheeseen liittyv\u00e4\u00e4 materiaalia.<\/p>\n","protected":false},"excerpt":{"rendered":"<p>T\u00e4m\u00e4n sivuston tarkoitus on toimia ohjeistuksena m\u00e4\u00e4r\u00e4aikaishuollon ty\u00f6vaiheiden opiskelulle. Varsinainen opiskelu tapahtuu aidossa ymp\u00e4rist\u00f6ss\u00e4 oppilaitosten ty\u00f6saleissa tai ty\u00f6ss\u00e4oppimisjaksoilla. Oppilaat tuottavat itse materiaalia Bloggeriin\u00a0huollon ty\u00f6vaiheista. T\u00e4ll\u00f6in ohjaus voi tapahtua suoraan blogin kautta kommentoimalla sek\u00e4 lis\u00e4\u00e4m\u00e4ll\u00e4 sinne aiheeseen liittyv\u00e4\u00e4 materiaalia.<\/p>\n","protected":false},"author":1,"featured_media":0,"parent":0,"menu_order":0,"comment_status":"closed","ping_status":"open","template":"","meta":{"footnotes":"","_links_to":"","_links_to_target":""},"class_list":["post-19","page","type-page","status-publish","hentry"],"_links":{"self":[{"href":"https:\/\/verkkovaria.fi\/liikenne\/maaraaikaishuolto\/wp-json\/wp\/v2\/pages\/19","targetHints":{"allow":["GET"]}}],"collection":[{"href":"https:\/\/verkkovaria.fi\/liikenne\/maaraaikaishuolto\/wp-json\/wp\/v2\/pages"}],"about":[{"href":"https:\/\/verkkovaria.fi\/liikenne\/maaraaikaishuolto\/wp-json\/wp\/v2\/types\/page"}],"author":[{"embeddable":true,"href":"https:\/\/verkkovaria.fi\/liikenne\/maaraaikaishuolto\/wp-json\/wp\/v2\/users\/1"}],"replies":[{"embeddable":true,"href":"https:\/\/verkkovaria.fi\/liikenne\/maaraaikaishuolto\/wp-json\/wp\/v2\/comments?post=19"}],"version-history":[{"count":9,"href":"https:\/\/verkkovaria.fi\/liikenne\/maaraaikaishuolto\/wp-json\/wp\/v2\/pages\/19\/revisions"}],"predecessor-version":[{"id":250,"href":"https:\/\/verkkovaria.fi\/liikenne\/maaraaikaishuolto\/wp-json\/wp\/v2\/pages\/19\/revisions\/250"}],"wp:attachment":[{"href":"https:\/\/verkkovaria.fi\/liikenne\/maaraaikaishuolto\/wp-json\/wp\/v2\/media?parent=19"}],"curies":[{"name":"wp","href":"https:\/\/api.w.org\/{rel}","templated":true}]}}