{"id":15,"date":"2014-10-27T13:09:36","date_gmt":"2014-10-27T13:09:36","guid":{"rendered":"http:\/\/verkkovaria.fi\/liikenne\/maaraaikaishuolto\/?page_id=15"},"modified":"2016-06-16T07:13:46","modified_gmt":"2016-06-16T07:13:46","slug":"aloita-opiskelu","status":"publish","type":"page","link":"https:\/\/verkkovaria.fi\/liikenne\/maaraaikaishuolto\/aloita-opiskelu\/","title":{"rendered":"Teemat"},"content":{"rendered":"<p>Tervetuloa opiskelemaan m\u00e4\u00e4r\u00e4aikaishuoltoa. Opiskeltavat teemat l\u00f6ytyv\u00e4t alasvetovalikosta.<\/p>\n","protected":false},"excerpt":{"rendered":"<p>Tervetuloa opiskelemaan m\u00e4\u00e4r\u00e4aikaishuoltoa. Opiskeltavat teemat l\u00f6ytyv\u00e4t alasvetovalikosta.<\/p>\n","protected":false},"author":1,"featured_media":0,"parent":0,"menu_order":0,"comment_status":"closed","ping_status":"closed","template":"","meta":{"footnotes":"","_links_to":"","_links_to_target":""},"class_list":["post-15","page","type-page","status-publish","hentry"],"_links":{"self":[{"href":"https:\/\/verkkovaria.fi\/liikenne\/maaraaikaishuolto\/wp-json\/wp\/v2\/pages\/15","targetHints":{"allow":["GET"]}}],"collection":[{"href":"https:\/\/verkkovaria.fi\/liikenne\/maaraaikaishuolto\/wp-json\/wp\/v2\/pages"}],"about":[{"href":"https:\/\/verkkovaria.fi\/liikenne\/maaraaikaishuolto\/wp-json\/wp\/v2\/types\/page"}],"author":[{"embeddable":true,"href":"https:\/\/verkkovaria.fi\/liikenne\/maaraaikaishuolto\/wp-json\/wp\/v2\/users\/1"}],"replies":[{"embeddable":true,"href":"https:\/\/verkkovaria.fi\/liikenne\/maaraaikaishuolto\/wp-json\/wp\/v2\/comments?post=15"}],"version-history":[{"count":5,"href":"https:\/\/verkkovaria.fi\/liikenne\/maaraaikaishuolto\/wp-json\/wp\/v2\/pages\/15\/revisions"}],"predecessor-version":[{"id":257,"href":"https:\/\/verkkovaria.fi\/liikenne\/maaraaikaishuolto\/wp-json\/wp\/v2\/pages\/15\/revisions\/257"}],"wp:attachment":[{"href":"https:\/\/verkkovaria.fi\/liikenne\/maaraaikaishuolto\/wp-json\/wp\/v2\/media?parent=15"}],"curies":[{"name":"wp","href":"https:\/\/api.w.org\/{rel}","templated":true}]}}