{"id":13,"date":"2014-10-27T13:05:40","date_gmt":"2014-10-27T13:05:40","guid":{"rendered":"http:\/\/verkkovaria.fi\/liikenne\/maaraaikaishuolto\/?page_id=13"},"modified":"2016-01-25T10:58:17","modified_gmt":"2016-01-25T10:58:17","slug":"ohjeet-opiskelijalle","status":"publish","type":"page","link":"https:\/\/verkkovaria.fi\/liikenne\/maaraaikaishuolto\/ohjeet-opiskelijalle\/","title":{"rendered":"OPISKELIJALLE"},"content":{"rendered":"<p>T\u00e4ss\u00e4 verkkototeutuksessa opiskellaan m\u00e4\u00e4r\u00e4aikaishuollon eri ty\u00f6vaiheita. M\u00e4\u00e4r\u00e4aikaishuollon ty\u00f6vaiheet on t\u00e4rke\u00e4\u00e4 suorittaa oikein valmistajan ohjeen mukaisesti. Huollon suorittaminen tapahtuu merkkikohtaisen huoltokaavakkeen mukaan. Huollon laajuus riippuu my\u00f6s auton i\u00e4st\u00e4 sek\u00e4 ajetuista kilometreist\u00e4. Huoltokaavakkeet tulostetaan oppilaitoksessa p\u00e4\u00e4s\u00e4\u00e4nt\u00f6isesti Autodata-j\u00e4rjestelm\u00e4st\u00e4. Ty\u00f6ss\u00e4oppimisjaksoilla k\u00e4ytet\u00e4\u00e4n korjaamon omia lomakkeita.<\/p>\n<p>Varsinaisten ty\u00f6vaiheiden opiskelu tapahtuu pit\u00e4m\u00e4ll\u00e4 oppimisp\u00e4iv\u00e4kirjaa <a title=\"Blogger\" href=\"http:\/\/www.blogger.com\" target=\"_blank\">Bloggerissa<\/a> (s\u00e4hk\u00f6inen blogi). Blogiin tuotetaan kuvia ja teksti\u00e4 eri ty\u00f6vaiheista. Blogin v\u00e4lityksell\u00e4 opiskelija saa ohjausta ty\u00f6vaiheiden suorittamiseen ja tapauskohtaisesti my\u00f6s oppimateriaalia kulloiseenkin aiheeseen liittyen.<\/p>\n","protected":false},"excerpt":{"rendered":"<p>T\u00e4ss\u00e4 verkkototeutuksessa opiskellaan m\u00e4\u00e4r\u00e4aikaishuollon eri ty\u00f6vaiheita. M\u00e4\u00e4r\u00e4aikaishuollon ty\u00f6vaiheet on t\u00e4rke\u00e4\u00e4 suorittaa oikein valmistajan ohjeen mukaisesti. Huollon suorittaminen tapahtuu merkkikohtaisen huoltokaavakkeen mukaan. Huollon laajuus riippuu my\u00f6s auton i\u00e4st\u00e4 sek\u00e4 ajetuista kilometreist\u00e4. Huoltokaavakkeet tulostetaan oppilaitoksessa p\u00e4\u00e4s\u00e4\u00e4nt\u00f6isesti Autodata-j\u00e4rjestelm\u00e4st\u00e4. Ty\u00f6ss\u00e4oppimisjaksoilla k\u00e4ytet\u00e4\u00e4n korjaamon omia lomakkeita. Varsinaisten ty\u00f6vaiheiden opiskelu tapahtuu pit\u00e4m\u00e4ll\u00e4 oppimisp\u00e4iv\u00e4kirjaa Bloggerissa (s\u00e4hk\u00f6inen blogi). Blogiin tuotetaan kuvia ja teksti\u00e4 eri &hellip; <a href=\"https:\/\/verkkovaria.fi\/liikenne\/maaraaikaishuolto\/ohjeet-opiskelijalle\/\">Continued<\/a><\/p>\n","protected":false},"author":1,"featured_media":0,"parent":0,"menu_order":0,"comment_status":"closed","ping_status":"open","template":"","meta":{"footnotes":"","_links_to":"","_links_to_target":""},"class_list":["post-13","page","type-page","status-publish","hentry"],"_links":{"self":[{"href":"https:\/\/verkkovaria.fi\/liikenne\/maaraaikaishuolto\/wp-json\/wp\/v2\/pages\/13","targetHints":{"allow":["GET"]}}],"collection":[{"href":"https:\/\/verkkovaria.fi\/liikenne\/maaraaikaishuolto\/wp-json\/wp\/v2\/pages"}],"about":[{"href":"https:\/\/verkkovaria.fi\/liikenne\/maaraaikaishuolto\/wp-json\/wp\/v2\/types\/page"}],"author":[{"embeddable":true,"href":"https:\/\/verkkovaria.fi\/liikenne\/maaraaikaishuolto\/wp-json\/wp\/v2\/users\/1"}],"replies":[{"embeddable":true,"href":"https:\/\/verkkovaria.fi\/liikenne\/maaraaikaishuolto\/wp-json\/wp\/v2\/comments?post=13"}],"version-history":[{"count":12,"href":"https:\/\/verkkovaria.fi\/liikenne\/maaraaikaishuolto\/wp-json\/wp\/v2\/pages\/13\/revisions"}],"predecessor-version":[{"id":236,"href":"https:\/\/verkkovaria.fi\/liikenne\/maaraaikaishuolto\/wp-json\/wp\/v2\/pages\/13\/revisions\/236"}],"wp:attachment":[{"href":"https:\/\/verkkovaria.fi\/liikenne\/maaraaikaishuolto\/wp-json\/wp\/v2\/media?parent=13"}],"curies":[{"name":"wp","href":"https:\/\/api.w.org\/{rel}","templated":true}]}}