{"id":107,"date":"2015-05-14T12:18:07","date_gmt":"2015-05-14T12:18:07","guid":{"rendered":"http:\/\/verkkovaria.fi\/liikenne\/maaraaikaishuolto\/?page_id=107"},"modified":"2016-06-16T07:18:56","modified_gmt":"2016-06-16T07:18:56","slug":"auton-ulkopuolella-suoriettavat-huoltotehtavat","status":"publish","type":"page","link":"https:\/\/verkkovaria.fi\/liikenne\/maaraaikaishuolto\/auton-ulkopuolella-suoriettavat-huoltotehtavat\/","title":{"rendered":"Auton ulkopuolella suoritettavat huoltoteht\u00e4v\u00e4t"},"content":{"rendered":"<p><strong>Pakokaasutesti<\/strong><\/p>\n<p>Pakokaasumittaus kertoo moottorin toiminnasta. Testiss\u00e4 selvi\u00e4\u00e4, ovatko saastelaitteet kunnossa. My\u00f6s moottorin mekaaninen kunto vaikuttaa testituloksiin. Testituloksista voidaankin p\u00e4\u00e4tell\u00e4 mahdollisia vikoja ja pakokaasutesteri\u00e4 k\u00e4ytet\u00e4\u00e4n usein apuna vianhaussa.<\/p>\n<p>Teht\u00e4v\u00e4<\/p>\n<ul>\n<li>Kirjoita blogiin mitk\u00e4 ovat kyseisen ajoneuvon pakokaasutestin raja-arvot katsastuksessa.<\/li>\n<li>Mink\u00e4ik\u00e4isiin autoihin tulee tehd\u00e4 OBD-testi?<\/li>\n<\/ul>\n<p>\u00a0<\/p>\n<p>Mill\u00e4 hakusanoilla aiheesta l\u00f6ytyy tietoa Internetist\u00e4?<\/p>\n","protected":false},"excerpt":{"rendered":"<p>Pakokaasutesti Pakokaasumittaus kertoo moottorin toiminnasta. Testiss\u00e4 selvi\u00e4\u00e4, ovatko saastelaitteet kunnossa. My\u00f6s moottorin mekaaninen kunto vaikuttaa testituloksiin. Testituloksista voidaankin p\u00e4\u00e4tell\u00e4 mahdollisia vikoja ja pakokaasutesteri\u00e4 k\u00e4ytet\u00e4\u00e4n usein apuna vianhaussa. Teht\u00e4v\u00e4 Kirjoita blogiin mitk\u00e4 ovat kyseisen ajoneuvon pakokaasutestin raja-arvot katsastuksessa. Mink\u00e4ik\u00e4isiin autoihin tulee tehd\u00e4 OBD-testi? \u00a0 Mill\u00e4 hakusanoilla aiheesta l\u00f6ytyy tietoa Internetist\u00e4?<\/p>\n","protected":false},"author":1,"featured_media":0,"parent":0,"menu_order":0,"comment_status":"closed","ping_status":"open","template":"","meta":{"footnotes":"","_links_to":"","_links_to_target":""},"class_list":["post-107","page","type-page","status-publish","hentry"],"_links":{"self":[{"href":"https:\/\/verkkovaria.fi\/liikenne\/maaraaikaishuolto\/wp-json\/wp\/v2\/pages\/107","targetHints":{"allow":["GET"]}}],"collection":[{"href":"https:\/\/verkkovaria.fi\/liikenne\/maaraaikaishuolto\/wp-json\/wp\/v2\/pages"}],"about":[{"href":"https:\/\/verkkovaria.fi\/liikenne\/maaraaikaishuolto\/wp-json\/wp\/v2\/types\/page"}],"author":[{"embeddable":true,"href":"https:\/\/verkkovaria.fi\/liikenne\/maaraaikaishuolto\/wp-json\/wp\/v2\/users\/1"}],"replies":[{"embeddable":true,"href":"https:\/\/verkkovaria.fi\/liikenne\/maaraaikaishuolto\/wp-json\/wp\/v2\/comments?post=107"}],"version-history":[{"count":7,"href":"https:\/\/verkkovaria.fi\/liikenne\/maaraaikaishuolto\/wp-json\/wp\/v2\/pages\/107\/revisions"}],"predecessor-version":[{"id":259,"href":"https:\/\/verkkovaria.fi\/liikenne\/maaraaikaishuolto\/wp-json\/wp\/v2\/pages\/107\/revisions\/259"}],"wp:attachment":[{"href":"https:\/\/verkkovaria.fi\/liikenne\/maaraaikaishuolto\/wp-json\/wp\/v2\/media?parent=107"}],"curies":[{"name":"wp","href":"https:\/\/api.w.org\/{rel}","templated":true}]}}