{"id":104,"date":"2015-05-14T12:17:20","date_gmt":"2015-05-14T12:17:20","guid":{"rendered":"http:\/\/verkkovaria.fi\/liikenne\/maaraaikaishuolto\/?page_id=104"},"modified":"2016-06-16T07:16:57","modified_gmt":"2016-06-16T07:16:57","slug":"auton-sisalla-suoritettavat-huoltotehtavat","status":"publish","type":"page","link":"https:\/\/verkkovaria.fi\/liikenne\/maaraaikaishuolto\/auton-sisalla-suoritettavat-huoltotehtavat\/","title":{"rendered":"Auton sis\u00e4ll\u00e4 suoritettavat huoltoteht\u00e4v\u00e4t"},"content":{"rendered":"<p><strong>Seisontajarrun tarkistus<\/strong><\/p>\n<p>Seisontajarru (puhekieless\u00e4 k\u00e4ytet\u00e4\u00e4n my\u00f6s nimityst\u00e4 k\u00e4sijarru) kuuluu tarkastuskohteisiin. Mekanismeja on erilaisia riippuen automerkist\u00e4 sek\u00e4 -mallista. Joitakin seisontajarruja k\u00e4ytet\u00e4\u00e4n jalalla.<\/p>\n<p>Teht\u00e4v\u00e4<\/p>\n<p>Kuvaa seisontajarrun rakenne ja sen s\u00e4\u00e4t\u00f6kohta. Jos k\u00e4yt\u00f6ss\u00e4si on korjaamokirja, tutki kuinka monta &#8221;naksahdusta&#8221; pit\u00e4\u00e4 olla kyseisess\u00e4 autossa.<\/p>\n<p><strong>Raitisilmasuodatin<\/strong><\/p>\n<p>Raitisilmasuodattimen vaihto tapahtuu useimmiten auton sis\u00e4tiloissa. Joissakin autoissa raitisilmasuodatin vaihdetaan konepellin alta.<\/p>\n<p>Teht\u00e4v\u00e4<\/p>\n<p>Kuvaa auton raitisilmasuodattimen vaihto kyseiseen automalliin. Muista merkit\u00e4 mist\u00e4 mallista ja merkist\u00e4 on kysymys. Pohdi mit\u00e4 haittoja on tukkeutuneesta raitisilmasuodattimesta.<\/p>\n","protected":false},"excerpt":{"rendered":"<p>Seisontajarrun tarkistus Seisontajarru (puhekieless\u00e4 k\u00e4ytet\u00e4\u00e4n my\u00f6s nimityst\u00e4 k\u00e4sijarru) kuuluu tarkastuskohteisiin. Mekanismeja on erilaisia riippuen automerkist\u00e4 sek\u00e4 -mallista. Joitakin seisontajarruja k\u00e4ytet\u00e4\u00e4n jalalla. Teht\u00e4v\u00e4 Kuvaa seisontajarrun rakenne ja sen s\u00e4\u00e4t\u00f6kohta. Jos k\u00e4yt\u00f6ss\u00e4si on korjaamokirja, tutki kuinka monta &#8221;naksahdusta&#8221; pit\u00e4\u00e4 olla kyseisess\u00e4 autossa. Raitisilmasuodatin Raitisilmasuodattimen vaihto tapahtuu useimmiten auton sis\u00e4tiloissa. Joissakin autoissa raitisilmasuodatin vaihdetaan konepellin alta. Teht\u00e4v\u00e4 Kuvaa &hellip; <a href=\"https:\/\/verkkovaria.fi\/liikenne\/maaraaikaishuolto\/auton-sisalla-suoritettavat-huoltotehtavat\/\">Continued<\/a><\/p>\n","protected":false},"author":1,"featured_media":0,"parent":0,"menu_order":0,"comment_status":"closed","ping_status":"open","template":"","meta":{"footnotes":"","_links_to":"","_links_to_target":""},"class_list":["post-104","page","type-page","status-publish","hentry"],"_links":{"self":[{"href":"https:\/\/verkkovaria.fi\/liikenne\/maaraaikaishuolto\/wp-json\/wp\/v2\/pages\/104","targetHints":{"allow":["GET"]}}],"collection":[{"href":"https:\/\/verkkovaria.fi\/liikenne\/maaraaikaishuolto\/wp-json\/wp\/v2\/pages"}],"about":[{"href":"https:\/\/verkkovaria.fi\/liikenne\/maaraaikaishuolto\/wp-json\/wp\/v2\/types\/page"}],"author":[{"embeddable":true,"href":"https:\/\/verkkovaria.fi\/liikenne\/maaraaikaishuolto\/wp-json\/wp\/v2\/users\/1"}],"replies":[{"embeddable":true,"href":"https:\/\/verkkovaria.fi\/liikenne\/maaraaikaishuolto\/wp-json\/wp\/v2\/comments?post=104"}],"version-history":[{"count":7,"href":"https:\/\/verkkovaria.fi\/liikenne\/maaraaikaishuolto\/wp-json\/wp\/v2\/pages\/104\/revisions"}],"predecessor-version":[{"id":258,"href":"https:\/\/verkkovaria.fi\/liikenne\/maaraaikaishuolto\/wp-json\/wp\/v2\/pages\/104\/revisions\/258"}],"wp:attachment":[{"href":"https:\/\/verkkovaria.fi\/liikenne\/maaraaikaishuolto\/wp-json\/wp\/v2\/media?parent=104"}],"curies":[{"name":"wp","href":"https:\/\/api.w.org\/{rel}","templated":true}]}}