{"id":57,"date":"2014-10-27T19:44:30","date_gmt":"2014-10-27T19:44:30","guid":{"rendered":"http:\/\/verkkovaria.fi\/liikenne\/ajoneuvotekniikka\/?page_id=57"},"modified":"2015-02-09T11:12:15","modified_gmt":"2015-02-09T11:12:15","slug":"moottorit","status":"publish","type":"page","link":"https:\/\/verkkovaria.fi\/liikenne\/ajoneuvotekniikka\/moottorit\/","title":{"rendered":"Moottorit"},"content":{"rendered":"<p>T\u00e4nne palautetaan moottoreista kertynytt\u00e4 tietoa. Samuel, St\u00f6g\u00f6 ja Valtteri V, tehk\u00e4\u00e4 yhteisty\u00f6t\u00e4, ettei tule p\u00e4\u00e4llekk\u00e4isyytt\u00e4.<\/p>\n<p>Eri valmistajien moottorityypit.<\/p>\n<p><strong>Mercedes-Benz<\/strong><br \/>\nActros 460 kw,15,6l<br \/>\n6 sylinterinen<br \/>\nIskutilavuus 15.6<br \/>\nNimelliskierrosluku 1600<br \/>\nNm 3000<br \/>\nMax V\u00e4\u00e4nt\u00f6momentti [nm kierrosluvulla 1\/min] 1100<br \/>\nEuro v (vakio varuste)<br \/>\nEev (lis\u00e4varuste)<br \/>\nEuro VI (lis\u00e4varuste)<br \/>\nMersun suora ruiskutus j\u00e4rjestelm\u00e4 ruiskuttaa yli 2000 tuhannen baarilla poltto ainetta sylinteriin.  joka takaa alhaisemmat co 2 p\u00e4\u00e4st\u00f6t sek\u00e4 hiukkas-ja typpioksidi p\u00e4\u00e4st\u00f6t. <\/p>\n<p><strong>Renault<\/strong><br \/>\nMoottorin tekniset tiedot<br \/>\nRenault DTI: 480<br \/>\nHevosvoimat 520<br \/>\nRenault tarjoaa jopa t\u00e4m\u00e4n vuosi tuhannen teknologiaa hyv\u00e4ll\u00e4 kilpailu menestyksell\u00e4, autosta l\u00f6ytyy common rail merkkinen j\u00e4rjestelm\u00e4 (DTI) joka tarjoaa suuren ruiskutus paineen my\u00f6s moottorin alhaisella kierrosalueella. Uudet teknologiat: suutin hiukkassuodattimen tehokkaan j\u00e4lkipolton varmistamiseksi, yli 95 % hiukkasista suodattuu. Lis\u00e4ksi on ominaisuus nimelt\u00e4\u00e4n pakokaasujen j\u00e4lkik\u00e4sittely-j\u00e4rjestelm\u00e4.<\/p>\n<p><strong>Daf XF  <\/strong><br \/>\nMoottorina toimii paccar mx josta l\u00f6ytyy 410,460 ja 510 hv versiot, t\u00e4ss\u00e4 k\u00e4sitelty 510 hv versiota.<br \/>\n510 hv koneesta l\u00f6ytyy 2 500 newtonmetri\u00e4 suurin v\u00e4\u00e4nt\u00f6, joka on k\u00e4ytett\u00e4viss\u00e4 1000-1400 r\/min.<br \/>\nSmart-ruiskutus j\u00e4rjestelm\u00e4n ja Daf scr &#8211; tekniikan ansiosta mx-moottrista voidaan varustaa p\u00e4\u00e4st\u00f6standardin euro 4 tai euro 5 (esim erillinen nokisuodatin). MX moottori tarjoaa integroidun moottorijarrun josta irtoaa 200-325 kw jarrutustehon nopeudesta 1500-2100 r \/min.<br \/>\nDaffin huoltov\u00e4lej\u00e4 voidaan kasvattaa, jopa lukemaan 90 000 kilometriin asti, koska Daffin suunnittelijat ajattelevat ostajan lompakkoa. Keskipakosuodattimen ja synteettisen \u00f6ljyn avulla huoltov\u00e4lit ovat pitki\u00e4, huoltov\u00e4li\u00e4 voidaan jopa kasvattaa 150 000 kilometriin. Daffin sylinterikansikaan ei ole mik\u00e4\u00e4n tavallinen, sellainen jota ei l\u00f6ydy joka nyrkkipajalta se on compact graphite iron. Sylinterinkannen eritt\u00e4in hyv\u00e4t integroidut toiminnot edustavat erinnomaista kest\u00e4vyytt\u00e4. \u00d6ljynsuodin, \u00f6ljytermostaatti ja \u00f6ljyj\u00e4\u00e4hdytin on pistetty yhteen samaan pakettiin, joka mahdollistaa 25 % prosenttia v\u00e4hemm\u00e4n osia moottorissa.<\/p>\n<p><strong>Volvo<\/strong><br \/>\nVolvo FH16<br \/>\nMoottorina toimii D16K750 (552kW)<br \/>\nEuro 6<br \/>\nSylintereiden lukum\u00e4\u00e4r\u00e4 6<br \/>\nTilavuus 16,1 dm3<br \/>\nIsku pituus 165 mm<br \/>\nSylinterin halkaisia 144 mm<br \/>\nPuristussuhde 16.0:1<br \/>\nTaloudelinen kierrosalue 1000-1300 rpm<br \/>\nPakokaasujenjarru teho 230kw (2200rpm)<br \/>\nVeb+-teho 470kw (2200rpm)<br \/>\nVeb+ lis\u00e4varuste<br \/>\n\u00d6ljynsuodattimet 2 p\u00e4\u00e4virtasuodatinta, 1 ohivirtasuodatinta<br \/>\n\u00f6ljynt\u00e4yt\u00f6sm\u00e4\u00e4r\u00e4 mkl. Suodatin 42L<br \/>\nJ\u00e4\u00e4hdytysj\u00e4rjestelm\u00e4 vetoisuus 48L<br \/>\nTeho enint\u00e4\u00e4 1600-1800 rpm 750 hv<br \/>\nV\u00e4\u00e4nt\u00f6 enint\u00e4\u00e4n 950-1400 rpm 3 550 Nm<\/p>\n<p>l\u00e4hde: valmistajien ja maahantuojien verkkosivut<\/p>\n<p>Tuomas V:<br \/>\n<a href=\"http:\/\/verkkovaria.fi\/liikenne\/ajoneuvotekniikka\/wp-content\/uploads\/2014\/10\/Esitys-1.pptx\">Esitys 1<\/a><\/p>\n","protected":false},"excerpt":{"rendered":"<p>T\u00e4nne palautetaan moottoreista kertynytt\u00e4 tietoa. Samuel, St\u00f6g\u00f6 ja Valtteri V, tehk\u00e4\u00e4 yhteisty\u00f6t\u00e4, ettei tule p\u00e4\u00e4llekk\u00e4isyytt\u00e4. Eri valmistajien moottorityypit. Mercedes-Benz Actros 460 kw,15,6l 6 sylinterinen Iskutilavuus 15.6 Nimelliskierrosluku 1600 Nm 3000 Max V\u00e4\u00e4nt\u00f6momentti [nm kierrosluvulla 1\/min] 1100 Euro v (vakio varuste) Eev (lis\u00e4varuste) Euro VI (lis\u00e4varuste) Mersun suora ruiskutus j\u00e4rjestelm\u00e4 ruiskuttaa yli 2000 tuhannen baarilla poltto&hellip;<\/p>\n","protected":false},"author":1,"featured_media":0,"parent":0,"menu_order":0,"comment_status":"closed","ping_status":"open","template":"","meta":{"footnotes":"","_links_to":"","_links_to_target":""},"class_list":["post-57","page","type-page","status-publish","hentry"],"_links":{"self":[{"href":"https:\/\/verkkovaria.fi\/liikenne\/ajoneuvotekniikka\/wp-json\/wp\/v2\/pages\/57","targetHints":{"allow":["GET"]}}],"collection":[{"href":"https:\/\/verkkovaria.fi\/liikenne\/ajoneuvotekniikka\/wp-json\/wp\/v2\/pages"}],"about":[{"href":"https:\/\/verkkovaria.fi\/liikenne\/ajoneuvotekniikka\/wp-json\/wp\/v2\/types\/page"}],"author":[{"embeddable":true,"href":"https:\/\/verkkovaria.fi\/liikenne\/ajoneuvotekniikka\/wp-json\/wp\/v2\/users\/1"}],"replies":[{"embeddable":true,"href":"https:\/\/verkkovaria.fi\/liikenne\/ajoneuvotekniikka\/wp-json\/wp\/v2\/comments?post=57"}],"version-history":[{"count":6,"href":"https:\/\/verkkovaria.fi\/liikenne\/ajoneuvotekniikka\/wp-json\/wp\/v2\/pages\/57\/revisions"}],"predecessor-version":[{"id":173,"href":"https:\/\/verkkovaria.fi\/liikenne\/ajoneuvotekniikka\/wp-json\/wp\/v2\/pages\/57\/revisions\/173"}],"wp:attachment":[{"href":"https:\/\/verkkovaria.fi\/liikenne\/ajoneuvotekniikka\/wp-json\/wp\/v2\/media?parent=57"}],"curies":[{"name":"wp","href":"https:\/\/api.w.org\/{rel}","templated":true}]}}