{"id":51,"date":"2014-10-27T13:59:34","date_gmt":"2014-10-27T13:59:34","guid":{"rendered":"http:\/\/verkkovaria.fi\/liikenne\/ajoneuvotekniikka\/?page_id=51"},"modified":"2014-10-28T08:22:12","modified_gmt":"2014-10-28T08:22:12","slug":"arviointi","status":"publish","type":"page","link":"https:\/\/verkkovaria.fi\/liikenne\/ajoneuvotekniikka\/arviointi\/","title":{"rendered":"ARVIOINTI"},"content":{"rendered":"<p>T\u00e4h\u00e4n valikkoon tulee listaus tehdyist\u00e4 ja tekem\u00e4tt\u00f6mist\u00e4 sis\u00e4ll\u00f6ist\u00e4.<\/p>\n","protected":false},"excerpt":{"rendered":"<p>T\u00e4h\u00e4n valikkoon tulee listaus tehdyist\u00e4 ja tekem\u00e4tt\u00f6mist\u00e4 sis\u00e4ll\u00f6ist\u00e4.<\/p>\n","protected":false},"author":1,"featured_media":0,"parent":0,"menu_order":0,"comment_status":"closed","ping_status":"open","template":"","meta":{"footnotes":"","_links_to":"","_links_to_target":""},"class_list":["post-51","page","type-page","status-publish","hentry"],"_links":{"self":[{"href":"https:\/\/verkkovaria.fi\/liikenne\/ajoneuvotekniikka\/wp-json\/wp\/v2\/pages\/51","targetHints":{"allow":["GET"]}}],"collection":[{"href":"https:\/\/verkkovaria.fi\/liikenne\/ajoneuvotekniikka\/wp-json\/wp\/v2\/pages"}],"about":[{"href":"https:\/\/verkkovaria.fi\/liikenne\/ajoneuvotekniikka\/wp-json\/wp\/v2\/types\/page"}],"author":[{"embeddable":true,"href":"https:\/\/verkkovaria.fi\/liikenne\/ajoneuvotekniikka\/wp-json\/wp\/v2\/users\/1"}],"replies":[{"embeddable":true,"href":"https:\/\/verkkovaria.fi\/liikenne\/ajoneuvotekniikka\/wp-json\/wp\/v2\/comments?post=51"}],"version-history":[{"count":1,"href":"https:\/\/verkkovaria.fi\/liikenne\/ajoneuvotekniikka\/wp-json\/wp\/v2\/pages\/51\/revisions"}],"predecessor-version":[{"id":53,"href":"https:\/\/verkkovaria.fi\/liikenne\/ajoneuvotekniikka\/wp-json\/wp\/v2\/pages\/51\/revisions\/53"}],"wp:attachment":[{"href":"https:\/\/verkkovaria.fi\/liikenne\/ajoneuvotekniikka\/wp-json\/wp\/v2\/media?parent=51"}],"curies":[{"name":"wp","href":"https:\/\/api.w.org\/{rel}","templated":true}]}}