{"id":4,"date":"2014-10-27T11:15:02","date_gmt":"2014-10-27T11:15:02","guid":{"rendered":"http:\/\/verkkovaria.fi\/liikenne\/ajoneuvotekniikka\/?page_id=4"},"modified":"2014-10-31T08:01:18","modified_gmt":"2014-10-31T08:01:18","slug":"ajoneuvoluokat","status":"publish","type":"page","link":"https:\/\/verkkovaria.fi\/liikenne\/ajoneuvotekniikka\/ajoneuvoluokat\/","title":{"rendered":"Ajoneuvoluokat"},"content":{"rendered":"<p>Perustieto ajoneuvoluokista<\/p>\n<p>Trafin sivuilta l\u00f6ytyy ajoneuvoluokkiin perustietoa. Linkki sivustoon on <a href=\"http:\/\/www.trafi.fi\/tieliikenne\/katsastukset\/ajoneuvoluokat\" title=\"Trafin ajoneuvoluokat\" target=\"_blank\">t\u00e4ss\u00e4<\/a>.<\/p>\n<p>Keskitymme kurssilla raskaisiin ajoneuvoluokkiin sek\u00e4 ty\u00f6koneisiin ja traktoreihin. Tutustumme ensisijaisesti ajoneuvoluokkajaon mukaan t\u00e4h\u00e4n luokkaan.<\/p>\n","protected":false},"excerpt":{"rendered":"<p>Perustieto ajoneuvoluokista Trafin sivuilta l\u00f6ytyy ajoneuvoluokkiin perustietoa. Linkki sivustoon on t\u00e4ss\u00e4. Keskitymme kurssilla raskaisiin ajoneuvoluokkiin sek\u00e4 ty\u00f6koneisiin ja traktoreihin. Tutustumme ensisijaisesti ajoneuvoluokkajaon mukaan t\u00e4h\u00e4n luokkaan.<\/p>\n","protected":false},"author":1,"featured_media":0,"parent":0,"menu_order":0,"comment_status":"open","ping_status":"open","template":"","meta":{"footnotes":"","_links_to":"","_links_to_target":""},"class_list":["post-4","page","type-page","status-publish","hentry"],"_links":{"self":[{"href":"https:\/\/verkkovaria.fi\/liikenne\/ajoneuvotekniikka\/wp-json\/wp\/v2\/pages\/4","targetHints":{"allow":["GET"]}}],"collection":[{"href":"https:\/\/verkkovaria.fi\/liikenne\/ajoneuvotekniikka\/wp-json\/wp\/v2\/pages"}],"about":[{"href":"https:\/\/verkkovaria.fi\/liikenne\/ajoneuvotekniikka\/wp-json\/wp\/v2\/types\/page"}],"author":[{"embeddable":true,"href":"https:\/\/verkkovaria.fi\/liikenne\/ajoneuvotekniikka\/wp-json\/wp\/v2\/users\/1"}],"replies":[{"embeddable":true,"href":"https:\/\/verkkovaria.fi\/liikenne\/ajoneuvotekniikka\/wp-json\/wp\/v2\/comments?post=4"}],"version-history":[{"count":5,"href":"https:\/\/verkkovaria.fi\/liikenne\/ajoneuvotekniikka\/wp-json\/wp\/v2\/pages\/4\/revisions"}],"predecessor-version":[{"id":63,"href":"https:\/\/verkkovaria.fi\/liikenne\/ajoneuvotekniikka\/wp-json\/wp\/v2\/pages\/4\/revisions\/63"}],"wp:attachment":[{"href":"https:\/\/verkkovaria.fi\/liikenne\/ajoneuvotekniikka\/wp-json\/wp\/v2\/media?parent=4"}],"curies":[{"name":"wp","href":"https:\/\/api.w.org\/{rel}","templated":true}]}}