{"id":119,"date":"2014-11-14T10:47:38","date_gmt":"2014-11-14T10:47:38","guid":{"rendered":"http:\/\/verkkovaria.fi\/liikenne\/ajoneuvotekniikka\/?page_id=119"},"modified":"2015-02-09T13:21:28","modified_gmt":"2015-02-09T13:21:28","slug":"linkit","status":"publish","type":"page","link":"https:\/\/verkkovaria.fi\/liikenne\/ajoneuvotekniikka\/linkit\/","title":{"rendered":"LINKIT"},"content":{"rendered":"<p>Hy\u00f6dyllisi\u00e4 linkkej\u00e4 opiskeluun.<\/p>\n<p><a href=\"www.logistiikanmaailma.fi\" title=\"Logistiikan maailma, wiki\" target=\"_blank\"><\/a><\/p>\n<p><a href=\"www.trafi.fi\" title=\"Tarfin etusivu\" target=\"_blank\"><\/a><\/p>\n<p><a href=\"www.sisuauto.com\" title=\"Sisun etusivu\" target=\"_blank\"><\/a><\/p>\n","protected":false},"excerpt":{"rendered":"<p>Hy\u00f6dyllisi\u00e4 linkkej\u00e4 opiskeluun.<\/p>\n","protected":false},"author":1,"featured_media":0,"parent":0,"menu_order":0,"comment_status":"closed","ping_status":"open","template":"","meta":{"footnotes":"","_links_to":"","_links_to_target":""},"class_list":["post-119","page","type-page","status-publish","hentry"],"_links":{"self":[{"href":"https:\/\/verkkovaria.fi\/liikenne\/ajoneuvotekniikka\/wp-json\/wp\/v2\/pages\/119","targetHints":{"allow":["GET"]}}],"collection":[{"href":"https:\/\/verkkovaria.fi\/liikenne\/ajoneuvotekniikka\/wp-json\/wp\/v2\/pages"}],"about":[{"href":"https:\/\/verkkovaria.fi\/liikenne\/ajoneuvotekniikka\/wp-json\/wp\/v2\/types\/page"}],"author":[{"embeddable":true,"href":"https:\/\/verkkovaria.fi\/liikenne\/ajoneuvotekniikka\/wp-json\/wp\/v2\/users\/1"}],"replies":[{"embeddable":true,"href":"https:\/\/verkkovaria.fi\/liikenne\/ajoneuvotekniikka\/wp-json\/wp\/v2\/comments?post=119"}],"version-history":[{"count":4,"href":"https:\/\/verkkovaria.fi\/liikenne\/ajoneuvotekniikka\/wp-json\/wp\/v2\/pages\/119\/revisions"}],"predecessor-version":[{"id":177,"href":"https:\/\/verkkovaria.fi\/liikenne\/ajoneuvotekniikka\/wp-json\/wp\/v2\/pages\/119\/revisions\/177"}],"wp:attachment":[{"href":"https:\/\/verkkovaria.fi\/liikenne\/ajoneuvotekniikka\/wp-json\/wp\/v2\/media?parent=119"}],"curies":[{"name":"wp","href":"https:\/\/api.w.org\/{rel}","templated":true}]}}