{"id":91,"date":"2015-02-09T14:07:31","date_gmt":"2015-02-09T14:07:31","guid":{"rendered":"http:\/\/verkkovaria.fi\/kulttuuri\/varikasittelyt\/?page_id=91"},"modified":"2015-11-06T21:13:25","modified_gmt":"2015-11-06T21:13:25","slug":"teema-10","status":"publish","type":"page","link":"https:\/\/verkkovaria.fi\/kulttuuri\/varikasittelyt\/teema-10\/","title":{"rendered":"TEEMA 10: TIETO JAKOON"},"content":{"rendered":"<p>Tervetuloa\u00a0ty\u00f6st\u00e4m\u00e4\u00e4n viimeist\u00e4 teemateht\u00e4v\u00e4\u00e4.<\/p>\n<ol>\n<li>Olemme ahkeroineet ja etsineet tietoa, ja t\u00e4m\u00e4n p\u00e4iv\u00e4n\u00a0tavoitteena on jakaa oppimisalustaan ty\u00f6st\u00e4m\u00e4nne tieto kaikille asianosaisille tiedoksi ja k\u00e4ytett\u00e4v\u00e4ksi.<\/li>\n<li>Tarkastelemme, mit\u00e4 tietoa olemme ty\u00f6st\u00e4neet oppimisalustaan.\u00a0<\/li>\n<li>Pienryhm\u00e4t esittelev\u00e4t\u00a0kommentoimansa pienryhm\u00e4n teemateht\u00e4v\u00e4n.<\/li>\n<\/ol>\n","protected":false},"excerpt":{"rendered":"<p>Tervetuloa\u00a0ty\u00f6st\u00e4m\u00e4\u00e4n viimeist\u00e4 teemateht\u00e4v\u00e4\u00e4. Olemme ahkeroineet ja etsineet tietoa, ja t\u00e4m\u00e4n p\u00e4iv\u00e4n\u00a0tavoitteena on jakaa oppimisalustaan ty\u00f6st\u00e4m\u00e4nne tieto kaikille asianosaisille tiedoksi ja k\u00e4ytett\u00e4v\u00e4ksi. Tarkastelemme, mit\u00e4 tietoa olemme ty\u00f6st\u00e4neet oppimisalustaan.\u00a0 Pienryhm\u00e4t esittelev\u00e4t\u00a0kommentoimansa pienryhm\u00e4n teemateht\u00e4v\u00e4n.<\/p>\n","protected":false},"author":1,"featured_media":0,"parent":0,"menu_order":0,"comment_status":"closed","ping_status":"open","template":"","meta":{"footnotes":"","_links_to":"","_links_to_target":""},"class_list":["post-91","page","type-page","status-publish","hentry"],"_links":{"self":[{"href":"https:\/\/verkkovaria.fi\/kulttuuri\/varikasittelyt\/wp-json\/wp\/v2\/pages\/91","targetHints":{"allow":["GET"]}}],"collection":[{"href":"https:\/\/verkkovaria.fi\/kulttuuri\/varikasittelyt\/wp-json\/wp\/v2\/pages"}],"about":[{"href":"https:\/\/verkkovaria.fi\/kulttuuri\/varikasittelyt\/wp-json\/wp\/v2\/types\/page"}],"author":[{"embeddable":true,"href":"https:\/\/verkkovaria.fi\/kulttuuri\/varikasittelyt\/wp-json\/wp\/v2\/users\/1"}],"replies":[{"embeddable":true,"href":"https:\/\/verkkovaria.fi\/kulttuuri\/varikasittelyt\/wp-json\/wp\/v2\/comments?post=91"}],"version-history":[{"count":14,"href":"https:\/\/verkkovaria.fi\/kulttuuri\/varikasittelyt\/wp-json\/wp\/v2\/pages\/91\/revisions"}],"predecessor-version":[{"id":726,"href":"https:\/\/verkkovaria.fi\/kulttuuri\/varikasittelyt\/wp-json\/wp\/v2\/pages\/91\/revisions\/726"}],"wp:attachment":[{"href":"https:\/\/verkkovaria.fi\/kulttuuri\/varikasittelyt\/wp-json\/wp\/v2\/media?parent=91"}],"curies":[{"name":"wp","href":"https:\/\/api.w.org\/{rel}","templated":true}]}}