{"id":88,"date":"2015-02-09T14:07:15","date_gmt":"2015-02-09T14:07:15","guid":{"rendered":"http:\/\/verkkovaria.fi\/kulttuuri\/varikasittelyt\/?page_id=88"},"modified":"2015-11-06T19:52:50","modified_gmt":"2015-11-06T19:52:50","slug":"teema-5-2","status":"publish","type":"page","link":"https:\/\/verkkovaria.fi\/kulttuuri\/varikasittelyt\/teema-5-2\/","title":{"rendered":"TEEMA 5: V\u00c4RJ\u00c4YSK\u00c4SITTELYN TURVALLISET VAIHTOEHDOT"},"content":{"rendered":"<p>AMMATTITAITOVAATIMUS\u00a0<\/p>\n<ul>\n<li>Osaa \u00a0antaa asiakkaalle \u00a0kotihoito-ohjeita ja suositella my\u00f6s vaihtoehtoisia v\u00e4rj\u00e4ysmenetelmi\u00e4.\n<\/li>\n<\/ul>\n<p>OPISKELIJA:<\/p>\n<ul>\n<li>Osaat suositella asiakkaalle vaihtoehtoisia v\u00e4rj\u00e4ysk\u00e4sittelyj\u00e4<\/li>\n<li>Osaat ohjata asiakasta h\u00e4nen halutessaan\u00a0vaihtoehtoisia v\u00e4rj\u00e4ysk\u00e4sittelyj\u00e4<\/li>\n<\/ul>\n<p>TEHT\u00c4V\u00c4T:<\/p>\n<ol>\n<li>Tutustu luonnonkosmetiikka k\u00e4sitteeseen. Miten luonnonkosmetiikka eroaa synteettisest\u00e4?Mit\u00e4 lains\u00e4\u00e4d\u00e4nt\u00f6 sanoo jos itse haluaa keitell\u00e4 tuotteita myyt\u00e4v\u00e4ksi?<\/li>\n<li>Etsi ja mainitse kaksi luonnonkosmetiikkasarjaa.<\/li>\n<li>Kenelle \u00a0ja miksi suosittelisit tuotteita?<\/li>\n<li>Neuvo asiakasta mist\u00e4 k\u00e4sittelyj\u00e4 voisi saada? Kuka niit\u00e4 tekee?\u00a0<\/li>\n<\/ol>\n<p>L\u00e4het\u00e4 tietosi yhteiseen oppimisalustaan.<\/p>\n<p>HYVI\u00c4 LINKKEJ\u00c4:<\/p>\n<p><a href=\"http:\/\/www.teknokemia.fi\/fin\/kosmetiikka\/kosmetiikan_puheenaiheita\/luonnonkosmetiikka\/\" target=\"_blank\">Teknokemian yhdisty ry: Miten luonnonkosmetiikka eroaa &#8221;tavallisesta&#8221; kosmetiikasta?<\/a><\/p>\n<dl id=\"attachment_551\" style=\"width: 348px;\">\n<dt>\n<p>\u00a0<\/p>\n<p><figure id=\"attachment_551\" aria-describedby=\"caption-attachment-551\" style=\"width: 348px\" class=\"wp-caption alignnone\"><a href=\"http:\/\/verkkovaria.fi\/kulttuuri\/varikasittelyt\/wp-content\/uploads\/2015\/10\/v\u00e4.jpg\"><img loading=\"lazy\" decoding=\"async\" src=\"http:\/\/verkkovaria.fi\/kulttuuri\/varikasittelyt\/wp-content\/uploads\/2015\/10\/v\u00e4-300x169.jpg\" alt=\"v\u00e4\" width=\"348\" height=\"196\" \/><\/a><figcaption id=\"caption-attachment-551\" class=\"wp-caption-text\">http:\/\/www.teknokemia.fi\/fin\/kosmetiikka\/kosmetiikan_turvallisuus_ja_lainsaadanto\/<\/figcaption><\/figure><\/dt>\n<\/dl>\n","protected":false},"excerpt":{"rendered":"<p>AMMATTITAITOVAATIMUS\u00a0 Osaa \u00a0antaa asiakkaalle \u00a0kotihoito-ohjeita ja suositella my\u00f6s vaihtoehtoisia v\u00e4rj\u00e4ysmenetelmi\u00e4. OPISKELIJA: Osaat suositella asiakkaalle vaihtoehtoisia v\u00e4rj\u00e4ysk\u00e4sittelyj\u00e4 Osaat ohjata asiakasta h\u00e4nen halutessaan\u00a0vaihtoehtoisia v\u00e4rj\u00e4ysk\u00e4sittelyj\u00e4 TEHT\u00c4V\u00c4T: Tutustu luonnonkosmetiikka k\u00e4sitteeseen. Miten luonnonkosmetiikka eroaa synteettisest\u00e4?Mit\u00e4 lains\u00e4\u00e4d\u00e4nt\u00f6 sanoo jos itse haluaa keitell\u00e4 tuotteita myyt\u00e4v\u00e4ksi? Etsi ja mainitse kaksi luonnonkosmetiikkasarjaa. Kenelle \u00a0ja miksi suosittelisit tuotteita? Neuvo asiakasta mist\u00e4 k\u00e4sittelyj\u00e4 voisi saada? Kuka &hellip; <a href=\"https:\/\/verkkovaria.fi\/kulttuuri\/varikasittelyt\/teema-5-2\/\">Continued<\/a><\/p>\n","protected":false},"author":1,"featured_media":0,"parent":0,"menu_order":0,"comment_status":"closed","ping_status":"open","template":"","meta":{"footnotes":"","_links_to":"","_links_to_target":""},"class_list":["post-88","page","type-page","status-publish","hentry"],"_links":{"self":[{"href":"https:\/\/verkkovaria.fi\/kulttuuri\/varikasittelyt\/wp-json\/wp\/v2\/pages\/88","targetHints":{"allow":["GET"]}}],"collection":[{"href":"https:\/\/verkkovaria.fi\/kulttuuri\/varikasittelyt\/wp-json\/wp\/v2\/pages"}],"about":[{"href":"https:\/\/verkkovaria.fi\/kulttuuri\/varikasittelyt\/wp-json\/wp\/v2\/types\/page"}],"author":[{"embeddable":true,"href":"https:\/\/verkkovaria.fi\/kulttuuri\/varikasittelyt\/wp-json\/wp\/v2\/users\/1"}],"replies":[{"embeddable":true,"href":"https:\/\/verkkovaria.fi\/kulttuuri\/varikasittelyt\/wp-json\/wp\/v2\/comments?post=88"}],"version-history":[{"count":26,"href":"https:\/\/verkkovaria.fi\/kulttuuri\/varikasittelyt\/wp-json\/wp\/v2\/pages\/88\/revisions"}],"predecessor-version":[{"id":721,"href":"https:\/\/verkkovaria.fi\/kulttuuri\/varikasittelyt\/wp-json\/wp\/v2\/pages\/88\/revisions\/721"}],"wp:attachment":[{"href":"https:\/\/verkkovaria.fi\/kulttuuri\/varikasittelyt\/wp-json\/wp\/v2\/media?parent=88"}],"curies":[{"name":"wp","href":"https:\/\/api.w.org\/{rel}","templated":true}]}}