{"id":85,"date":"2015-02-09T14:07:00","date_gmt":"2015-02-09T14:07:00","guid":{"rendered":"http:\/\/verkkovaria.fi\/kulttuuri\/varikasittelyt\/?page_id=85"},"modified":"2015-11-06T19:27:17","modified_gmt":"2015-11-06T19:27:17","slug":"teema-4","status":"publish","type":"page","link":"https:\/\/verkkovaria.fi\/kulttuuri\/varikasittelyt\/teema-4\/","title":{"rendered":"TEEMA 4: MIELENKIINTOISET KESKUSTELUT SOMESSA"},"content":{"rendered":"<p>AMMATTITAITOVAATIMUS\u00a0<\/p>\n<ul>\n<li>Osaa hakea ja k\u00e4sitell\u00e4 verkossa olevaa tietoa.\n<\/li>\n<\/ul>\n<p>OPISKELIJA<\/p>\n<ul>\n<li>Osaat hankkia tietoa hiusalan \u00a0ammatillisista tietol\u00e4hteist\u00e4.<\/li>\n<li>Osaat ohjata asiakasta \u00a0ja soveltaa tietoa palvelutilanteissa.\n<\/li>\n<\/ul>\n<p>TEHT\u00c4V\u00c4<\/p>\n<ol>\n<li>Selvit\u00e4 mit\u00e4 mielt\u00e4 somen eri tietol\u00e4hteet kirjoittavat \/ovat mielt\u00e4 aiheesta HIUSTEN V\u00c4RIK\u00c4SITTELYIDEN TURVALLISUUS? Vieraile eri sivustoissa \/facebookissa\/ youtubessa \/tv-ohjelmilla\/suomi24\/blogeissa ym&#8230;.<\/li>\n<li>Ota selv\u00e4\u00e4 mitk\u00e4 \u00a0keskustelunaiheet ovat ajankohtaisia juuri nyt? Mist\u00e4 l\u00f6ysit todella mielenkiintoiset uutiset? Sinun ei tarvitse mietti\u00e4 ovatko uutiset totta vai tarua. L\u00e4het\u00e4 linkki ja kerro mist\u00e4 siin\u00e4 keskustellaan? Hae v\u00e4hint\u00e4\u00e4n kolme (3) mielenkiintoista aihetta.<\/li>\n<\/ol>\n<figure id=\"attachment_543\" aria-describedby=\"caption-attachment-543\" style=\"width: 442px\" class=\"wp-caption alignnone\"><img loading=\"lazy\" decoding=\"async\" src=\"http:\/\/verkkovaria.fi\/kulttuuri\/varikasittelyt\/wp-content\/uploads\/2015\/10\/kemik-300x169.jpg\" alt=\"kemik\" width=\"442\" height=\"249\" \/><figcaption id=\"caption-attachment-543\" class=\"wp-caption-text\">KEMIKAALIKIMARA Anja Nysten http:\/\/kemikaalikimara.blogspot.fi\/p\/blog-page_27.html<\/figcaption><\/figure>\n<p>\u00a0<\/p>\n<figure id=\"attachment_546\" aria-describedby=\"caption-attachment-546\" style=\"width: 300px\" class=\"wp-caption alignnone\"><a href=\"http:\/\/verkkovaria.fi\/kulttuuri\/varikasittelyt\/wp-content\/uploads\/2015\/10\/si.png\"><img loading=\"lazy\" decoding=\"async\" src=\"http:\/\/verkkovaria.fi\/kulttuuri\/varikasittelyt\/wp-content\/uploads\/2015\/10\/si-300x169.png\" alt=\"si\" width=\"300\" height=\"169\" \/><\/a><figcaption id=\"caption-attachment-546\" class=\"wp-caption-text\">http:\/\/www.kauneudenhoito.net\/hiukset\/hiusten-kotivarjays-kesaa-varten<\/figcaption><\/figure>\n","protected":false},"excerpt":{"rendered":"<p>AMMATTITAITOVAATIMUS\u00a0 Osaa hakea ja k\u00e4sitell\u00e4 verkossa olevaa tietoa. OPISKELIJA Osaat hankkia tietoa hiusalan \u00a0ammatillisista tietol\u00e4hteist\u00e4. Osaat ohjata asiakasta \u00a0ja soveltaa tietoa palvelutilanteissa. TEHT\u00c4V\u00c4 Selvit\u00e4 mit\u00e4 mielt\u00e4 somen eri tietol\u00e4hteet kirjoittavat \/ovat mielt\u00e4 aiheesta HIUSTEN V\u00c4RIK\u00c4SITTELYIDEN TURVALLISUUS? Vieraile eri sivustoissa \/facebookissa\/ youtubessa \/tv-ohjelmilla\/suomi24\/blogeissa ym&#8230;. Ota selv\u00e4\u00e4 mitk\u00e4 \u00a0keskustelunaiheet ovat ajankohtaisia juuri nyt? Mist\u00e4 l\u00f6ysit todella mielenkiintoiset &hellip; <a href=\"https:\/\/verkkovaria.fi\/kulttuuri\/varikasittelyt\/teema-4\/\">Continued<\/a><\/p>\n","protected":false},"author":1,"featured_media":0,"parent":0,"menu_order":0,"comment_status":"closed","ping_status":"open","template":"","meta":{"footnotes":"","_links_to":"","_links_to_target":""},"class_list":["post-85","page","type-page","status-publish","hentry"],"_links":{"self":[{"href":"https:\/\/verkkovaria.fi\/kulttuuri\/varikasittelyt\/wp-json\/wp\/v2\/pages\/85","targetHints":{"allow":["GET"]}}],"collection":[{"href":"https:\/\/verkkovaria.fi\/kulttuuri\/varikasittelyt\/wp-json\/wp\/v2\/pages"}],"about":[{"href":"https:\/\/verkkovaria.fi\/kulttuuri\/varikasittelyt\/wp-json\/wp\/v2\/types\/page"}],"author":[{"embeddable":true,"href":"https:\/\/verkkovaria.fi\/kulttuuri\/varikasittelyt\/wp-json\/wp\/v2\/users\/1"}],"replies":[{"embeddable":true,"href":"https:\/\/verkkovaria.fi\/kulttuuri\/varikasittelyt\/wp-json\/wp\/v2\/comments?post=85"}],"version-history":[{"count":19,"href":"https:\/\/verkkovaria.fi\/kulttuuri\/varikasittelyt\/wp-json\/wp\/v2\/pages\/85\/revisions"}],"predecessor-version":[{"id":719,"href":"https:\/\/verkkovaria.fi\/kulttuuri\/varikasittelyt\/wp-json\/wp\/v2\/pages\/85\/revisions\/719"}],"wp:attachment":[{"href":"https:\/\/verkkovaria.fi\/kulttuuri\/varikasittelyt\/wp-json\/wp\/v2\/media?parent=85"}],"curies":[{"name":"wp","href":"https:\/\/api.w.org\/{rel}","templated":true}]}}