{"id":82,"date":"2015-02-09T14:06:46","date_gmt":"2015-02-09T14:06:46","guid":{"rendered":"http:\/\/verkkovaria.fi\/kulttuuri\/varikasittelyt\/?page_id=82"},"modified":"2016-06-16T11:34:10","modified_gmt":"2016-06-16T11:34:10","slug":"teema-9","status":"publish","type":"page","link":"https:\/\/verkkovaria.fi\/kulttuuri\/varikasittelyt\/teema-9\/","title":{"rendered":"TEEMA 9: TUNNISTA V\u00c4RIK\u00c4SITTELYTUOTTEIDEN ALTISTAVAT AINESOSAT"},"content":{"rendered":"<p>AMMATTITAITOVAATIMUS\u00a0<\/p>\n<ul>\n<li>Ymm\u00e4rt\u00e4\u00e4 allergia k\u00e4sitteen ja tunnistaa v\u00e4rik\u00e4sittelytuotteiden altistavat aineosat.\n<\/li>\n<\/ul>\n<p>OPISKELIJA:<\/p>\n<ul>\n<li>osaat hakea tietoa hiusten v\u00e4rik\u00e4sittelyiss\u00e4 k\u00e4ytett\u00e4vist\u00e4 aineosista\/incisi\u00e4ll\u00f6ist\u00e4.<\/li>\n<li>tunnistat v\u00e4rik\u00e4sittelytuotteiden altistavat aineosat\u00a0<\/li>\n<\/ul>\n<p>TEHT\u00c4V\u00c4T:<\/p>\n<ol>\n<li>Tutustu netiss\u00e4 oleviin luotettaviin tietol\u00e4hteisiin joista l\u00f6ytyy tietoa hiusalan v\u00e4rik\u00e4sittelytuotteiden altisteista.<\/li>\n<li>Valitkaa kolmen\u00a0eri maahantuojan sarjasta;\u00a0\u00a0hapetev\u00e4rituote,suorav\u00e4rituote ja\u00a0v\u00e4rinpoistotuote.<\/li>\n<li>Tutustukaa tuotteiden incisis\u00e4lt\u00f6\u00f6n.Etsik\u00e4\u00e4 tuotteessa olevat mahdolliset altistavat aineosat.<\/li>\n<li>L\u00e4hett\u00e4k\u00e4\u00e4 tietonne oppimisalustaan\u00a0\u00a0ja mainitkaa:<\/li>\n<\/ol>\n<ul>\n<li>mik\u00e4 tuote on kyseess\u00e4, l\u00e4hett\u00e4k\u00e4\u00e4 my\u00f6s kuva tuotteesta<\/li>\n<li>mist\u00e4 sarjasta \/ maahantuoja<\/li>\n<li>tuotteen sis\u00e4lt\u00e4m\u00e4t altistavat ainesosat\n<\/li>\n<\/ul>\n<p>Tietoa incihakuun voit l\u00f6yt\u00e4\u00e4:<\/p>\n<p><a href=\"http:\/\/www.incihaku.fi\/\" target=\"_blank\">Incihaku<\/a><\/p>\n<p><a href=\"https:\/\/www.kosmetiikka-allergia.fi\/prime_15.aspx\" target=\"_blank\">Hiusv\u00e4rit ja parafenyleenidiamiiniallergia, Helsingin Allergia ja Astmayhdistys\u00a0<\/a><\/p>\n<p>Teemaa ty\u00f6stet\u00e4\u00e4n pienryhm\u00e4ss\u00e4 ja tietoa tuotetaan blogiin tiivistetyss\u00e4 muodossa.<\/p>\n<p>Muista mainita k\u00e4ytt\u00e4m\u00e4si l\u00e4hteet.\u00a0<\/p>\n<p>Teemaa 9\u00a0ty\u00f6st\u00e4v\u00e4 ryhm\u00e4 kommentoi teemaa 7 ty\u00f6st\u00e4v\u00e4n\u00a0ryhm\u00e4n ty\u00f6t\u00e4.<\/p>\n<p>\u00a0<\/p>\n<p><img loading=\"lazy\" decoding=\"async\" src=\"http:\/\/verkkovaria.fi\/kulttuuri\/varikasittelyt\/wp-content\/uploads\/2015\/02\/incihaku-300x169.png\" alt=\"incihaku\" width=\"300\" height=\"169\" \/><\/p>\n","protected":false},"excerpt":{"rendered":"<p>AMMATTITAITOVAATIMUS\u00a0 Ymm\u00e4rt\u00e4\u00e4 allergia k\u00e4sitteen ja tunnistaa v\u00e4rik\u00e4sittelytuotteiden altistavat aineosat. OPISKELIJA: osaat hakea tietoa hiusten v\u00e4rik\u00e4sittelyiss\u00e4 k\u00e4ytett\u00e4vist\u00e4 aineosista\/incisi\u00e4ll\u00f6ist\u00e4. tunnistat v\u00e4rik\u00e4sittelytuotteiden altistavat aineosat\u00a0 TEHT\u00c4V\u00c4T: Tutustu netiss\u00e4 oleviin luotettaviin tietol\u00e4hteisiin joista l\u00f6ytyy tietoa hiusalan v\u00e4rik\u00e4sittelytuotteiden altisteista. Valitkaa kolmen\u00a0eri maahantuojan sarjasta;\u00a0\u00a0hapetev\u00e4rituote,suorav\u00e4rituote ja\u00a0v\u00e4rinpoistotuote. Tutustukaa tuotteiden incisis\u00e4lt\u00f6\u00f6n.Etsik\u00e4\u00e4 tuotteessa olevat mahdolliset altistavat aineosat. L\u00e4hett\u00e4k\u00e4\u00e4 tietonne oppimisalustaan\u00a0\u00a0ja mainitkaa: mik\u00e4 tuote on kyseess\u00e4, l\u00e4hett\u00e4k\u00e4\u00e4 &hellip; <a href=\"https:\/\/verkkovaria.fi\/kulttuuri\/varikasittelyt\/teema-9\/\">Continued<\/a><\/p>\n","protected":false},"author":1,"featured_media":0,"parent":0,"menu_order":0,"comment_status":"closed","ping_status":"open","template":"","meta":{"footnotes":"","_links_to":"","_links_to_target":""},"class_list":["post-82","page","type-page","status-publish","hentry"],"_links":{"self":[{"href":"https:\/\/verkkovaria.fi\/kulttuuri\/varikasittelyt\/wp-json\/wp\/v2\/pages\/82","targetHints":{"allow":["GET"]}}],"collection":[{"href":"https:\/\/verkkovaria.fi\/kulttuuri\/varikasittelyt\/wp-json\/wp\/v2\/pages"}],"about":[{"href":"https:\/\/verkkovaria.fi\/kulttuuri\/varikasittelyt\/wp-json\/wp\/v2\/types\/page"}],"author":[{"embeddable":true,"href":"https:\/\/verkkovaria.fi\/kulttuuri\/varikasittelyt\/wp-json\/wp\/v2\/users\/1"}],"replies":[{"embeddable":true,"href":"https:\/\/verkkovaria.fi\/kulttuuri\/varikasittelyt\/wp-json\/wp\/v2\/comments?post=82"}],"version-history":[{"count":16,"href":"https:\/\/verkkovaria.fi\/kulttuuri\/varikasittelyt\/wp-json\/wp\/v2\/pages\/82\/revisions"}],"predecessor-version":[{"id":759,"href":"https:\/\/verkkovaria.fi\/kulttuuri\/varikasittelyt\/wp-json\/wp\/v2\/pages\/82\/revisions\/759"}],"wp:attachment":[{"href":"https:\/\/verkkovaria.fi\/kulttuuri\/varikasittelyt\/wp-json\/wp\/v2\/media?parent=82"}],"curies":[{"name":"wp","href":"https:\/\/api.w.org\/{rel}","templated":true}]}}