{"id":76,"date":"2015-02-09T14:06:18","date_gmt":"2015-02-09T14:06:18","guid":{"rendered":"http:\/\/verkkovaria.fi\/kulttuuri\/varikasittelyt\/?page_id=76"},"modified":"2016-06-16T11:33:23","modified_gmt":"2016-06-16T11:33:23","slug":"teema-8","status":"publish","type":"page","link":"https:\/\/verkkovaria.fi\/kulttuuri\/varikasittelyt\/teema-8\/","title":{"rendered":"TEEMA 8: TEKNOKEMIAN YHDISTYS"},"content":{"rendered":"<p>AMMATTITAITOVAATIMUS\u00a0<\/p>\n<ul>\n<li>Opiskelija havaitsee ja tunnistaa ty\u00f6h\u00f6ns\u00e4 liittyv\u00e4t vaarat ja ilmoittaa niist\u00e4.\n<\/li>\n<\/ul>\n<p>OPISKELIJA<\/p>\n<ul>\n<li>osaat soveltaa kuluttajaturvallisuuslakia v\u00e4rj\u00e4ysk\u00e4sittelypalveluissa<\/li>\n<li>osaat kertoa ennakkoon asiakkaalle palveluun liittyvist\u00e4 riskeist\u00e4 ja varmistaa, ett\u00e4 h\u00e4n on ne ymm\u00e4rt\u00e4nyt<\/li>\n<\/ul>\n<p>TEHT\u00c4V\u00c4T<\/p>\n<ol>\n<li>K\u00e4y tutustumassa teknokemian oppaaseen\u00a0<a href=\"http:\/\/www.teknokemia.fi\/document\/1\/123\/123c4f1\/TY_suositus_Hiusvareja_ei_ole_tarkoitettu_alle_16_vuotiaille.pdf\" target=\"_blank\">&#8221;T\u00c4T\u00c4 TUOTETTA EI OLE TARKOITETTU ALLE 16-VUOTIAILLE&#8221;<\/a><\/li>\n<li>Mist\u00e4 opas varoittaa ?<\/li>\n<li>Keskustele tuntevatko ty\u00f6el\u00e4m\u00e4n edustajat kyseist\u00e4 suositusta?<\/li>\n<li>Miten yrityksess\u00e4 toimitaan asiassa? Onko yrityksess\u00e4 yhteiset pelins\u00e4\u00e4nn\u00f6t vai noudattaako jokainen yritt\u00e4j\u00e4\/ty\u00f6ntekij\u00e4 suositusta\u00a0omalla tavallaan?<\/li>\n<li>Onko asia tullut koskaan palvelutilanteissa ajankohtaiseksi? Miten silloin on toimittu? Miten suosituksen mukaista asiakasturvallisuutta edist\u00e4v\u00e4\u00e4 toimintaa voitaisiin kehitt\u00e4\u00e4 ty\u00f6paikoilla?<\/li>\n<\/ol>\n<p>Pienryhm\u00e4 kommentoi teemaa 6\u00a0ty\u00f6st\u00e4v\u00e4n ryhm\u00e4n tuottamaa tietoa.<\/p>\n<p>\u00a0<\/p>\n<figure id=\"attachment_227\" aria-describedby=\"caption-attachment-227\" style=\"width: 386px\" class=\"wp-caption aligncenter\"><a href=\"http:\/\/www.teknokemia.fi\/document\/1\/123\/123c4f1\/TY_suositus_Hiusvareja_ei_ole_tarkoitettu_alle_16_vuotiaille.pdf\" target=\"_blank\"><img loading=\"lazy\" decoding=\"async\" src=\"http:\/\/verkkovaria.fi\/kulttuuri\/varikasittelyt\/wp-content\/uploads\/2015\/02\/ei-alle-16v-300x169.png\" alt=\"ei alle 16v\" width=\"386\" height=\"217\" \/><\/a><figcaption id=\"caption-attachment-227\" class=\"wp-caption-text\">http:\/\/www.teknokemia.fi\/document\/1\/123\/123c4f1\/TY_suositus_Hiusvareja_ei_ole_tarkoitettu_alle_16_vuotiaille.pdf<\/figcaption><\/figure>\n<p>HYVI\u00c4 LINKKEJ\u00c4:<\/p>\n<p><a href=\"http:\/\/www.teknokemia.fi\/document\/1\/93\/18d0721\/TY_n_suositus_Hiusvareja_ei_ole_tarkoitettu_alle_16_vuotiaille.pdf\" target=\"_blank\">Toimi v\u00e4rj\u00e4ystilanteessa aina n\u00e4in, Teknokemian yhdistys ry<\/a><\/p>\n<p><a href=\"http:\/\/www.teknokemia.fi\/document\/1\/110\/d046440\/Nain_kasittelet_hiusvareja_turvallisesti.pdf\" target=\"_blank\">N\u00e4in k\u00e4sittelet hiusv\u00e4rej\u00e4 turvallisesti &#8211; \u00a0pikaopas kampaajille, Teknokemian yhdistys ry<\/a><\/p>\n","protected":false},"excerpt":{"rendered":"<p>AMMATTITAITOVAATIMUS\u00a0 Opiskelija havaitsee ja tunnistaa ty\u00f6h\u00f6ns\u00e4 liittyv\u00e4t vaarat ja ilmoittaa niist\u00e4. OPISKELIJA osaat soveltaa kuluttajaturvallisuuslakia v\u00e4rj\u00e4ysk\u00e4sittelypalveluissa osaat kertoa ennakkoon asiakkaalle palveluun liittyvist\u00e4 riskeist\u00e4 ja varmistaa, ett\u00e4 h\u00e4n on ne ymm\u00e4rt\u00e4nyt TEHT\u00c4V\u00c4T K\u00e4y tutustumassa teknokemian oppaaseen\u00a0&#8221;T\u00c4T\u00c4 TUOTETTA EI OLE TARKOITETTU ALLE 16-VUOTIAILLE&#8221; Mist\u00e4 opas varoittaa ? Keskustele tuntevatko ty\u00f6el\u00e4m\u00e4n edustajat kyseist\u00e4 suositusta? Miten yrityksess\u00e4 toimitaan asiassa? &hellip; <a href=\"https:\/\/verkkovaria.fi\/kulttuuri\/varikasittelyt\/teema-8\/\">Continued<\/a><\/p>\n","protected":false},"author":1,"featured_media":0,"parent":0,"menu_order":0,"comment_status":"closed","ping_status":"open","template":"","meta":{"footnotes":"","_links_to":"","_links_to_target":""},"class_list":["post-76","page","type-page","status-publish","hentry"],"_links":{"self":[{"href":"https:\/\/verkkovaria.fi\/kulttuuri\/varikasittelyt\/wp-json\/wp\/v2\/pages\/76","targetHints":{"allow":["GET"]}}],"collection":[{"href":"https:\/\/verkkovaria.fi\/kulttuuri\/varikasittelyt\/wp-json\/wp\/v2\/pages"}],"about":[{"href":"https:\/\/verkkovaria.fi\/kulttuuri\/varikasittelyt\/wp-json\/wp\/v2\/types\/page"}],"author":[{"embeddable":true,"href":"https:\/\/verkkovaria.fi\/kulttuuri\/varikasittelyt\/wp-json\/wp\/v2\/users\/1"}],"replies":[{"embeddable":true,"href":"https:\/\/verkkovaria.fi\/kulttuuri\/varikasittelyt\/wp-json\/wp\/v2\/comments?post=76"}],"version-history":[{"count":21,"href":"https:\/\/verkkovaria.fi\/kulttuuri\/varikasittelyt\/wp-json\/wp\/v2\/pages\/76\/revisions"}],"predecessor-version":[{"id":758,"href":"https:\/\/verkkovaria.fi\/kulttuuri\/varikasittelyt\/wp-json\/wp\/v2\/pages\/76\/revisions\/758"}],"wp:attachment":[{"href":"https:\/\/verkkovaria.fi\/kulttuuri\/varikasittelyt\/wp-json\/wp\/v2\/media?parent=76"}],"curies":[{"name":"wp","href":"https:\/\/api.w.org\/{rel}","templated":true}]}}