{"id":73,"date":"2015-02-09T14:06:04","date_gmt":"2015-02-09T14:06:04","guid":{"rendered":"http:\/\/verkkovaria.fi\/kulttuuri\/varikasittelyt\/?page_id=73"},"modified":"2015-11-06T19:15:10","modified_gmt":"2015-11-06T19:15:10","slug":"teema-3","status":"publish","type":"page","link":"https:\/\/verkkovaria.fi\/kulttuuri\/varikasittelyt\/teema-3\/","title":{"rendered":"TEEMA 3: TUTUSTU TY\u00d6SS\u00c4OPPIMISPAIKAN V\u00c4RIK\u00c4SITTELYTUOTTEISIIN"},"content":{"rendered":"<p>AMMATTITAITOVAATIMUS<\/p>\n<ul>\n<li>Hallitsee ja osaa k\u00e4ytt\u00e4\u00e4 tarkoituksenmukaisesti \u00a0ja turvallisesti v\u00e4rj\u00e4ysk\u00e4sittelyyn tarvittavia tuotteita.\n<\/li>\n<\/ul>\n<p>OPISKELIJA:<\/p>\n<ul>\n<li>Osaat k\u00e4ytt\u00e4\u00e4 maahantuojan ohjeiden mukaisesti ty\u00f6ss\u00e4oppimispaikan v\u00e4rj\u00e4ysk\u00e4sittelytuotteita.<\/li>\n<li>Osaat valita ty\u00f6h\u00f6n soveltuvat tarkoituksenmukaisimmat\u00a0v\u00e4rj\u00e4ysk\u00e4sittelytuotteet ja perustella niiden\u00a0valinnan.<\/li>\n<\/ul>\n<p>TEHT\u00c4V\u00c4:<\/p>\n<ol>\n<li>Tutustu hapete \/suora\/ v\u00e4rinpoistotuotteisiin ja k\u00e4ytt\u00f6ohjeisiin.<\/li>\n<li>Kysy ty\u00f6paikkaohjaajaltasi miksi he ovat valinneet juuri yrityksess\u00e4 olevat v\u00e4rik\u00e4sittelytuotteet k\u00e4ytt\u00f6\u00f6ns\u00e4? Miksi he ovat tyytyv\u00e4isi\u00e4 tuotteeseen? Voiko tuotetta suositella ja miksi ja mihin tuote erityisesti sopii?\u00a0<\/li>\n<li>Valitse yksi kutakin v\u00e4rik\u00e4sittelytuotetta ja ota niist\u00e4 kuva yhdess\u00e4. L\u00e4het\u00e4 kuva ja liit\u00e4 l\u00e4hetykseesi tietoa kuvan tuotteista. Miten tuotetta k\u00e4ytet\u00e4\u00e4n?<\/li>\n<\/ol>\n<p>\u00a0<\/p>\n<figure id=\"attachment_220\" aria-describedby=\"caption-attachment-220\" style=\"width: 400px\" class=\"wp-caption alignnone\"><img loading=\"lazy\" decoding=\"async\" src=\"http:\/\/verkkovaria.fi\/kulttuuri\/varikasittelyt\/wp-content\/uploads\/2015\/02\/igora-300x175.jpg\" alt=\"igora\" width=\"400\" height=\"233\" \/><figcaption id=\"caption-attachment-220\" class=\"wp-caption-text\">V\u00e4rien k\u00e4sittely vetokaapissa. VARIA<\/figcaption><\/figure>\n","protected":false},"excerpt":{"rendered":"<p>AMMATTITAITOVAATIMUS Hallitsee ja osaa k\u00e4ytt\u00e4\u00e4 tarkoituksenmukaisesti \u00a0ja turvallisesti v\u00e4rj\u00e4ysk\u00e4sittelyyn tarvittavia tuotteita. OPISKELIJA: Osaat k\u00e4ytt\u00e4\u00e4 maahantuojan ohjeiden mukaisesti ty\u00f6ss\u00e4oppimispaikan v\u00e4rj\u00e4ysk\u00e4sittelytuotteita. Osaat valita ty\u00f6h\u00f6n soveltuvat tarkoituksenmukaisimmat\u00a0v\u00e4rj\u00e4ysk\u00e4sittelytuotteet ja perustella niiden\u00a0valinnan. TEHT\u00c4V\u00c4: Tutustu hapete \/suora\/ v\u00e4rinpoistotuotteisiin ja k\u00e4ytt\u00f6ohjeisiin. Kysy ty\u00f6paikkaohjaajaltasi miksi he ovat valinneet juuri yrityksess\u00e4 olevat v\u00e4rik\u00e4sittelytuotteet k\u00e4ytt\u00f6\u00f6ns\u00e4? Miksi he ovat tyytyv\u00e4isi\u00e4 tuotteeseen? Voiko tuotetta suositella ja miksi &hellip; <a href=\"https:\/\/verkkovaria.fi\/kulttuuri\/varikasittelyt\/teema-3\/\">Continued<\/a><\/p>\n","protected":false},"author":1,"featured_media":0,"parent":0,"menu_order":0,"comment_status":"closed","ping_status":"open","template":"","meta":{"footnotes":"","_links_to":"","_links_to_target":""},"class_list":["post-73","page","type-page","status-publish","hentry"],"_links":{"self":[{"href":"https:\/\/verkkovaria.fi\/kulttuuri\/varikasittelyt\/wp-json\/wp\/v2\/pages\/73","targetHints":{"allow":["GET"]}}],"collection":[{"href":"https:\/\/verkkovaria.fi\/kulttuuri\/varikasittelyt\/wp-json\/wp\/v2\/pages"}],"about":[{"href":"https:\/\/verkkovaria.fi\/kulttuuri\/varikasittelyt\/wp-json\/wp\/v2\/types\/page"}],"author":[{"embeddable":true,"href":"https:\/\/verkkovaria.fi\/kulttuuri\/varikasittelyt\/wp-json\/wp\/v2\/users\/1"}],"replies":[{"embeddable":true,"href":"https:\/\/verkkovaria.fi\/kulttuuri\/varikasittelyt\/wp-json\/wp\/v2\/comments?post=73"}],"version-history":[{"count":16,"href":"https:\/\/verkkovaria.fi\/kulttuuri\/varikasittelyt\/wp-json\/wp\/v2\/pages\/73\/revisions"}],"predecessor-version":[{"id":717,"href":"https:\/\/verkkovaria.fi\/kulttuuri\/varikasittelyt\/wp-json\/wp\/v2\/pages\/73\/revisions\/717"}],"wp:attachment":[{"href":"https:\/\/verkkovaria.fi\/kulttuuri\/varikasittelyt\/wp-json\/wp\/v2\/media?parent=73"}],"curies":[{"name":"wp","href":"https:\/\/api.w.org\/{rel}","templated":true}]}}