{"id":7,"date":"2014-10-27T12:54:49","date_gmt":"2014-10-27T12:54:49","guid":{"rendered":"http:\/\/verkkovaria.fi\/kulttuuri\/varikasittelyt\/?page_id=7"},"modified":"2016-06-16T09:29:14","modified_gmt":"2016-06-16T09:29:14","slug":"etusivu","status":"publish","type":"page","link":"https:\/\/verkkovaria.fi\/kulttuuri\/varikasittelyt\/","title":{"rendered":"V\u00c4RIK\u00c4SITTELYPALVELUJEN TURVALLINEN TUOTTAMINEN"},"content":{"rendered":"<p style=\"text-align: left;\"><strong>Tervetuloa opiskelemaan\u00a0V\u00e4rik\u00e4sittelypalvelujen turvallinen tuottaminen -verkko-oppimisymp\u00e4rist\u00f6\u00f6n<\/strong><\/p>\n<p style=\"text-align: left;\">V\u00e4rik\u00e4sittely on yksi parturi-kampaamoiden k\u00e4ytetyimmist\u00e4 palveluista.<\/p>\n<p style=\"text-align: left;\">Maahantuojat tarjoavat asiakkaille tee-se-itse-v\u00e4rj\u00e4yksiin soveltuvia v\u00e4rik\u00e4sittelytuotteita, mutta niiden myynti\u00e4 ei\u00a0kyet\u00e4 valvomaan eik\u00e4 ohjaamaan. Lis\u00e4\u00e4ntynyt v\u00e4rik\u00e4sittelytuotteiden k\u00e4ytt\u00f6 ja alan asiantuntijuuden puute aiheuttavat yh\u00e4 useammin altistus- ym. ongelmia.<\/p>\n<figure id=\"attachment_99\" aria-describedby=\"caption-attachment-99\" style=\"width: 264px\" class=\"wp-caption alignleft\"><img loading=\"lazy\" decoding=\"async\" src=\"http:\/\/verkkovaria.fi\/kulttuuri\/varikasittelyt\/wp-content\/uploads\/2014\/10\/asiakas-264x300.jpg\" alt=\"asiakas\" width=\"264\" height=\"300\" \/><figcaption id=\"caption-attachment-99\" class=\"wp-caption-text\">Christian asiakkaana<\/figcaption><\/figure>\n<p style=\"text-align: left;\">Onnistuneen v\u00e4rik\u00e4sittelypalvelun toteuttaminen\u00a0asiakkaalle vaatii asiantuntijalta laaja-alaista osaamista. Muodin ja muoto-opin tuntemuksen lis\u00e4ksi tarvitaan teknist\u00e4 osaamista, vuorovaikutustaitoja sek\u00e4 tuotteiden raaka-ainetietoutta. Edell\u00e4 mainittujen lis\u00e4ksi ammattilaisen tulee erityisesti tuntea v\u00e4rik\u00e4sittelypalvelun tuottamiseen liittyv\u00e4t terveys- ja turvallisuusn\u00e4k\u00f6kohdat.\u00a0<\/p>\n<p style=\"text-align: left;\">Verkkototeutuksen monipuolisten teemateht\u00e4vien\u00a01-10\u00a0avulla tutustut erityisesti turvalliseen ja vastuulliseen v\u00e4rik\u00e4sittelyn tuottamiseen asiakkaalle.<\/p>\n<p style=\"text-align: left;\">Opinnot on\u00a0ensisijaisesti tarkoitus suorittaa ty\u00f6ss\u00e4oppimisjaksolla, mutta ne sopivat my\u00f6s opiskelijoille, jotka ovat muuten kiinnostuneita opintojen aihesis\u00e4ll\u00f6ist\u00e4.\u00a0<\/p>\n<p style=\"text-align: left;\">P\u00e4\u00e4set tutustumaan opintoihin\u00a0siirtym\u00e4ll\u00e4<strong>\u00a0<\/strong>Opiskeluprosessi-sivulle.<\/p>\n","protected":false},"excerpt":{"rendered":"<p>Tervetuloa opiskelemaan\u00a0V\u00e4rik\u00e4sittelypalvelujen turvallinen tuottaminen -verkko-oppimisymp\u00e4rist\u00f6\u00f6n V\u00e4rik\u00e4sittely on yksi parturi-kampaamoiden k\u00e4ytetyimmist\u00e4 palveluista. Maahantuojat tarjoavat asiakkaille tee-se-itse-v\u00e4rj\u00e4yksiin soveltuvia v\u00e4rik\u00e4sittelytuotteita, mutta niiden myynti\u00e4 ei\u00a0kyet\u00e4 valvomaan eik\u00e4 ohjaamaan. Lis\u00e4\u00e4ntynyt v\u00e4rik\u00e4sittelytuotteiden k\u00e4ytt\u00f6 ja alan asiantuntijuuden puute aiheuttavat yh\u00e4 useammin altistus- ym. ongelmia. Onnistuneen v\u00e4rik\u00e4sittelypalvelun toteuttaminen\u00a0asiakkaalle vaatii asiantuntijalta laaja-alaista osaamista. Muodin ja muoto-opin tuntemuksen lis\u00e4ksi tarvitaan teknist\u00e4 osaamista, vuorovaikutustaitoja sek\u00e4 tuotteiden &hellip; <a href=\"https:\/\/verkkovaria.fi\/kulttuuri\/varikasittelyt\/\">Continued<\/a><\/p>\n","protected":false},"author":1,"featured_media":0,"parent":0,"menu_order":0,"comment_status":"closed","ping_status":"open","template":"frontpage.php","meta":{"footnotes":"","_links_to":"","_links_to_target":""},"class_list":["post-7","page","type-page","status-publish","hentry"],"_links":{"self":[{"href":"https:\/\/verkkovaria.fi\/kulttuuri\/varikasittelyt\/wp-json\/wp\/v2\/pages\/7","targetHints":{"allow":["GET"]}}],"collection":[{"href":"https:\/\/verkkovaria.fi\/kulttuuri\/varikasittelyt\/wp-json\/wp\/v2\/pages"}],"about":[{"href":"https:\/\/verkkovaria.fi\/kulttuuri\/varikasittelyt\/wp-json\/wp\/v2\/types\/page"}],"author":[{"embeddable":true,"href":"https:\/\/verkkovaria.fi\/kulttuuri\/varikasittelyt\/wp-json\/wp\/v2\/users\/1"}],"replies":[{"embeddable":true,"href":"https:\/\/verkkovaria.fi\/kulttuuri\/varikasittelyt\/wp-json\/wp\/v2\/comments?post=7"}],"version-history":[{"count":45,"href":"https:\/\/verkkovaria.fi\/kulttuuri\/varikasittelyt\/wp-json\/wp\/v2\/pages\/7\/revisions"}],"predecessor-version":[{"id":748,"href":"https:\/\/verkkovaria.fi\/kulttuuri\/varikasittelyt\/wp-json\/wp\/v2\/pages\/7\/revisions\/748"}],"wp:attachment":[{"href":"https:\/\/verkkovaria.fi\/kulttuuri\/varikasittelyt\/wp-json\/wp\/v2\/media?parent=7"}],"curies":[{"name":"wp","href":"https:\/\/api.w.org\/{rel}","templated":true}]}}