{"id":13,"date":"2014-10-27T13:09:45","date_gmt":"2014-10-27T13:09:45","guid":{"rendered":"http:\/\/verkkovaria.fi\/kulttuuri\/varikasittelyt\/?page_id=13"},"modified":"2016-06-16T09:34:17","modified_gmt":"2016-06-16T09:34:17","slug":"aloita-opiskelu","status":"publish","type":"page","link":"https:\/\/verkkovaria.fi\/kulttuuri\/varikasittelyt\/aloita-opiskelu\/","title":{"rendered":"OPISKELUPROSESSI"},"content":{"rendered":"<p><strong>TERVETULOA MUKAAN<br \/><\/strong><\/p>\n<p>Kun haluat opiskella V\u00e4rj\u00e4ysk\u00e4sittelyt-tutkinnonosan sis\u00e4lt\u00f6j\u00e4, ota yhteys vastaavaan opettajaan. Yhteystiedot ovat:<\/p>\n<p>Margit Ponkkonen-H\u00e4rk\u00f6nen<br \/>puh.\u00a0040-5164849<br \/>margit.ponkkonen-harkonen@eduvantaa.fi<\/p>\n<p>Voit my\u00f6s olla yhteydess\u00e4 opinto-ohjaajaan tai ryhm\u00e4nohjaajaan, jotka ohjaavat sinua opinnoissasi eteenp\u00e4in.<\/p>\n<p>1. Opinnot suoritetaan verkko-opiskeluna lukuunottamatta opintojen alussa olevaa kontaktitapaamista, jolloin tapaat ryhm\u00e4si ja opettajasi sek\u00e4 tutustut kurssin ty\u00f6tapoihin ja teht\u00e4v\u00e4teemoihin.\u00a0Ensimm\u00e4inen kontaktitapaaminen on \u00a0siis eritt\u00e4in t\u00e4rke\u00e4\u00e4.<\/p>\n<p>2. Teht\u00e4v\u00e4t l\u00f6yd\u00e4t teemateht\u00e4vist\u00e4 1-10.<\/p>\n<p>Osa teemojen teht\u00e4vist\u00e4 suoritetaan yksil\u00f6ty\u00f6n\u00e4 ja osa kahden tai kolmen hengen ryhmiss\u00e4. Etenet teemateht\u00e4vien ohjeiden mukaisesti.<\/p>\n<p>K\u00e4yt\u00e4 teemateht\u00e4viin vain vastuullisia l\u00e4hteit\u00e4.<\/p>\n<p>Teemateht\u00e4viin tarvitset my\u00f6s ty\u00f6ss\u00e4oppimisen ohjaajaa ja mahdollisuuksiesi mukaan my\u00f6s muita hiusalan ammattilaisia.<\/p>\n<p>Teemateht\u00e4v\u00e4t 6-10\u00a0ovat pienryhm\u00e4ss\u00e4 suoritettavia opintoja.\u00a0Pienryhm\u00e4t muodostetaan ensimm\u00e4isell\u00e4 kontaktitapaamisella. Pienryhm\u00e4t ty\u00f6st\u00e4v\u00e4t yhdess\u00e4 materiaalia valitsemastaan teemasta opettajan valitsemalle vuorovaikutteiselle oppimisalustalle.<\/p>\n<p>Pienryhm\u00e4teht\u00e4viss\u00e4 sinun odotetaan osallistuvan aktiivisesti niin tiedon ty\u00f6st\u00e4miseen kuin keskusteluihinkin.\u00a0<\/p>\n<p>Teemateht\u00e4v\u00e4t 1-5\u00a0suoritetaan yksil\u00f6ty\u00f6n\u00e4.<\/p>\n<p>Tutustu teemojen sis\u00e4lt\u00f6ihin ja teht\u00e4v\u00e4antoon. Hae verkosta tietoa.\u00a0Tuotat tietoa oppimisalustalle muiden kommentoitavaksi ja tiedoksi.<\/p>\n<p>3. Verkko-opintojen suorittamiseen\u00a0tarvitset tietokoneen, tabletin tai \u00e4lypuhelimen, jossa on Internet-yhteys.<\/p>\n<p>Verkkototeutus l\u00f6ytyy internetist\u00e4 Verkkovarian sivuilta (katso QR-koodi). QR-koodin avaamiseen\u00a0tarvitset QR-koodilukijan (ilmainen).\u00a0Tai voit menn\u00e4 sivustoon http:\/\/verkkovaria.fi\/kulttuuri\/varikasittelyt\/<\/p>\n<p>Huomaa, ett\u00e4 Verkkovariaan ei tuoteta materiaalia vaan se toimii ohjausalustana.<strong><br \/><\/strong><\/p>\n<p>4. Verkkovariaan ei tuoteta tietoa. Opettaja ohjaa opintojasi valitsemallaan oppimisalustalla, jonne teemojen tuottama tieto ty\u00f6stet\u00e4\u00e4n\u00a0yksin ja yhdess\u00e4.<\/p>\n<p>P\u00e4\u00e4set tutustumaan opintojen tutkinnonosaan ja arviointiin siirtym\u00e4ll\u00e4 Arviointi-sivulle.<\/p>\n<p>\u00a0<\/p>\n<p>\u00a0<\/p>\n<p>\u00a0<\/p>\n<p><img loading=\"lazy\" decoding=\"async\" src=\"http:\/\/verkkovaria.fi\/kulttuuri\/varikasittelyt\/wp-content\/uploads\/2014\/10\/OGO5604-300x240.jpg\" alt=\"_OGO5604\" width=\"150\" height=\"120\" \/><\/p>\n<p>\u00a0<\/p>\n<p>\u00a0<\/p>\n<p>\u00a0<\/p>\n<p>\u00a0<\/p>\n<p>\u00a0<\/p>\n<p>\u00a0<\/p>\n<p>\u00a0<\/p>\n<p><a href=\"http:\/\/verkkovaria.fi\/kulttuuri\/varikasittelyt\/wp-content\/uploads\/2015\/10\/pienryhm\u00e4teht\u00e4v\u00e4t.jpg\"><img loading=\"lazy\" decoding=\"async\" src=\"http:\/\/verkkovaria.fi\/kulttuuri\/varikasittelyt\/wp-content\/uploads\/2015\/10\/pienryhm\u00e4teht\u00e4v\u00e4t-300x169.jpg\" alt=\"pienryhm\u00e4teht\u00e4v\u00e4t\" width=\"400\" height=\"225\" \/><\/a><\/p>\n<p>\u00a0<\/p>\n<figure id=\"attachment_463\" aria-describedby=\"caption-attachment-463\" style=\"width: 300px\" class=\"wp-caption alignleft\"><a href=\"http:\/\/verkkovaria.fi\/kulttuuri\/varikasittelyt\/wp-content\/uploads\/2015\/09\/IMG_0344.jpg\"><img loading=\"lazy\" decoding=\"async\" src=\"http:\/\/verkkovaria.fi\/kulttuuri\/varikasittelyt\/wp-content\/uploads\/2015\/09\/IMG_0344-300x224.jpg\" alt=\"\" width=\"300\" height=\"224\" \/><\/a><figcaption id=\"caption-attachment-463\" class=\"wp-caption-text\">Pienryhm\u00e4ty\u00f6skentely\u00e4 Variassa<\/figcaption><\/figure>\n<p>\u00a0<\/p>\n<p>\u00a0<\/p>\n<\/p>\n<p><a href=\"http:\/\/verkkovaria.fi\/kulttuuri\/varikasittelyt\/wp-content\/uploads\/2015\/10\/yksil\u00f6teht\u00e4v\u00e4t.jpg\"><img loading=\"lazy\" decoding=\"async\" src=\"http:\/\/verkkovaria.fi\/kulttuuri\/varikasittelyt\/wp-content\/uploads\/2015\/10\/yksil\u00f6teht\u00e4v\u00e4t.jpg\" alt=\"yksil\u00f6teht\u00e4v\u00e4t\" width=\"400\" height=\"201\" \/><\/a><\/p>\n<p>\u00a0<\/p>\n<p>\u00a0<\/p>\n<p>\u00a0<\/p>\n<\/p>\n<figure id=\"attachment_117\" aria-describedby=\"caption-attachment-117\" style=\"width: 300px\" class=\"wp-caption alignleft\"><a href=\"http:\/\/verkkovaria.fi\/kulttuuri\/varikasittelyt\/wp-content\/uploads\/2014\/10\/qr-KOODI-OPISKELIJALLE-SIVUSTON-OSOITTEESEEN.png\"><img loading=\"lazy\" decoding=\"async\" src=\"http:\/\/verkkovaria.fi\/kulttuuri\/varikasittelyt\/wp-content\/uploads\/2014\/10\/qr-KOODI-OPISKELIJALLE-SIVUSTON-OSOITTEESEEN-300x300.png\" alt=\"qr-KOODI OPISKELIJALLE SIVUSTON OSOITTEESEEN\" width=\"300\" height=\"300\" \/><\/a><figcaption id=\"caption-attachment-117\" class=\"wp-caption-text\">QR-koodi Verkkovariaan<\/figcaption><\/figure>\n","protected":false},"excerpt":{"rendered":"<p>TERVETULOA MUKAAN Kun haluat opiskella V\u00e4rj\u00e4ysk\u00e4sittelyt-tutkinnonosan sis\u00e4lt\u00f6j\u00e4, ota yhteys vastaavaan opettajaan. Yhteystiedot ovat: Margit Ponkkonen-H\u00e4rk\u00f6nenpuh.\u00a0040-5164849margit.ponkkonen-harkonen@eduvantaa.fi Voit my\u00f6s olla yhteydess\u00e4 opinto-ohjaajaan tai ryhm\u00e4nohjaajaan, jotka ohjaavat sinua opinnoissasi eteenp\u00e4in. 1. Opinnot suoritetaan verkko-opiskeluna lukuunottamatta opintojen alussa olevaa kontaktitapaamista, jolloin tapaat ryhm\u00e4si ja opettajasi sek\u00e4 tutustut kurssin ty\u00f6tapoihin ja teht\u00e4v\u00e4teemoihin.\u00a0Ensimm\u00e4inen kontaktitapaaminen on \u00a0siis eritt\u00e4in t\u00e4rke\u00e4\u00e4. 2. Teht\u00e4v\u00e4t l\u00f6yd\u00e4t &hellip; <a href=\"https:\/\/verkkovaria.fi\/kulttuuri\/varikasittelyt\/aloita-opiskelu\/\">Continued<\/a><\/p>\n","protected":false},"author":1,"featured_media":0,"parent":0,"menu_order":0,"comment_status":"closed","ping_status":"closed","template":"","meta":{"footnotes":"","_links_to":"","_links_to_target":""},"class_list":["post-13","page","type-page","status-publish","hentry"],"_links":{"self":[{"href":"https:\/\/verkkovaria.fi\/kulttuuri\/varikasittelyt\/wp-json\/wp\/v2\/pages\/13","targetHints":{"allow":["GET"]}}],"collection":[{"href":"https:\/\/verkkovaria.fi\/kulttuuri\/varikasittelyt\/wp-json\/wp\/v2\/pages"}],"about":[{"href":"https:\/\/verkkovaria.fi\/kulttuuri\/varikasittelyt\/wp-json\/wp\/v2\/types\/page"}],"author":[{"embeddable":true,"href":"https:\/\/verkkovaria.fi\/kulttuuri\/varikasittelyt\/wp-json\/wp\/v2\/users\/1"}],"replies":[{"embeddable":true,"href":"https:\/\/verkkovaria.fi\/kulttuuri\/varikasittelyt\/wp-json\/wp\/v2\/comments?post=13"}],"version-history":[{"count":123,"href":"https:\/\/verkkovaria.fi\/kulttuuri\/varikasittelyt\/wp-json\/wp\/v2\/pages\/13\/revisions"}],"predecessor-version":[{"id":749,"href":"https:\/\/verkkovaria.fi\/kulttuuri\/varikasittelyt\/wp-json\/wp\/v2\/pages\/13\/revisions\/749"}],"wp:attachment":[{"href":"https:\/\/verkkovaria.fi\/kulttuuri\/varikasittelyt\/wp-json\/wp\/v2\/media?parent=13"}],"curies":[{"name":"wp","href":"https:\/\/api.w.org\/{rel}","templated":true}]}}